{"id":110,"date":"2025-09-15T16:35:00","date_gmt":"2025-09-15T15:35:00","guid":{"rendered":"https:\/\/konferencijos.lnb.lt\/acutus-et-argutus\/?page_id=110"},"modified":"2025-10-07T06:33:52","modified_gmt":"2025-10-07T05:33:52","slug":"program","status":"publish","type":"page","link":"https:\/\/konferencijos.lnb.lt\/acutus-et-argutus\/program\/","title":{"rendered":"Program"},"content":{"rendered":"<p class=\"has-medium-font-size\"><strong>Wednesday, 8 October<\/strong><\/p>\n<p><strong>08:00-08:45<\/strong> Registration (Atrium, 5th floor) \/ Networking Coffee (Leisure area, 5th floor)<br \/>\n<strong>08:45-09:00<\/strong> Opening of the Conference (Conference Room, 5th floor)<\/p>\n<p><strong>SESSION 1 <\/strong><\/p>\n<p><strong>09:00-09:30<br \/>\n<\/strong>Matas Grubliauskas (Vilnius University Library, Lithuania)<br \/>\n<a href=\"https:\/\/konferencijos.lnb.lt\/acutus-et-argutus\/abstracts\/shaping-words-and-images-poesis-artificiosa-in-the-polish-lithuanian-baroque\/\"><strong>Shaping Words and Images: Poesis Artificiosa in the Polish-Lithuanian Baroque<\/strong><\/a><\/p>\n<p><strong>09:30-10:00<br \/>\n<\/strong>Beata Pa\u0161kevica (National Library of Latvia, Latvia)<br \/>\n<a href=\"https:\/\/konferencijos.lnb.lt\/acutus-et-argutus\/abstracts\/johann-fischers-publishing-activities-in-riga-as-a-pietistic-programme-at-the-end-of-the-17th-century\/\"><strong>Johann Fischer&#8217;s Publishing Activities in Riga as a Pietistic P<\/strong><strong>rogramme <\/strong><strong>at the End of the 17th Century<\/strong><\/a><\/p>\n<p><strong>10:00-10:30<br \/>\n<\/strong>Agnieszka Franczyk-Ceg\u0142a (The Ossolineum National Library, Poland)<br \/>\n<a href=\"https:\/\/konferencijos.lnb.lt\/acutus-et-argutus\/abstracts\/baroque-elements-in-cracow-17th-century-typography\/\"><strong>Baroque Elements in Cracow 17th-Century Typography<\/strong><\/a><\/p>\n<p><strong>10:30-11:00<br \/>\n<\/strong>Milda Kvizikevi\u010di\u016bt\u0117 (National Museum of Lithuania, Martynas Ma\u017evydas National Library of Lithuania, Lithuania)<br \/>\n<a href=\"https:\/\/konferencijos.lnb.lt\/acutus-et-argutus\/abstracts\/no-pity-shown-lithuanian-protestant-suffering-in-the-martyrological-imagination\/\"><strong>No Pity Shown: Lithuanian Protestant Suffering in the Martyrological Imagination<\/strong><\/a><\/p>\n<p><strong>11:00-11:30 <\/strong>Networking Coffee (Leisure area, 5th floor)<\/p>\n<p><strong>SESSION 2<\/strong><\/p>\n<p><strong>11:30-12:00<br \/>\n<\/strong>Oleksandr Okhrimenko (University of Birmingham, United Kingdom)<br \/>\n<a href=\"https:\/\/konferencijos.lnb.lt\/acutus-et-argutus\/abstracts\/livonica-in-daniel-saltheniuss-book-collection-taxonomy-circulation-and-ideological-frameworks-in-the-baltic-region-print-culture\/\"><strong>Livonica in Daniel Salthenius&#8217;s Book Collection: Taxonomy, Circulation and Ideological Frameworks in the Baltic Region Print Culture<\/strong><\/a><\/p>\n<p><strong>12:00-12:30<br \/>\n<\/strong>Sophie Turner\u00a0 (Estonian Academy of Arts, Estonia)<br \/>\n<a href=\"https:\/\/konferencijos.lnb.lt\/acutus-et-argutus\/abstracts\/framing-ideas-french-rococo-typography-and-the-enlightenment-in-the-baltic-context\/\"><strong>Framing Ideas: French Rococo, Typography, and the Enlightenment in the Baltic Context<\/strong><\/a><\/p>\n<p><strong>12:30-13:00<br \/>\n<\/strong>Stefano Gulizia (Ca&#8217; Foscari University, Italy)<br \/>\n<a href=\"https:\/\/konferencijos.lnb.lt\/acutus-et-argutus\/abstracts\/book-collecting-in-the-baltic-region-luthers-enchiridion-in-swedish-vilnius-1591-and-its-german-reception\/\"><strong>Book Collecting in the Baltic Region: Luther\u2019s Enchiridion in Swedish (Vilnius 1591) and its German Reception<\/strong><\/a><\/p>\n<p><strong>13:00-14:30 <\/strong>Lunch Break<\/p>\n<p><strong>SESSION 3 <\/strong><\/p>\n<p><strong>14:30-15:00<br \/>\n<\/strong>Richard \u0160\u00edpek (National Museum Library, Czech Republic)<br \/>\n<a href=\"https:\/\/konferencijos.lnb.lt\/acutus-et-argutus\/abstracts\/natus-sum-vratislaviae-veni-regiomontem-diary-notes-of-andreas-aurifaber-physician-to-duke-albert-of-hohenzollern\/\"><strong>&#8220;Natus sum Vratislaviae &#8230; Veni Regiomontem&#8221;: Diary Notes of Andreas Aurifaber, Physician to Duke Albert of Hohenzollern<\/strong><\/a><\/p>\n<p><strong>\u00a0<\/strong><strong>15:00-15:30<br \/>\n<\/strong>Chloe Akers-Brewer (University of St Andrews, United Kingdom)<br \/>\n<a href=\"https:\/\/konferencijos.lnb.lt\/acutus-et-argutus\/abstracts\/wit-wordplay-and-wine-printing-for-name-day-celebrations-in-early-modern-europe\/\"><strong>Wit, Wordplay and Wine: Printing for Name Day Celebrations in Early Modern Europe<\/strong><\/a><\/p>\n<p><strong>15:30-16:00<br \/>\n<\/strong>Diogo Lemos (University of Coimbra, Centre for the History of Society and Culture, Portugal)<br \/>\n<a href=\"https:\/\/konferencijos.lnb.lt\/acutus-et-argutus\/abstracts\/visual-networks-in-motion-print-patronage-and-power-under-the-reign-of-john-v-of-portugal-1707-1750\/\"><strong>Visual Networks in Motion: Print, Patronage and Power under the Reign of John V of Portugal (1707\u20131750)<\/strong><\/a><\/p>\n<p><strong>16:00-16:30<br \/>\n<\/strong>Androniki Dialeti (University of Thessaly, Greece)<br \/>\n<a href=\"https:\/\/konferencijos.lnb.lt\/acutus-et-argutus\/abstracts\/committing-our-lives-to-the-service-of-humanity-aldus-manutius-and-the-self-fashioning-of-the-publisher-as-a-humanist-in-renaissance-venice\/\"><strong>\u00abCommitting our Lives to the Service of Humanity\u00bb: Aldus Manutius and the Self-fashioning of the Publisher as a Humanist in Renaissance Venice<\/strong><\/a><\/p>\n<p><strong>17:15-18:00 <\/strong>Guided Tour in the exhibition for conference speakers <a href=\"https:\/\/biblioteka.vu.lt\/en\/events\/2458-exhibition-on-two-baroque-stars-or-sarbievius-and-the-artistic-poetry\">\u201cOn Two Baroque Stars, or Sarbievius and the Artistic Poetry\u201d<\/a> (Vilnius University Library, Universiteto street 3, Vilnius)<\/p>\n<p><strong>18:15<\/strong> Dinner for conference speakers<\/p>\n<p class=\"has-medium-font-size\"><strong>Thursday, 9 October<\/strong><\/p>\n<p><strong>\u00a0<\/strong><strong>08:30-09:00 <\/strong>Registration (Atrium, 5th floor) \/ Networking Coffee (Leisure area, 5th floor)<\/p>\n<p><strong>SESSION 4<br \/>\n<\/strong><\/p>\n<p><strong>09:00-09:30<br \/>\n<\/strong>Karine Durin (University of Nantes, France)<br \/>\n<a href=\"https:\/\/konferencijos.lnb.lt\/acutus-et-argutus\/program\/\"><strong>From argutia to agudeza. In Search of the Spanish Readers of De acuto et arguto<\/strong><\/a><\/p>\n<p><strong>09:30-10:00<br \/>\n<\/strong>Clo\u00e9 Boucon (University Lumi\u00e8re, Lyon, Centre Gabriel Naud\u00e9 (ENSSIB), France)<br \/>\n<a href=\"https:\/\/konferencijos.lnb.lt\/acutus-et-argutus\/abstracts\/the-phalsbourg-genizah-a-reserve-of-germanic-hebrew-books\/\"><strong>The Phalsbourg genizah, a reserve of germanic Hebrew books?<\/strong><\/a><\/p>\n<p><strong>10:00-10:30<br \/>\n<\/strong>Simona Inserra (University of Catania, Italy)<br \/>\n<a href=\"https:\/\/konferencijos.lnb.lt\/acutus-et-argutus\/abstracts\/the-library-destiny-of-some-secretis-imprints-between-16th-and-17th-century-italy\/\"><strong>The library destiny of some Secreti\u2019s imprints between 16th and 17th century Italy<\/strong><\/a><\/p>\n<p><strong>10:30-11:00<br \/>\n<\/strong>Jolanda Lila (Albanian University, Albania)<br \/>\n<a href=\"https:\/\/konferencijos.lnb.lt\/acutus-et-argutus\/abstracts\/a-vernacular-voice-in-exile-jul-variboba-and-the-arberesh-print-culture-of-the-18th-century\/\"><strong>A Vernacular Voice in Exile: Jul Variboba and the Arb\u00ebresh Print Culture of the 18th Century<\/strong><\/a><\/p>\n<p><strong>11:00-11:30 <\/strong>Networking Coffee(Leisure area, 5th floor)<\/p>\n<p><strong>SESSION 5<\/strong><\/p>\n<p><strong>11:30-12:00<br \/>\n<\/strong>Theodora Rontzova; Zo\u00eb Vandenhende (KU Leuven, Belgium)<br \/>\n<a href=\"https:\/\/konferencijos.lnb.lt\/acutus-et-argutus\/abstracts\/acutus-virtualis-printed-bodies-virtual-worlds-revisiting-de-humani-corporis-fabrica-of-andreas-vesalius-in-vr\/\"><strong>ACUTUS VIRTUALIS: Printed Bodies, Virtual Worlds. Revisiting\u00a0<em> De Humani Corporis Fabrica<\/em> of Andreas Vesalius in VR.<\/strong><\/a><\/p>\n<p><strong>12:00-12:30<br \/>\n<\/strong>Marie-Luce Demonet (University of Tours, France)<br \/>\n<a href=\"https:\/\/konferencijos.lnb.lt\/acutus-et-argutus\/abstracts\/how-to-trace-missing-slips-paper-and-glue-in-the-bordeaux-copy-of-montaignes-essais-1588-1592\/\"><strong>How to Trace Missing Slips: Paper and Glue in the Bordeaux Copy of Montaigne\u2019s Essais (1588-1592)<\/strong><\/a><\/p>\n<p><strong>12:30-13:00<br \/>\n<\/strong>T\u00edmea N. Kis (University of Tokaj, Hungary)<br \/>\n<a href=\"https:\/\/konferencijos.lnb.lt\/acutus-et-argutus\/abstracts\/rethinking-of-a-book-martin-boregks-behmische-chronica-and-its-unprecedented-engravings\/\"><strong>Rethinking of a Book: Martin Boregk\u2018s Behmische Chronica and Its Unprecedented Engravings<\/strong><\/a><\/p>\n<p><strong>13:00-13:30<br \/>\n<\/strong>Taisiya Leber (Gutenberg University of Mainz, Germany)<br \/>\n<a href=\"https:\/\/konferencijos.lnb.lt\/acutus-et-argutus\/abstracts\/making-byzantine-orthodox-canon-law-great-again-in-early-modern-south-eastern-and-eastern-europe\/\"><strong>Making Byzantine Orthodox Canon Law Great Again in Early Modern South-Eastern and Eastern Europe<\/strong><\/a><\/p>\n<p><strong>13:30-15:00<\/strong> Lunch Break<\/p>\n<p><strong>SESSION 6<\/strong><\/p>\n<p><strong>15:00-15:30<br \/>\n<\/strong>Hermina G.B. Anghelescu (School of Information Sciences, Wayne State University Detroit, United States of America)<br \/>\n<a href=\"https:\/\/konferencijos.lnb.lt\/acutus-et-argutus\/abstracts\/early-printing-in-the-three-romanian-principalities\/\"><strong>Early Printing in the Three Romanian Principalities<\/strong><\/a><\/p>\n<p><strong>15:30-16:00<br \/>\n<\/strong>Silvia-Adriana Tomescu (The National University of Political Studies and Public Administration, Romania)<br \/>\n<a href=\"https:\/\/konferencijos.lnb.lt\/acutus-et-argutus\/abstracts\/the-grammar-of-memory-cultural-ontologies-for-romanian-printings-from-the-16th-17th-centuries\/\"><strong>The Grammar of Memory: Cultural Ontologies for Romanian Printings from the 16th-17th Centuries<\/strong><\/a><\/p>\n<p><strong>16:00-16:30<br \/>\n<\/strong>Rafa\u0142 W\u00f3jcik (Adam Mickiewicz University, University Library, Poland)<br \/>\n<a href=\"https:\/\/konferencijos.lnb.lt\/acutus-et-argutus\/abstracts\/the-jesuit-printing-house-in-poznan-1677-1773-typographic-equipment-and-aesthetic-strategies\/\"><strong>The Jesuit Printing House in Pozna\u0144 (1677-1773): Typographic Equipment and Aesthetic Strategies<\/strong><\/a><\/p>\n<p><strong>16:30-17:00<br \/>\n<\/strong>Miroslava Sol\u00e1rikov\u00e1 (Slovak National Library, Slovakia)<br \/>\n<a href=\"https:\/\/konferencijos.lnb.lt\/acutus-et-argutus\/abstracts\/parva-schola-slovak-literary-baroque-based-on-educational-texts\/\"><strong>Parva Schola &#8211; Slovak Literary Baroque Based on Educational Texts<\/strong><\/a><\/p>\n<p><strong>17:15-18:00<br \/>\n<\/strong>Guided tour in the exhibition for conference speakers <a href=\"https:\/\/www.lnb.lt\/en\/news\/13410-exhibition-yivo-centennial-origins-journey-legacy\">\u201cYIVO Centennial: Origins, Journey, Legacy\u201d<\/a> (Martynas Ma\u017evydas National Library of Lithuania, Gedimino Avenue 51, Exhibition hall, 3rd floor)<\/p>\n<p class=\"has-medium-font-size\"><strong>Friday, 10 October<\/strong><\/p>\n<p><strong>08:30-09:00 <\/strong>Registration \/ Networking Coffee (Old Arsenal, Arsenalo street 3, Vilnius, Event Hall, 2nd floor)<\/p>\n<p><strong>SESSION 7<\/strong><\/p>\n<p><strong>09:00-09:30<br \/>\n<\/strong>Stanislava Knap\u010dokov\u00e1 (Slovak National Library, Slovakia)<br \/>\n<a href=\"https:\/\/konferencijos.lnb.lt\/acutus-et-argutus\/abstracts\/research-in-the-field-of-historical-library-documents-at-the-slovak-national-library\/\"><strong>Research in the Field of Historical Library Documents at the Slovak National Library<\/strong><\/a><\/p>\n<p><strong>09:30-10:00<br \/>\n<\/strong>Brigita Zorkien\u0117 (Vilnius University Library, Lithuania)<br \/>\n<a href=\"https:\/\/konferencijos.lnb.lt\/acutus-et-argutus\/abstracts\/the-art-of-persuasion-jesuit-print-and-image-from-the-collections-of-vilnius-university-library\/\"><strong>The Art of Persuasion: Jesuit Print and Image (from the Collections of Vilnius University Library)<\/strong><\/a><\/p>\n<p><strong>10:00-10:30<br \/>\n<\/strong>Nailya Shamgunova (University of East Anglia, United Kingdom)<br \/>\n<a href=\"https:\/\/konferencijos.lnb.lt\/acutus-et-argutus\/abstracts\/english-and-scottish-travellers-at-the-global-library-c-1600-1700\/\"><strong>English and Scottish Travellers at the Global Library, c. 1600-1700<\/strong><\/a><\/p>\n<p><strong>10:30-11:00<br \/>\n<\/strong>Rita Urbaityt\u0117 (Kaunas County Public \u0104\u017euolynas Library, Lithuania)<br \/>\n<a href=\"https:\/\/konferencijos.lnb.lt\/acutus-et-argutus\/abstracts\/sharp-and-accurate-look-at-books-from-the-baroque-age-in-kaunas-libraries-and-museums\/\"><strong>Sharp and accurate look at books from the Baroque age in Kaunas libraries and museums<\/strong><\/a><\/p>\n<p><strong>11:00-11:30 <\/strong>Networking Coffee<\/p>\n<p><strong>SESSION 8<\/strong><\/p>\n<p><strong>11:30-12:00<br \/>\n<\/strong>Adam Perzy\u0144ski (University of Warsaw, Poland)<br \/>\n<a href=\"https:\/\/konferencijos.lnb.lt\/acutus-et-argutus\/abstracts\/why-did-radziwill-the-orphan-need-an-engraver-strategies-of-acquiring-engravings-around-1600-in-the-polish-lithuanian-commonwealth\/\"><strong>Why Did Radziwi\u0142\u0142 &#8220;the Orphan&#8221; Need an Engraver? Strategies of Acquiring Engravings Around 1600 in the Polish-Lithuanian Commonwealth<\/strong><\/a><\/p>\n<p><strong>12:00-12:30<br \/>\n<\/strong>Dorota Sidorowicz-Mulak (Ossolineum National Institute, Ossolineum National Library, Poland\u00a0 )<br \/>\n<strong><a href=\"https:\/\/konferencijos.lnb.lt\/acutus-et-argutus\/abstracts\/early-printed-book-from-nyasvizh-nieswiez-de-sanctis-angelis-libellus-by-tomasz-makowski-1609-in-the-collection-of-the-ossolinski-national-institute\/\">Early Printed Book from Nyasvizh\/Nie\u015bwie\u017c \u2013 De sanctis angelis libellus by Tomasz Makowski (1609) in the collection of the Ossoli\u0144ski National Institute<\/a><br \/>\n<\/strong><\/p>\n<p><strong>12:30-13:00<br \/>\n<\/strong>Povilas Mikalauskas (Vytautas Magnus university, Lithuania)<br \/>\n<a href=\"https:\/\/konferencijos.lnb.lt\/acutus-et-argutus\/abstracts\/lithuania-in-the-first-german-newspapers-of-saxony-in-the-17th-century\/\"><strong>Lithuania in the First German Newspapers of Saxony in the 17th Century<\/strong><\/a><\/p>\n<p><strong>13:00-13:30<br \/>\n<\/strong>Pawe\u0142 Pietrowcew (University of St Andrews, United Kingdom)<br \/>\n<a href=\"https:\/\/konferencijos.lnb.lt\/acutus-et-argutus\/abstracts\/dissemination-of-official-publications-in-the-kingdom-of-poland-late-16th-and-early-17th-centuries\/\"><strong>Dissemination of Official Publications in the Kingdom of Poland, Late 16th and Early 17th Centuries<\/strong><\/a><\/p>\n<p><strong>13:30-15:00<\/strong> Lunch Break<\/p>\n<p><strong>15:00-16:00 <\/strong>Guided tour with curator in the international exhibition for conference speakers <a href=\"https:\/\/lnm.lt\/en\/events\/international-exhibition-queens-realms-and-emotions\/\" target=\"_blank\" rel=\"noopener\">&#8220;Queens, Realms, and Emotions&#8221;<\/a> (House of Histories, T. Kosciu\u0161kos Street 3, Vilnius)<br \/>\n<strong>15:00-16:00<\/strong> <span class=\"TextRun SCXW114686487 BCX0\" lang=\"LT-LT\" xml:lang=\"LT-LT\" data-contrast=\"auto\"><span class=\"NormalTextRun SpellingErrorV2Themed SCXW114686487 BCX0\">Guided<\/span><span class=\"NormalTextRun SCXW114686487 BCX0\">\u00a0<\/span><span class=\"NormalTextRun SpellingErrorV2Themed SCXW114686487 BCX0\">tour<\/span><span class=\"NormalTextRun SCXW114686487 BCX0\">\u00a0<\/span><span class=\"NormalTextRun SpellingErrorV2Themed SCXW114686487 BCX0\">in<\/span><span class=\"NormalTextRun SCXW114686487 BCX0\">\u00a0<\/span><span class=\"NormalTextRun SpellingErrorV2Themed SCXW114686487 BCX0\">the<\/span><span class=\"NormalTextRun SCXW114686487 BCX0\">\u00a0<\/span><span class=\"NormalTextRun SpellingErrorV2Themed SCXW114686487 BCX0\">exposition<\/span><span class=\"NormalTextRun SCXW114686487 BCX0\">\u00a0<\/span><span class=\"NormalTextRun SpellingErrorV2Themed SCXW114686487 BCX0\">for<\/span><span class=\"NormalTextRun SCXW114686487 BCX0\">\u00a0<\/span><span class=\"NormalTextRun SpellingErrorV2Themed SCXW114686487 BCX0\">conference<\/span><span class=\"NormalTextRun SCXW114686487 BCX0\">\u00a0<\/span><span class=\"NormalTextRun SpellingErrorV2Themed SCXW114686487 BCX0\">speakers<\/span><span class=\"NormalTextRun SCXW114686487 BCX0\">\u00a0\u201c<\/span><a href=\"https:\/\/lnm.lt\/en\/events\/exposition-understanding-lithuania\/\" target=\"_blank\" rel=\"noopener\"><span class=\"NormalTextRun SpellingErrorV2Themed SCXW114686487 BCX0\">Understanding Lithuania<\/span><\/a><span class=\"NormalTextRun SCXW114686487 BCX0\">\u201d<\/span><span class=\"NormalTextRun SCXW114686487 BCX0\">\u00a0(<\/span><span class=\"NormalTextRun SpellingErrorV2Themed SCXW114686487 BCX0\">Castellan\u2019s<\/span><span class=\"NormalTextRun SCXW114686487 BCX0\">\u00a0<\/span><span class=\"NormalTextRun SpellingErrorV2Themed SCXW114686487 BCX0\">House<\/span><span class=\"NormalTextRun SCXW114686487 BCX0\">, Arsenalo\u00a0<\/span><span class=\"NormalTextRun SpellingErrorV2Themed SCXW114686487 BCX0\">Street<\/span><span class=\"NormalTextRun SCXW114686487 BCX0\">\u00a01, Vilnius)<\/span><\/span><span class=\"EOP SCXW114686487 BCX0\" data-ccp-props=\"{}\">\u00a0<\/span><\/p>\n","protected":false},"excerpt":{"rendered":"<p>Wednesday, 8 October 08:00-08:45 Registration (Atrium, 5th floor) \/ Networking Coffee (Leisure area, 5th floor) 08:45-09:00 Opening of the Conference (Conference Room, 5th floor) SESSION 1 09:00-09:30 Matas Grubliauskas (Vilnius University Library, Lithuania) Shaping Words and Images: Poesis Artificiosa in the Polish-Lithuanian Baroque 09:30-10:00 Beata Pa\u0161kevica (National Library of Latvia, Latvia) Johann Fischer&#8217;s Publishing Activities&#8230;<\/p>\n","protected":false},"author":1,"featured_media":0,"parent":0,"menu_order":0,"comment_status":"closed","ping_status":"closed","template":"","meta":{"inline_featured_image":false,"footnotes":""},"class_list":["post-110","page","type-page","status-publish","hentry"],"_links":{"self":[{"href":"https:\/\/konferencijos.lnb.lt\/acutus-et-argutus\/wp-json\/wp\/v2\/pages\/110","targetHints":{"allow":["GET"]}}],"collection":[{"href":"https:\/\/konferencijos.lnb.lt\/acutus-et-argutus\/wp-json\/wp\/v2\/pages"}],"about":[{"href":"https:\/\/konferencijos.lnb.lt\/acutus-et-argutus\/wp-json\/wp\/v2\/types\/page"}],"author":[{"embeddable":true,"href":"https:\/\/konferencijos.lnb.lt\/acutus-et-argutus\/wp-json\/wp\/v2\/users\/1"}],"replies":[{"embeddable":true,"href":"https:\/\/konferencijos.lnb.lt\/acutus-et-argutus\/wp-json\/wp\/v2\/comments?post=110"}],"version-history":[{"count":12,"href":"https:\/\/konferencijos.lnb.lt\/acutus-et-argutus\/wp-json\/wp\/v2\/pages\/110\/revisions"}],"predecessor-version":[{"id":230,"href":"https:\/\/konferencijos.lnb.lt\/acutus-et-argutus\/wp-json\/wp\/v2\/pages\/110\/revisions\/230"}],"wp:attachment":[{"href":"https:\/\/konferencijos.lnb.lt\/acutus-et-argutus\/wp-json\/wp\/v2\/media?parent=110"}],"curies":[{"name":"wp","href":"https:\/\/api.w.org\/{rel}","templated":true}]}}