{"id":197,"date":"2025-09-15T17:18:29","date_gmt":"2025-09-15T16:18:29","guid":{"rendered":"https:\/\/konferencijos.lnb.lt\/acutus-et-argutus\/?page_id=197"},"modified":"2025-09-17T08:52:41","modified_gmt":"2025-09-17T07:52:41","slug":"practical-information","status":"publish","type":"page","link":"https:\/\/konferencijos.lnb.lt\/acutus-et-argutus\/practical-information\/","title":{"rendered":"Practical information"},"content":{"rendered":"<p><strong>Conference Venues<\/strong><\/p>\n<p>The first two days of conference will take place at the Martynas Ma\u017evydas National Library of Lithuania (Gedimino pr. 51, Vilnius).<br \/>\nConference hall, 5th floor, 501 room<br \/>\nYou can go up by taking stairs or elevator.<br \/>\nFind it on <a href=\"https:\/\/maps.app.goo.gl\/QyEjAiRhvqqUwUTj8\" target=\"_blank\" rel=\"noopener\">Google maps<\/a> or <a href=\"https:\/\/maps.apple.com\/place?address=Gedimino%20pr.%2051,%20Vilnius,%20LT-01109%20Vilnius,%20Lithuania&amp;coordinate=54.691123,25.263759&amp;name=National%20Library&amp;place-id=I99ACA9436C8F70BE&amp;map=h\" target=\"_blank\" rel=\"noopener\">Apple maps<\/a><\/p>\n<p>Third day will take place in the National Museum of Lithuania, Old Arsenal (Arsenalo st. 1, Vilnius)<br \/>\nIn the conference room on the second floor, it is accessible only by stairs.<br \/>\nFind it on <a href=\"https:\/\/maps.app.goo.gl\/a6mZVE6Wi8oW5Qnv8\">Google maps<\/a> or <a href=\"https:\/\/maps.apple.com\/place?address=Arsenalo%20g.%203,%20Vilnius,%20LT-01143%20Vilnius,%20Lithuania&amp;coordinate=54.688152,25.291375&amp;name=Old%20Arsenal&amp;place-id=ID70E9C1DF43C36EB&amp;map=h\">Apple maps<\/a><\/p>\n<p>Dinner (not covered by the organizers)<br \/>\nLa Boheme (\u0160v. Ignoto str.4, Vilnius)<br \/>\nFind it on <a href=\"https:\/\/share.google\/uLcSwJCUdUdxA5mxF\">Google maps<\/a> or <a href=\"https:\/\/maps.apple.com\/place?address=%C5%A0v.%20Ignoto%20g.%204,%20Vilnius,%20LT-01144%20Vilnius,%20Lithuania&amp;coordinate=54.682567,25.280750&amp;name=La%20Boh%C3%A8me&amp;place-id=ID4099268820CB1A6&amp;map=h\">Apple maps<\/a><\/p>\n<p><!--more--><\/p>\n<hr \/>\n<p><strong>Getting to Vilnius City Centre<\/strong><\/p>\n<p><strong>A) BY PUBLIC TRANSPORT<\/strong><\/p>\n<p><strong>Airport \u2013 City Center Buses<\/strong>:<\/p>\n<ul>\n<li><strong>88\u00a0<\/strong>\u2013 Airport \u2013 Centre \u2013 Europa Square;<\/li>\n<li><strong>1<\/strong>\u2013 Airport \u2013 Viking St. \u2013 Station;<\/li>\n<li><strong>2<\/strong>\u2013 Airport\u2013 Viking St. \u2013 Liepkalnio g. \u2013 Station;<\/li>\n<li><strong>3G (express)\u00a0<\/strong>\u2013 Airport \u2013 Centre \u2013 Fabijoni\u0161k\u0117s;<\/li>\n<li><strong>88N (night bus)\u00a0<\/strong>\u2013 Airport \u2013 Centre \u2013 Europa Square.<\/li>\n<\/ul>\n<p><strong>Train\/Bus Station \u2013 City Center Buses:<\/strong><\/p>\n<ul>\n<li><strong>1G (express)<\/strong>\u2013 Station \u2013 Centre \u2013 Santari\u0161k\u0117s;<\/li>\n<li><strong>53\u00a0<\/strong>\u2013 Station \u2013 Centre \u2013 Fabjoni\u0161k\u0117s.<\/li>\n<\/ul>\n<p><strong>Train\/Bus Station \u2013 City Center Trolleybuses:<\/strong><\/p>\n<ul>\n<li><strong>1\u00a0<\/strong>\u2013 Station \u2013 Centre \u2013 Karolini\u0161k\u0117s;<\/li>\n<li><strong>2<\/strong>\u2013 Station \u2013 Centre \u2013 Saul\u0117tekis;<\/li>\n<li><strong>7\u00a0<\/strong>\u2013 Station \u2013 Cenrte\u2013 Pa\u0161ilai\u010diai;<\/li>\n<li><strong>20<\/strong>\u2013 Station \u2013 Centre \u2013 \u017dirm\u016bnai.<\/li>\n<\/ul>\n<hr \/>\n<p><strong>Ticket prices:<\/strong><\/p>\n<ul>\n<li>30 min. ticket \u2013 EUR 1<\/li>\n<li>60 min. ticket \u2013 EUR 1,25<\/li>\n<li>1-day ticket \u2013 EUR 7,50<\/li>\n<li>3-day ticket \u2013 EUR 13,50<\/li>\n<\/ul>\n<p><strong>Purchasing tickets:<\/strong><\/p>\n<ul>\n<li><strong>Trafi App\u00a0<\/strong>(download\u00a0<a href=\"https:\/\/play.google.com\/store\/apps\/details?id=com.trafi.android.tr&amp;hl=en_US\">here<\/a>for Android,\u00a0<a href=\"https:\/\/apps.apple.com\/lt\/app\/trafi\/id791973944\">here<\/a>\u00a0for iOS). The app offers real-time public transport information, ticket purchasing, and live directions.<\/li>\n<li><strong>Tap and Go<\/strong> \u2013 simply tap your card or smart device (phone, watch) on the terminal in the bus to purchase a one-hour ticket. If a ticket inspector boards, you\u2019ll need to tap the <em>same<\/em> card or device on their reader to confirm your ticket. Please note: one card or device can only be used for one ticket. If you\u2019re traveling with others, each person must use a separate card or device.<\/li>\n<\/ul>\n<hr \/>\n<p><strong>B) BY A SPECIAL TRAIN\u00a0<\/strong><\/p>\n<p>There is a special train running regularly from Vilnius airport to the central railway station.<\/p>\n<p>The ticket costs EUR 0,80. It can be purchased at the ticket machine, in the train,\u00a0<a href=\"https:\/\/ltglink.lt\/en\">online<\/a>\u00a0and at the railway station.<\/p>\n<p>Next to the airport passenger terminal, there is a railway stop, stairs and an elevator for passengers as well as lighting and passenger safety surveillance camera. There is a footway leading from the railway stop to the airport terminal for passengers; the footway has an installed gallery (it is illuminated during the dark time of the day).<\/p>\n<p><strong>C) BY CAR SHARING SERVICES OR TAXI<\/strong><\/p>\n<ul>\n<li>You can request a ride via these apps:\u00a0<a href=\"https:\/\/bolt.eu\/en-lt\/\">Bolt<\/a>,\u00a0<a href=\"https:\/\/play.google.com\/store\/apps\/details?id=com.ubercab&amp;hl=en-US#:~:text=Download%20the%20Uber%20app%20and%20choose%20from%20a%20variety%20of\">Uber<\/a>.<\/li>\n<li>You can rent a car via these apps:\u00a0<a href=\"https:\/\/www.citybee.lt\/\">CityBee<\/a>,\u00a0<a href=\"https:\/\/spark.lt\/\">SPARK<\/a>,\u00a0<a href=\"https:\/\/www.bolt.eu\/\">Bolt Drive<\/a><\/li>\n<\/ul>\n<hr \/>\n<p><strong>CONTACT INFORMATION<\/strong><\/p>\n<p>For any queries, contact us:<\/p>\n<ul>\n<li>Email: <a href=\"acutus.argutus@lnb.lt\">acutus.argutus@lnb.lt<\/a><\/li>\n<li>Whatsapp: <a href=\"https:\/\/wa.me\/qr\/E4TIQCEEOCIJJ1\">Milda Kvizikevi\u010di\u016bt\u0117<\/a> and if you wish join the whatsapp group for quicker update sharing: <a href=\"https:\/\/chat.whatsapp.com\/E7ZQWP3adBK4Sk6FC4403U?mode=ems_copy_h_c\">Acutus et Argutus Conference<\/a><\/li>\n<li>Bluesky: <a href=\"https:\/\/bsky.app\/profile\/mildakviz.bsky.social\">bsky.social<\/a><\/li>\n<li>X: <a href=\"https:\/\/x.com\/mildakviz?s=21&amp;t=uy89D2VzIF0E8pneLrM4Sw\">mildakviz<\/a><\/li>\n<li>Facebook: <a href=\"https:\/\/www.facebook.com\/profile.php?id=1154361348\">Milda Kvizikevi\u010di\u016bt\u0117<\/a><\/li>\n<\/ul>\n<hr \/>\n<p><strong>Food &amp; Coffee<\/strong><\/p>\n<ul>\n<li><strong>Lithuanian tastes<\/strong>: cepelinai (potato dumplings), kibinai (karaim pastry with meat\/veg), \u0161altibar\u0161\u010diai (cold beet soup with kefir).<\/li>\n<li><strong>Coffee culture<\/strong>: try Desert\u0173 Klubas, Backstage Caf\u00e9, Taste map or Escedar Coffee Terrace or Bar.<\/li>\n<li><strong>Nearby lunch spots<\/strong>:\n<ul>\n<li>Near <strong>National Library<\/strong>: Submarine (daily lunches), Fresh Post (fresh salads), iLunch (cafeteria style food).<\/li>\n<li>Near <strong>National Museum<\/strong>: Escedar Coffee Terrace (Ethyopian cuisine), Etno Dvaras (traditional Lithuanian), Crustum (casual caf\u00e9 with pastries).<\/li>\n<\/ul>\n<\/li>\n<li><strong>Vegetarian\/vegan<\/strong>: RoseHip, Blue Lotus (Indian and Thai).<\/li>\n<\/ul>\n<hr \/>\n<p><strong>Practical Info<\/strong><\/p>\n<p>\ud83d\udcb6 Currency: Euro (\u20ac)<\/p>\n<p>\ud83d\udde3\ufe0f Language: Lithuanian (English widely spoken)<\/p>\n<p>\ud83d\udca7 Tap water: safe and drinkable everywhere<\/p>\n<p>\ud83c\udf26 Weather: In October, Lithuania experiences cool and crisp autumn weather, with average daytime temperatures around 7\u201311\u00b0C (45\u201352\u00b0F) and nighttime temperatures dipping to 3\u20135\u00b0C (37\u201340\u00b0F). You can expect cloudy skies, light rain or drizzle, and a chance of moderate rainfall, so an umbrella and rain jacket are recommended. Layered clothing and comfortable shoes are recommended for walking tours and evening events.<\/p>\n<p>\ud83d\udecd Shops: supermarkets open till 22:00<\/p>\n<p>\ud83d\udea8 Emergency number: <strong>112<\/strong><\/p>\n<hr \/>\n<p><strong>Culture &amp; Free Time<\/strong><\/p>\n<ul>\n<li><strong>Old Town<\/strong> (UNESCO) \u2013 Vilnius Cathedral, Gediminas Tower, Pilies Street.<\/li>\n<li><strong>U\u017eupis Republic<\/strong> \u2013 quirky artists\u2019 district with its own \u201cconstitution.\u201d<\/li>\n<li><strong>Museums<\/strong> \u2013 National Museum of Lithuania (one of the conference\u2019s venues), MO Museum (Contemporary art museum), Palace of the Grand Dukes<\/li>\n<li><strong>Parks<\/strong> and recreation\u2013 Bernardine Gardens, Neris riverside, Vingis Park.<\/li>\n<li><strong>Evening life<\/strong> \u2013 caf\u00e9s and bars on Vilnius, Islandijos, and U\u017eupis streets; vibrant craft beer scene.<\/li>\n<\/ul>\n<p><strong>Enjoy your stay in Vilnius!<\/strong><\/p>\n<p>We look forward to welcoming you to both the National Library and the National Museum.<\/p>\n<p>&nbsp;<\/p>\n","protected":false},"excerpt":{"rendered":"<p>Conference Venues The first two days of conference will take place at the Martynas Ma\u017evydas National Library of Lithuania (Gedimino pr. 51, Vilnius). Conference hall, 5th floor, 501 room You can go up by taking stairs or elevator. Find it on Google maps or Apple maps Third day will take place in the National Museum&#8230;<\/p>\n","protected":false},"author":1,"featured_media":0,"parent":0,"menu_order":0,"comment_status":"closed","ping_status":"closed","template":"","meta":{"inline_featured_image":false,"footnotes":""},"class_list":["post-197","page","type-page","status-publish","hentry"],"_links":{"self":[{"href":"https:\/\/konferencijos.lnb.lt\/acutus-et-argutus\/wp-json\/wp\/v2\/pages\/197","targetHints":{"allow":["GET"]}}],"collection":[{"href":"https:\/\/konferencijos.lnb.lt\/acutus-et-argutus\/wp-json\/wp\/v2\/pages"}],"about":[{"href":"https:\/\/konferencijos.lnb.lt\/acutus-et-argutus\/wp-json\/wp\/v2\/types\/page"}],"author":[{"embeddable":true,"href":"https:\/\/konferencijos.lnb.lt\/acutus-et-argutus\/wp-json\/wp\/v2\/users\/1"}],"replies":[{"embeddable":true,"href":"https:\/\/konferencijos.lnb.lt\/acutus-et-argutus\/wp-json\/wp\/v2\/comments?post=197"}],"version-history":[{"count":6,"href":"https:\/\/konferencijos.lnb.lt\/acutus-et-argutus\/wp-json\/wp\/v2\/pages\/197\/revisions"}],"predecessor-version":[{"id":225,"href":"https:\/\/konferencijos.lnb.lt\/acutus-et-argutus\/wp-json\/wp\/v2\/pages\/197\/revisions\/225"}],"wp:attachment":[{"href":"https:\/\/konferencijos.lnb.lt\/acutus-et-argutus\/wp-json\/wp\/v2\/media?parent=197"}],"curies":[{"name":"wp","href":"https:\/\/api.w.org\/{rel}","templated":true}]}}