{"id":2,"date":"2015-09-08T10:23:05","date_gmt":"2015-09-08T12:23:05","guid":{"rendered":"http:\/\/www.lnb.lt\/conference\/test\/?page_id=2"},"modified":"2015-09-08T10:58:02","modified_gmt":"2015-09-08T12:58:02","slug":"puslapio-pavyzdys","status":"publish","type":"page","link":"https:\/\/konferencijos.lnb.lt\/ankstyvojo-skaitymo-skatinimo-forumas\/","title":{"rendered":"Puslapio pavyzdys"},"content":{"rendered":"<ul class=\"pranesejai\">\n<li>\n<p><figure style=\"width: 140px\" class=\"wp-caption alignleft\"><img loading=\"lazy\" decoding=\"async\" src=\"http:\/\/www.lnb.lt\/conference\/bibliotekos2015\/wp-content\/uploads\/sites\/4\/2015\/09\/gudauskas.jpg\" alt=\"Prof. dr. Renaldas Gudauskas\" width=\"140\" height=\"140\" \/><figcaption class=\"wp-caption-text\">Prof. dr. Renaldas Gudauskas<\/figcaption><\/figure><\/li>\n<li>\n<p><figure style=\"width: 140px\" class=\"wp-caption alignleft\"><img loading=\"lazy\" decoding=\"async\" src=\"http:\/\/www.lnb.lt\/conference\/bibliotekos2015\/wp-content\/uploads\/sites\/4\/2015\/09\/andersson.jpg\" alt=\"Dr. Jonas Andersson\" width=\"140\" height=\"140\" \/><figcaption class=\"wp-caption-text\">Dr. Jonas <br \/>Andersson<\/figcaption><\/figure><\/li>\n<li>\n<p><figure style=\"width: 140px\" class=\"wp-caption alignleft\"><img loading=\"lazy\" decoding=\"async\" src=\"http:\/\/www.lnb.lt\/conference\/bibliotekos2015\/wp-content\/uploads\/sites\/4\/2015\/09\/dobkeviciute.jpg\" alt=\"Aida Dobkevi\u010di\u016bt\u0117\" width=\"140\" height=\"140\" \/><figcaption class=\"wp-caption-text\">Aida <br \/>Dobkevi\u010di\u016bt\u0117<\/figcaption><\/figure><\/li>\n<li>\n<p><figure style=\"width: 140px\" class=\"wp-caption alignleft\"><img loading=\"lazy\" decoding=\"async\" src=\"http:\/\/www.lnb.lt\/conference\/bibliotekos2015\/wp-content\/uploads\/sites\/4\/2015\/09\/hoflin.jpg\" alt=\"Katti Hoflin\" width=\"140\" height=\"140\" \/><figcaption class=\"wp-caption-text\">Katti Hoflin<\/figcaption><\/figure><\/li>\n<li>\n<p><figure style=\"width: 140px\" class=\"wp-caption alignleft\"><img loading=\"lazy\" decoding=\"async\" src=\"http:\/\/www.lnb.lt\/conference\/bibliotekos2015\/wp-content\/uploads\/sites\/4\/2015\/09\/sigeland.jpg\" alt=\"Helen Sigeland\" width=\"140\" height=\"140\" \/><figcaption class=\"wp-caption-text\">Helen Sigeland<\/figcaption><\/figure><\/li>\n<li>\n<p><figure style=\"width: 140px\" class=\"wp-caption alignleft\"><img loading=\"lazy\" decoding=\"async\" class=\"wp-image-105\" src=\"http:\/\/www.lnb.lt\/conference\/bibliotekos2015\/wp-content\/uploads\/sites\/4\/2015\/09\/elijosaityte.jpg\" alt=\"R\u016bta Elijo\u0161aityt\u0117\" width=\"140\" height=\"140\" \/><figcaption class=\"wp-caption-text\">R\u016bta Elijo\u0161aityt\u0117<\/figcaption><\/figure><\/li>\n<li>\n<p><figure style=\"width: 140px\" class=\"wp-caption alignleft\"><img loading=\"lazy\" decoding=\"async\" src=\"http:\/\/www.lnb.lt\/conference\/bibliotekos2015\/wp-content\/uploads\/sites\/4\/2015\/09\/titusson.jpg\" alt=\"Erik Titusson\" width=\"140\" height=\"140\" \/><figcaption class=\"wp-caption-text\">Erik Titusson<\/figcaption><\/figure><\/li>\n<li>\n<p><figure style=\"width: 140px\" class=\"wp-caption alignleft\"><img loading=\"lazy\" decoding=\"async\" src=\"http:\/\/www.lnb.lt\/conference\/bibliotekos2015\/wp-content\/uploads\/sites\/4\/2015\/09\/unenge.jpg\" alt=\"Johan Unenge\" width=\"140\" height=\"140\" \/><figcaption class=\"wp-caption-text\">Johan Unenge<\/figcaption><\/figure><\/li>\n<li><\/li>\n<\/ul>\n","protected":false},"excerpt":{"rendered":"","protected":false},"author":1,"featured_media":0,"parent":0,"menu_order":0,"comment_status":"open","ping_status":"open","template":"","meta":{"inline_featured_image":false,"footnotes":""},"class_list":["post-2","page","type-page","status-publish","hentry"],"_links":{"self":[{"href":"https:\/\/konferencijos.lnb.lt\/ankstyvojo-skaitymo-skatinimo-forumas\/wp-json\/wp\/v2\/pages\/2","targetHints":{"allow":["GET"]}}],"collection":[{"href":"https:\/\/konferencijos.lnb.lt\/ankstyvojo-skaitymo-skatinimo-forumas\/wp-json\/wp\/v2\/pages"}],"about":[{"href":"https:\/\/konferencijos.lnb.lt\/ankstyvojo-skaitymo-skatinimo-forumas\/wp-json\/wp\/v2\/types\/page"}],"author":[{"embeddable":true,"href":"https:\/\/konferencijos.lnb.lt\/ankstyvojo-skaitymo-skatinimo-forumas\/wp-json\/wp\/v2\/users\/1"}],"replies":[{"embeddable":true,"href":"https:\/\/konferencijos.lnb.lt\/ankstyvojo-skaitymo-skatinimo-forumas\/wp-json\/wp\/v2\/comments?post=2"}],"version-history":[{"count":9,"href":"https:\/\/konferencijos.lnb.lt\/ankstyvojo-skaitymo-skatinimo-forumas\/wp-json\/wp\/v2\/pages\/2\/revisions"}],"predecessor-version":[{"id":12,"href":"https:\/\/konferencijos.lnb.lt\/ankstyvojo-skaitymo-skatinimo-forumas\/wp-json\/wp\/v2\/pages\/2\/revisions\/12"}],"wp:attachment":[{"href":"https:\/\/konferencijos.lnb.lt\/ankstyvojo-skaitymo-skatinimo-forumas\/wp-json\/wp\/v2\/media?parent=2"}],"curies":[{"name":"wp","href":"https:\/\/api.w.org\/{rel}","templated":true}]}}