{"id":10,"date":"2014-09-15T13:47:10","date_gmt":"2014-09-15T10:47:10","guid":{"rendered":"http:\/\/www.lnb.lt\/conference\/bibliotekos2014\/?page_id=10"},"modified":"2021-09-17T08:19:00","modified_gmt":"2021-09-17T05:19:00","slug":"pranesejai","status":"publish","type":"page","link":"https:\/\/konferencijos.lnb.lt\/bibliotekos2014\/pranesejai\/","title":{"rendered":"Prane\u0161\u0117jai"},"content":{"rendered":"<ul>\n<li>Prof. dr. Renaldas Gudauskas<\/li>\n<li>Ilona Kish<\/li>\n<li>Basas Savenije<\/li>\n<li>Dr. Regina Varnien\u0117-Janssen<\/li>\n<li>Janet Zmroczek<\/li>\n<li>Eugenijus Stratilatovas<\/li>\n<li>Inga Baciu<\/li>\n<li>Prof. Dr. Claudia Lux<\/li>\n<li>Andris Vilkas<\/li>\n<li>Prof. dr. Mehmetas Eminas K\u00fc\u00e7\u00fckas<\/li>\n<li>Janne Andresoo<\/li>\n<li>Ieva \u017dilionien\u0117<\/li>\n<\/ul>\n","protected":false},"excerpt":{"rendered":"<p>Prof. dr. Renaldas Gudauskas Ilona Kish Basas Savenije Dr. Regina Varnien\u0117-Janssen Janet Zmroczek Eugenijus Stratilatovas Inga Baciu Prof. Dr. Claudia Lux Andris Vilkas Prof. dr. Mehmetas Eminas K\u00fc\u00e7\u00fckas Janne Andresoo Ieva \u017dilionien\u0117<\/p>\n","protected":false},"author":1,"featured_media":0,"parent":0,"menu_order":0,"comment_status":"closed","ping_status":"closed","template":"","meta":{"inline_featured_image":false,"ngg_post_thumbnail":0,"footnotes":""},"class_list":["post-10","page","type-page","status-publish","hentry"],"_links":{"self":[{"href":"https:\/\/konferencijos.lnb.lt\/bibliotekos2014\/wp-json\/wp\/v2\/pages\/10","targetHints":{"allow":["GET"]}}],"collection":[{"href":"https:\/\/konferencijos.lnb.lt\/bibliotekos2014\/wp-json\/wp\/v2\/pages"}],"about":[{"href":"https:\/\/konferencijos.lnb.lt\/bibliotekos2014\/wp-json\/wp\/v2\/types\/page"}],"author":[{"embeddable":true,"href":"https:\/\/konferencijos.lnb.lt\/bibliotekos2014\/wp-json\/wp\/v2\/users\/1"}],"replies":[{"embeddable":true,"href":"https:\/\/konferencijos.lnb.lt\/bibliotekos2014\/wp-json\/wp\/v2\/comments?post=10"}],"version-history":[{"count":74,"href":"https:\/\/konferencijos.lnb.lt\/bibliotekos2014\/wp-json\/wp\/v2\/pages\/10\/revisions"}],"predecessor-version":[{"id":338,"href":"https:\/\/konferencijos.lnb.lt\/bibliotekos2014\/wp-json\/wp\/v2\/pages\/10\/revisions\/338"}],"wp:attachment":[{"href":"https:\/\/konferencijos.lnb.lt\/bibliotekos2014\/wp-json\/wp\/v2\/media?parent=10"}],"curies":[{"name":"wp","href":"https:\/\/api.w.org\/{rel}","templated":true}]}}