{"id":34,"date":"2014-09-17T14:38:27","date_gmt":"2014-09-17T11:38:27","guid":{"rendered":"http:\/\/www.lnb.lt\/conference\/bibliotekos2014\/?page_id=34"},"modified":"2014-11-19T07:57:37","modified_gmt":"2014-11-19T05:57:37","slug":"titulinis","status":"publish","type":"page","link":"https:\/\/konferencijos.lnb.lt\/bibliotekos2014\/","title":{"rendered":"Titulinis"},"content":{"rendered":"<ul>\n<li><a href=\"https:\/\/plus.google.com\/photos\/116042469929270646369\/albums\/6080037253446946401\" target=\"_blank\">Konferencijos nuotraukos<\/a><\/li>\n<li><a href=\"https:\/\/drive.google.com\/folderview?id=0B_-73IZKEJy5WTZlWUpXTDZOTVk&amp;usp=sharing\" target=\"_blank\">Prane\u0161im\u0173 skaidr\u0117s<\/a><\/li>\n<\/ul>\n<p><strong>Prane\u0161im\u0173 vaizdo \u012fra\u0161ai<\/strong><\/p>\n<ul>\n<li><a href=\"https:\/\/www.youtube.com\/watch?v=NoXwwfQ4ViQ&amp;list=PLZHTxpVgsgcNEJ9R37bmUQMmmVlRwoZLc&amp;t=20m34s\" target=\"_blank\">Bibliotek\u0173 vaidmen\u0173 kaita Europos S\u0105jungos informacijos, mokslo ir kult\u016bros politikos kontekste (Prof. dr. Renaldas Gudauskas)<\/a><\/li>\n<li><a href=\"https:\/\/www.youtube.com\/watch?v=NoXwwfQ4ViQ&amp;list=PLZHTxpVgsgcNEJ9R37bmUQMmmVlRwoZLc&amp;t=50m20s\" target=\"_blank\">Skaitmenin\u0117s bibliotekos link: nacionalin\u0117s ir Europos partneryst\u0117s (Dr. Bas Savenije)<\/a><\/li>\n<li><a href=\"https:\/\/www.youtube.com\/watch?v=NoXwwfQ4ViQ&amp;list=PLZHTxpVgsgcNEJ9R37bmUQMmmVlRwoZLc&amp;t=73m04s\" target=\"_blank\">\u201ePublic Libraries 2020\u201c iniciatyva (Ilona Kish)<\/a><\/li>\n<li><a href=\"https:\/\/www.youtube.com\/watch?v=JJSM9PXG7-4&amp;list=PLZHTxpVgsgcNEJ9R37bmUQMmmVlRwoZLc&amp;t=3m02s\" target=\"_blank\">Europiniai projektai Brit\u0173 bibliotekoje: ple\u010diama kult\u016bros paveldo prieiga (Janet Zmroczek)<\/a><\/li>\n<li><a href=\"https:\/\/www.youtube.com\/watch?v=JJSM9PXG7-4&amp;list=PLZHTxpVgsgcNEJ9R37bmUQMmmVlRwoZLc&amp;t=27m26s\" target=\"_blank\">Bibliotekos \u2013 Lietuvos informacinei visuomenei: pasiekimai ir perspektyvos (Ieva \u017dilionien\u0117)<\/a><\/li>\n<li><a href=\"https:\/\/www.youtube.com\/watch?v=JJSM9PXG7-4&amp;list=PLZHTxpVgsgcNEJ9R37bmUQMmmVlRwoZLc&amp;t=46m38s\" target=\"_blank\">Skaitmeninimo steb\u0117senos sistema \u2013 socialinio, finansinio, kult\u016brinio, inovacij\u0173 kapitalo pridedam\u0173j\u0173 ver\u010di\u0173 k\u016brimui (Dr. Regina Varnien\u0117-Janssen)<\/a><\/li>\n<li><a href=\"https:\/\/www.youtube.com\/watch?v=JJSM9PXG7-4&amp;list=PLZHTxpVgsgcNEJ9R37bmUQMmmVlRwoZLc&amp;t=66m45s\" target=\"_blank\">E-leidini\u0173 skolinimas Lietuvoje: problemos ir galimyb\u0117s (Eugenijus Stratilatovas)<\/a><\/li>\n<li><a href=\"https:\/\/www.youtube.com\/watch?v=JJSM9PXG7-4&amp;list=PLZHTxpVgsgcNEJ9R37bmUQMmmVlRwoZLc&amp;t=80m48s\">Moldovos parlamentin\u0117s bibliotekos veikla: dabartis ir perspektyvos (Inga Baciu)<\/a><\/li>\n<li><a href=\"https:\/\/www.youtube.com\/watch?v=PmC_DpZkkTM&amp;list=PLZHTxpVgsgcNEJ9R37bmUQMmmVlRwoZLc&amp;t=1m20s\" target=\"_blank\">Europos bibliotek\u0173 raida Europos S\u0105jungos politikos poky\u010di\u0173 kontekste 2004-2014 m. (Prof. dr. Claudia Lux)<\/a><\/li>\n<li><a href=\"https:\/\/www.youtube.com\/watch?v=PmC_DpZkkTM&amp;list=PLZHTxpVgsgcNEJ9R37bmUQMmmVlRwoZLc&amp;t=23m16s\" target=\"_blank\">Naujosios Latvijos nacionalin\u0117s bibliotekos erdv\u0117 ir vieta (Andris Vilks)<\/a><\/li>\n<li><a href=\"https:\/\/www.youtube.com\/watch?v=PmC_DpZkkTM&amp;list=PLZHTxpVgsgcNEJ9R37bmUQMmmVlRwoZLc&amp;t=46m40s\" target=\"_blank\">Turkijos bibliotek\u0173 veiklos ir Europos S\u0105jungos mokslo bei kult\u016bros politikos s\u0105sajos: projekto Librar-e Turkey atvejis (Prof. dr. Mehmet Emin K\u00fc\u00e7\u00fck)<\/a><\/li>\n<li><a href=\"https:\/\/www.youtube.com\/watch?v=PmC_DpZkkTM&amp;list=PLZHTxpVgsgcNEJ9R37bmUQMmmVlRwoZLc&amp;t=58m15s\" target=\"_blank\">Tiesiog i\u0161manu! Politikos potekst\u0117s Estijos nacionalinei bibliotekai (Janne Andresoo)<\/a><\/li>\n<\/ul>\n","protected":false},"excerpt":{"rendered":"<p>Konferencijos nuotraukos Prane\u0161im\u0173 skaidr\u0117s Prane\u0161im\u0173 vaizdo \u012fra\u0161ai Bibliotek\u0173 vaidmen\u0173 kaita Europos S\u0105jungos informacijos, mokslo ir kult\u016bros politikos kontekste (Prof. dr. Renaldas Gudauskas) Skaitmenin\u0117s bibliotekos link: nacionalin\u0117s ir Europos partneryst\u0117s (Dr. Bas Savenije) \u201ePublic Libraries 2020\u201c iniciatyva (Ilona Kish) Europiniai projektai &hellip;<\/p>\n<p class=\"read-more\"> <a class=\"more-link\" href=\"https:\/\/konferencijos.lnb.lt\/bibliotekos2014\/\"> <span class=\"screen-reader-text\">Titulinis<\/span> Read More &raquo;<\/a><\/p>\n","protected":false},"author":1,"featured_media":0,"parent":0,"menu_order":0,"comment_status":"closed","ping_status":"closed","template":"","meta":{"inline_featured_image":false,"ngg_post_thumbnail":0,"footnotes":""},"class_list":["post-34","page","type-page","status-publish","hentry"],"_links":{"self":[{"href":"https:\/\/konferencijos.lnb.lt\/bibliotekos2014\/wp-json\/wp\/v2\/pages\/34","targetHints":{"allow":["GET"]}}],"collection":[{"href":"https:\/\/konferencijos.lnb.lt\/bibliotekos2014\/wp-json\/wp\/v2\/pages"}],"about":[{"href":"https:\/\/konferencijos.lnb.lt\/bibliotekos2014\/wp-json\/wp\/v2\/types\/page"}],"author":[{"embeddable":true,"href":"https:\/\/konferencijos.lnb.lt\/bibliotekos2014\/wp-json\/wp\/v2\/users\/1"}],"replies":[{"embeddable":true,"href":"https:\/\/konferencijos.lnb.lt\/bibliotekos2014\/wp-json\/wp\/v2\/comments?post=34"}],"version-history":[{"count":22,"href":"https:\/\/konferencijos.lnb.lt\/bibliotekos2014\/wp-json\/wp\/v2\/pages\/34\/revisions"}],"predecessor-version":[{"id":322,"href":"https:\/\/konferencijos.lnb.lt\/bibliotekos2014\/wp-json\/wp\/v2\/pages\/34\/revisions\/322"}],"wp:attachment":[{"href":"https:\/\/konferencijos.lnb.lt\/bibliotekos2014\/wp-json\/wp\/v2\/media?parent=34"}],"curies":[{"name":"wp","href":"https:\/\/api.w.org\/{rel}","templated":true}]}}