{"id":57,"date":"2014-09-24T11:44:30","date_gmt":"2014-09-24T08:44:30","guid":{"rendered":"http:\/\/www.lnb.lt\/conference\/bibliotekos2014\/?page_id=57"},"modified":"2014-11-19T07:58:00","modified_gmt":"2014-11-19T05:58:00","slug":"home","status":"publish","type":"page","link":"https:\/\/konferencijos.lnb.lt\/bibliotekos2014\/home\/","title":{"rendered":"Home"},"content":{"rendered":"<ul>\n<li><a href=\"https:\/\/plus.google.com\/photos\/116042469929270646369\/albums\/6080037253446946401\" target=\"_blank\">Gallery<\/a><\/li>\n<li><a href=\"https:\/\/drive.google.com\/folderview?id=0B_-73IZKEJy5WTZlWUpXTDZOTVk&amp;usp=sharing\" target=\"_blank\">Presentations<\/a><\/li>\n<\/ul>\n<p><strong>Video<\/strong><\/p>\n<ul>\n<li><a href=\"https:\/\/www.youtube.com\/watch?v=xsT20LEXJaU&amp;list=PLZHTxpVgsgcNpA6lg_sasnr54GfMV9rNO&amp;t=20m30s\" target=\"_blank\">The change of libraries\u2019 roles in the context of the European Union information, science and cultural policy (Prof. Dr. Renaldas Gudauskas)<\/a><\/li>\n<li><a href=\"https:\/\/www.youtube.com\/watch?v=xsT20LEXJaU&amp;list=PLZHTxpVgsgcNpA6lg_sasnr54GfMV9rNO&amp;t=50m20s\" target=\"_blank\">Towards a digital library: national and European partnerships (Dr. Bas Savenije)<\/a><\/li>\n<li><a href=\"https:\/\/www.youtube.com\/watch?v=xsT20LEXJaU&amp;list=PLZHTxpVgsgcNpA6lg_sasnr54GfMV9rNO&amp;t=73m06s\" target=\"_blank\">The initiative \u201cPublic Libraries 2020\u201d (Ilona Kish)<\/a><\/li>\n<li><a href=\"https:\/\/www.youtube.com\/watch?v=VnEahtXLlgY&amp;list=PLZHTxpVgsgcNpA6lg_sasnr54GfMV9rNO&amp;t=3m06s\" target=\"_blank\">European projects at the British Library: widening access to cultural heritage (Janet Zmroczek)<\/a><\/li>\n<li><a href=\"https:\/\/www.youtube.com\/watch?v=VnEahtXLlgY&amp;list=PLZHTxpVgsgcNpA6lg_sasnr54GfMV9rNO&amp;t=27m26s\" target=\"_blank\">Libraries for Lithuanian Information Society: achievements and prospects (Ieva \u017dilionien\u0117)<\/a><\/li>\n<li><a href=\"https:\/\/www.youtube.com\/watch?v=VnEahtXLlgY&amp;list=PLZHTxpVgsgcNpA6lg_sasnr54GfMV9rNO&amp;t=46m56s\" target=\"_blank\">Digitization Monitoring System for the creation of added values of social, financial, cultural and innovation assets (Dr. Regina Varnien\u0117-Janssen)<\/a><\/li>\n<li><a href=\"https:\/\/www.youtube.com\/watch?v=VnEahtXLlgY&amp;list=PLZHTxpVgsgcNpA6lg_sasnr54GfMV9rNO&amp;t=66m48s\" target=\"_blank\">E-book lending in Lithuania: issues and opportunities (Eugenijus Stratilatovas)<\/a><\/li>\n<li><a href=\"https:\/\/www.youtube.com\/watch?v=VnEahtXLlgY&amp;list=PLZHTxpVgsgcNpA6lg_sasnr54GfMV9rNO&amp;t=80m48s\" target=\"_blank\">Parliamentary Library of the Republic of Moldova: current situation and prospects of development (Inga Baciu)<\/a><\/li>\n<li><a href=\"https:\/\/www.youtube.com\/watch?v=FSrwO2ahEe0&amp;list=PLZHTxpVgsgcNpA6lg_sasnr54GfMV9rNO&amp;t=1m17s\" target=\"_blank\">Development of European Libraries in the context of the European Union policy changes in 2004-2014 (Prof. Dr. Claudia Lux)<\/a><\/li>\n<li><a href=\"https:\/\/www.youtube.com\/watch?v=FSrwO2ahEe0&amp;list=PLZHTxpVgsgcNpA6lg_sasnr54GfMV9rNO&amp;t=23m18s\" target=\"_blank\">The new National Library of Latvia as a place (Andris Vilks)<\/a><\/li>\n<li><a href=\"https:\/\/www.youtube.com\/watch?v=FSrwO2ahEe0&amp;list=PLZHTxpVgsgcNpA6lg_sasnr54GfMV9rNO&amp;t=46m40s\" target=\"_blank\">Links between the activities of Turkish libraries and the European Union science and cultural policy: case of the Librar-e Turkey project (Prof. Dr. Mehmet Emin K\u00fc\u00e7\u00fck)<\/a><\/li>\n<li><a href=\"https:\/\/www.youtube.com\/watch?v=FSrwO2ahEe0&amp;list=PLZHTxpVgsgcNpA6lg_sasnr54GfMV9rNO&amp;t=58m20s\" target=\"_blank\">Simply smart! Policy implications for the National Library of Estonia (Janne Andresoo)<\/a><\/li>\n<\/ul>\n","protected":false},"excerpt":{"rendered":"<p>Gallery Presentations Video The change of libraries\u2019 roles in the context of the European Union information, science and cultural policy (Prof. Dr. Renaldas Gudauskas) Towards a digital library: national and European partnerships (Dr. Bas Savenije) The initiative \u201cPublic Libraries 2020\u201d &hellip;<\/p>\n<p class=\"read-more\"> <a class=\"more-link\" href=\"https:\/\/konferencijos.lnb.lt\/bibliotekos2014\/home\/\"> <span class=\"screen-reader-text\">Home<\/span> Read More &raquo;<\/a><\/p>\n","protected":false},"author":1,"featured_media":0,"parent":0,"menu_order":0,"comment_status":"closed","ping_status":"closed","template":"","meta":{"inline_featured_image":false,"ngg_post_thumbnail":0,"footnotes":""},"class_list":["post-57","page","type-page","status-publish","hentry"],"_links":{"self":[{"href":"https:\/\/konferencijos.lnb.lt\/bibliotekos2014\/wp-json\/wp\/v2\/pages\/57","targetHints":{"allow":["GET"]}}],"collection":[{"href":"https:\/\/konferencijos.lnb.lt\/bibliotekos2014\/wp-json\/wp\/v2\/pages"}],"about":[{"href":"https:\/\/konferencijos.lnb.lt\/bibliotekos2014\/wp-json\/wp\/v2\/types\/page"}],"author":[{"embeddable":true,"href":"https:\/\/konferencijos.lnb.lt\/bibliotekos2014\/wp-json\/wp\/v2\/users\/1"}],"replies":[{"embeddable":true,"href":"https:\/\/konferencijos.lnb.lt\/bibliotekos2014\/wp-json\/wp\/v2\/comments?post=57"}],"version-history":[{"count":11,"href":"https:\/\/konferencijos.lnb.lt\/bibliotekos2014\/wp-json\/wp\/v2\/pages\/57\/revisions"}],"predecessor-version":[{"id":323,"href":"https:\/\/konferencijos.lnb.lt\/bibliotekos2014\/wp-json\/wp\/v2\/pages\/57\/revisions\/323"}],"wp:attachment":[{"href":"https:\/\/konferencijos.lnb.lt\/bibliotekos2014\/wp-json\/wp\/v2\/media?parent=57"}],"curies":[{"name":"wp","href":"https:\/\/api.w.org\/{rel}","templated":true}]}}