{"id":59,"date":"2014-09-24T11:45:18","date_gmt":"2014-09-24T08:45:18","guid":{"rendered":"http:\/\/www.lnb.lt\/conference\/bibliotekos2014\/?page_id=59"},"modified":"2021-09-17T08:15:32","modified_gmt":"2021-09-17T05:15:32","slug":"speakers","status":"publish","type":"page","link":"https:\/\/konferencijos.lnb.lt\/bibliotekos2014\/speakers\/","title":{"rendered":"Speakers"},"content":{"rendered":"<ul>\n<li>Prof. dr. Renaldas Gudauskas<\/li>\n<li>Ilona Kish<\/li>\n<li>Bas Savenije<\/li>\n<li>Dr. Regina Varnien\u0117-Janssen<\/li>\n<li>Janet Zmroczek<\/li>\n<li>Eugenijus Stratilatovas<\/li>\n<li>Inga Baciu<\/li>\n<li>Prof. Dr. Claudia Lux<\/li>\n<li>Andris Vilks<\/li>\n<li>Prof. dr. Mehmet Emin K\u00fc\u00e7\u00fck<\/li>\n<li>Janne Andresoo<\/li>\n<li>Ieva \u017dilionien\u0117<\/li>\n<\/ul>\n","protected":false},"excerpt":{"rendered":"<p>Prof. dr. Renaldas Gudauskas Ilona Kish Bas Savenije Dr. Regina Varnien\u0117-Janssen Janet Zmroczek Eugenijus Stratilatovas Inga Baciu Prof. Dr. Claudia Lux Andris Vilks Prof. dr. Mehmet Emin K\u00fc\u00e7\u00fck Janne Andresoo Ieva \u017dilionien\u0117<\/p>\n","protected":false},"author":1,"featured_media":0,"parent":0,"menu_order":0,"comment_status":"closed","ping_status":"closed","template":"","meta":{"inline_featured_image":false,"ngg_post_thumbnail":0,"footnotes":""},"class_list":["post-59","page","type-page","status-publish","hentry"],"_links":{"self":[{"href":"https:\/\/konferencijos.lnb.lt\/bibliotekos2014\/wp-json\/wp\/v2\/pages\/59","targetHints":{"allow":["GET"]}}],"collection":[{"href":"https:\/\/konferencijos.lnb.lt\/bibliotekos2014\/wp-json\/wp\/v2\/pages"}],"about":[{"href":"https:\/\/konferencijos.lnb.lt\/bibliotekos2014\/wp-json\/wp\/v2\/types\/page"}],"author":[{"embeddable":true,"href":"https:\/\/konferencijos.lnb.lt\/bibliotekos2014\/wp-json\/wp\/v2\/users\/1"}],"replies":[{"embeddable":true,"href":"https:\/\/konferencijos.lnb.lt\/bibliotekos2014\/wp-json\/wp\/v2\/comments?post=59"}],"version-history":[{"count":39,"href":"https:\/\/konferencijos.lnb.lt\/bibliotekos2014\/wp-json\/wp\/v2\/pages\/59\/revisions"}],"predecessor-version":[{"id":335,"href":"https:\/\/konferencijos.lnb.lt\/bibliotekos2014\/wp-json\/wp\/v2\/pages\/59\/revisions\/335"}],"wp:attachment":[{"href":"https:\/\/konferencijos.lnb.lt\/bibliotekos2014\/wp-json\/wp\/v2\/media?parent=59"}],"curies":[{"name":"wp","href":"https:\/\/api.w.org\/{rel}","templated":true}]}}