{"id":11,"date":"2015-08-13T09:37:31","date_gmt":"2015-08-13T11:37:31","guid":{"rendered":"http:\/\/www.lnb.lt\/conference\/bibliotekos2015\/?page_id=11"},"modified":"2016-04-22T04:23:47","modified_gmt":"2016-04-22T06:23:47","slug":"kontaktai","status":"publish","type":"page","link":"https:\/\/konferencijos.lnb.lt\/bibliotekos2015\/kontaktai\/","title":{"rendered":"Kontaktai"},"content":{"rendered":"<p>Kilus klausim\u0173, pra\u0161ome kreiptis el. pa\u0161tu: <a href=\"mailto:renginiai@lnb.lt\">renginiai@lnb.lt<\/a><\/p>\n<p><img loading=\"lazy\" decoding=\"async\" class=\"alignnone size-full wp-image-108\" src=\"\/wp-content\/uploads\/sites\/4\/2015\/09\/paveiksliukai\/random.php\" alt=\"paveiksliukai\" width=\"600\" height=\"118\" \/><\/p>\n<p><font size=\"1\">Svetain\u0117je panaudoti Irenos Geniu\u0161ien\u0117s paveiksl\u0117liai<\/font><\/p>\n","protected":false},"excerpt":{"rendered":"<p>Kilus klausim\u0173, pra\u0161ome kreiptis el. pa\u0161tu: renginiai@lnb.lt Svetain\u0117je panaudoti Irenos Geniu\u0161ien\u0117s paveiksl\u0117liai<\/p>\n","protected":false},"author":1,"featured_media":0,"parent":0,"menu_order":0,"comment_status":"closed","ping_status":"closed","template":"","meta":{"inline_featured_image":false,"footnotes":""},"class_list":["post-11","page","type-page","status-publish","hentry"],"_links":{"self":[{"href":"https:\/\/konferencijos.lnb.lt\/bibliotekos2015\/wp-json\/wp\/v2\/pages\/11","targetHints":{"allow":["GET"]}}],"collection":[{"href":"https:\/\/konferencijos.lnb.lt\/bibliotekos2015\/wp-json\/wp\/v2\/pages"}],"about":[{"href":"https:\/\/konferencijos.lnb.lt\/bibliotekos2015\/wp-json\/wp\/v2\/types\/page"}],"author":[{"embeddable":true,"href":"https:\/\/konferencijos.lnb.lt\/bibliotekos2015\/wp-json\/wp\/v2\/users\/1"}],"replies":[{"embeddable":true,"href":"https:\/\/konferencijos.lnb.lt\/bibliotekos2015\/wp-json\/wp\/v2\/comments?post=11"}],"version-history":[{"count":15,"href":"https:\/\/konferencijos.lnb.lt\/bibliotekos2015\/wp-json\/wp\/v2\/pages\/11\/revisions"}],"predecessor-version":[{"id":260,"href":"https:\/\/konferencijos.lnb.lt\/bibliotekos2015\/wp-json\/wp\/v2\/pages\/11\/revisions\/260"}],"wp:attachment":[{"href":"https:\/\/konferencijos.lnb.lt\/bibliotekos2015\/wp-json\/wp\/v2\/media?parent=11"}],"curies":[{"name":"wp","href":"https:\/\/api.w.org\/{rel}","templated":true}]}}