{"id":212,"date":"2015-10-12T04:30:28","date_gmt":"2015-10-12T06:30:28","guid":{"rendered":"http:\/\/www.lnb.lt\/conference\/bibliotekos2015\/?page_id=212"},"modified":"2016-04-22T04:21:26","modified_gmt":"2016-04-22T06:21:26","slug":"pranesimai-ir-galerija","status":"publish","type":"page","link":"https:\/\/konferencijos.lnb.lt\/bibliotekos2015\/","title":{"rendered":"Prane\u0161imai ir galerija"},"content":{"rendered":"<p><strong>Konferencijos nuotraukos<\/strong><\/p>\n<ul>\n<li><a href=\"https:\/\/www.facebook.com\/media\/set\/?set=a.10153145515256863.1073741931.154171586862\" target=\"_blank\">Spalio 8 diena<\/a><\/li>\n<li><a href=\"https:\/\/www.facebook.com\/media\/set\/?set=a.10153153003561863.1073741932.154171586862\" target=\"_blank\">Spalio 9 diena<\/a><\/li>\n<\/ul>\n<p><strong><a href=\"https:\/\/drive.google.com\/folderview?id=0B_-73IZKEJy5NEpEMG1mQ01NUjA&amp;usp=sharing\" target=\"_blank\">Prane\u0161im\u0173 skaidr\u0117s<\/a><\/strong><\/p>\n<p><strong>Prane\u0161im\u0173 vaizdo \u012fra\u0161ai<\/strong><\/p>\n<ul>\n<li><a href=\"https:\/\/www.youtube.com\/watch?v=6omX9D2-iUg&amp;index=1&amp;list=PLZHTxpVgsgcMFghesjr7qe59D9ikWMe4o&amp;t=1m52s\" target=\"_blank\">Lietuvos Respublikos kult\u016bros ministro \u0160ar\u016bno Biru\u010dio kalba \u201eAr skaitymas mus daro geresnius?\u201c<\/a><\/li>\n<li><a href=\"https:\/\/www.youtube.com\/watch?v=6omX9D2-iUg&amp;index=1&amp;list=PLZHTxpVgsgcMFghesjr7qe59D9ikWMe4o&amp;t=13m18s\" target=\"_blank\">Lietuvos Respublikos Seimo pirminink\u0117 Loreta Grau\u017einien\u0117<\/a><\/li>\n<li><a href=\"https:\/\/www.youtube.com\/watch?v=6omX9D2-iUg&amp;index=1&amp;list=PLZHTxpVgsgcMFghesjr7qe59D9ikWMe4o&amp;t=18m10s\" target=\"_blank\">Jos Didenyb\u0117 \u0160vedijos karalien\u0117 Silvija<\/a><\/li>\n<\/ul>\n<ul>\n<li><a href=\"https:\/\/www.youtube.com\/watch?v=6omX9D2-iUg&amp;index=1&amp;list=PLZHTxpVgsgcMFghesjr7qe59D9ikWMe4o&amp;t=24m05s\" target=\"_blank\">\u0160ved\u0173 ir lietuvi\u0173 kult\u016brini\u0173 ir literat\u016brini\u0173 ry\u0161i\u0173 pristatymas (Sandra Leknickien\u0117)<\/a><\/li>\n<li><a href=\"https:\/\/www.youtube.com\/watch?v=6omX9D2-iUg&amp;index=1&amp;list=PLZHTxpVgsgcMFghesjr7qe59D9ikWMe4o&amp;t=40m30s\" target=\"_blank\">Skaitymo skatinimo programos \u0160vedijoje (Dr. Jonas Andersson)<\/a><\/li>\n<li><a href=\"https:\/\/www.youtube.com\/watch?v=6omX9D2-iUg&amp;index=1&amp;list=PLZHTxpVgsgcMFghesjr7qe59D9ikWMe4o&amp;t=1h1m30s\" target=\"_blank\">Skaitymo ambasadorius: misija ir veikla (Johan Unenge)<\/a><\/li>\n<li><a href=\"https:\/\/www.youtube.com\/watch?v=6omX9D2-iUg&amp;index=1&amp;list=PLZHTxpVgsgcMFghesjr7qe59D9ikWMe4o&amp;t=1h30m39s\" target=\"_blank\">Astridos Lindgren premija (ALMA) (Helen Sigeland)<\/a><\/li>\n<li><a href=\"https:\/\/www.youtube.com\/watch?v=6omX9D2-iUg&amp;index=1&amp;list=PLZHTxpVgsgcMFghesjr7qe59D9ikWMe4o&amp;t=1h46m69s\" target=\"_blank\">Skaitymo skatinimo programos Lietuvoje: ar jos s\u0117kmingos? (R\u016bta Elijo\u0161aityt\u0117)<\/a><\/li>\n<li><a href=\"https:\/\/www.youtube.com\/watch?v=6omX9D2-iUg&amp;index=1&amp;list=PLZHTxpVgsgcMFghesjr7qe59D9ikWMe4o&amp;t=2h9m35s\" target=\"_blank\">Inovacijos \u0160vedijos vaik\u0173 bibliotekose: modernios erdv\u0117s \u0161iuolaikiniams skaitytojams (Katti Hoflin)<\/a><\/li>\n<\/ul>\n<ul>\n<li><a href=\"https:\/\/www.youtube.com\/watch?v=JKyAxXVC5bI&amp;index=1&amp;list=PLZHTxpVgsgcMFghesjr7qe59D9ikWMe4o&amp;t=24s\" target=\"_blank\">\u0160iuolaikin\u0117 \u0161ved\u0173 vaik\u0173 literat\u016bra (Dr. Sara K\u00e4rrholm)<\/a><\/li>\n<li><a href=\"https:\/\/www.youtube.com\/watch?v=JKyAxXVC5bI&amp;index=1&amp;list=PLZHTxpVgsgcMFghesjr7qe59D9ikWMe4o&amp;t=28m51s\" target=\"_blank\">\u0160iuolaikin\u0117 lietuvi\u0173 vaik\u0173 literat\u016bra: laisva \u0161alis, laisva literat\u016bra, laisvas skaitytojas? (Dr. Asta Gustaitien\u0117)<\/a><\/li>\n<li><a href=\"https:\/\/www.youtube.com\/watch?v=JKyAxXVC5bI&amp;index=1&amp;list=PLZHTxpVgsgcMFghesjr7qe59D9ikWMe4o&amp;t=56m6s\" target=\"_blank\">Vaik\u0173 literat\u016bros leidyba \u0160vedijoje: literat\u016bros kismas ir vertim\u0173 i\u0161\u0161\u016bkiai (Erik Titusson)<\/a><\/li>\n<\/ul>\n<ul>\n<li><a href=\"https:\/\/www.youtube.com\/watch?v=wssJXzS4POg&amp;index=1&amp;list=PLZHTxpVgsgcMFghesjr7qe59D9ikWMe4o&amp;t=53s\" target=\"_blank\">Vaik\u0173 literat\u016bros leidyba Lietuvoje: tarp komercijos ir meno (Aida Dobkevi\u010di\u016bt\u0117)<\/a><\/li>\n<li><a href=\"https:\/\/www.youtube.com\/watch?v=wssJXzS4POg&amp;index=1&amp;list=PLZHTxpVgsgcMFghesjr7qe59D9ikWMe4o&amp;t=27m42s\" target=\"_blank\">Vaikai kaip skaitytojai Lietuvoje (Donata Andriu\u0161kevi\u010dien\u0117)<\/a><\/li>\n<li><a href=\"https:\/\/www.youtube.com\/watch?v=wssJXzS4POg&amp;index=1&amp;list=PLZHTxpVgsgcMFghesjr7qe59D9ikWMe4o&amp;t=59m5s\" target=\"_blank\">Baigiamoji kalba ir apibendrinimas (Prof. dr. Renaldas Gudauskas)<\/a><\/li>\n<\/ul>\n<p><strong>Apie konferencij\u0105 \u017einiasklaidoje<\/strong><\/p>\n<ul>\n<li><a href=\"http:\/\/www.bernardinai.lt\/straipsnis\/2015-10-12-knygos-ateities-samprata-konferencijoje-apie-vaiku-ir-jaunimo-skaityma-bei-bibliotekas\/136072#\" target=\"_blank\">Knygos ateities samprata \u2013 konferencijoje apie vaik\u0173 ir jaunimo skaitym\u0105 bei bibliotekas<\/a> (Justyna Vansovi\u010d, bernardinai.lt)<\/li>\n<li><a href=\"http:\/\/www.penki.lt\/lt\/Knygos-per-Penki-TV-sovietine-Lietuva-ir-siuolaikine-Lenkija.video?id=263721&amp;rid=9250\" target=\"_blank\">Knygos per \u201ePenki TV\u201c: sovietin\u0117 Lietuva ir \u0161iuolaikin\u0117 Lenkija (nuo 6 min 05 sek.)<\/a><\/li>\n<li><a href=\"http:\/\/www.diena.lt\/naujienos\/lietuva\/politika\/svedijos-karaliskoji-seima-tesia-vizita-lietuvoje-714021\" target=\"_blank\">\u0160vedijos karalien\u0117 Silvija: svarbu vaikams suteikti galimyb\u0119 nor\u0117ti skaityti<\/a> (diena.lt)<\/li>\n<li><a href=\"http:\/\/www.lrt.lt\/naujienos\/lietuvoje\/2\/116038\/svedijos_karaliene_ateitis_priklauso_nuo_tu_kurie_dabar_tik_mokosi_skaityti#wowzaplaystart=89000&amp;wowzaplayduration=100000\" target=\"_blank\">\u0160vedijos karalien\u0117: ateitis priklauso nuo t\u0173, kurie dabar tik mokosi skaityti<\/a> (lrt.lt)<\/li>\n<li><a href=\"http:\/\/www.15min.lt\/naujiena\/aktualu\/lietuva\/svedijos-karaliene-silvija-svarbu-vaikams-suteikti-galimybe-skaityti-56-532711\" target=\"_blank\">\u0160vedijos karalien\u0117 Silvija: svarbu vaikams suteikti galimyb\u0119 skaityti<\/a>\u00a0(15min.lt)<\/li>\n<li><a href=\"http:\/\/www.lrytas.lt\/lietuvos-diena\/aktualijos\/svedijos-karaliene-svarbu-vaikams-suteikti-galimybe-skaityti.htm\" target=\"_blank\">\u0160vedijos karalien\u0117: \u201eSvarbu vaikams suteikti galimyb\u0119 skaityti\u201c<\/a> (lrytas.lt)<\/li>\n<li><a href=\"http:\/\/www3.lrs.lt\/pls\/inter\/w5_show?p_r=4465&amp;p_d=161542&amp;p_k=1\" target=\"_blank\">Seimo Pirminink\u0117 Loreta Grau\u017einien\u0117: \u201eTikiu, kad skaitymas m\u016bs\u0173 vaikams ir an\u016bkams yra ir bus didel\u0117 vertyb\u0117\u201c<\/a>\u00a0(lrs.lt)<\/li>\n<li><a href=\"http:\/\/pranesimai.elta.lt\/news\/public_view\/112617\" target=\"_blank\">Seimo Pirminink\u0117 Loreta Grau\u017einien\u0117: \u201eTikiu, kad skaitymas m\u016bs\u0173 vaikams ir an\u016bkams yra ir bus didel\u0117 vertyb\u0117&#8221;<\/a>\u00a0(elta.lt)<\/li>\n<li><a href=\"http:\/\/sc.bns.lt\/view\/item.php?id=191171\" target=\"_blank\">Seimo Pirminink\u0117 Loreta Grau\u017einien\u0117: \u201eTikiu, kad skaitymas m\u016bs\u0173 vaikams ir an\u016bkams yra ir bus didel\u0117 vertyb\u0117\u201c<\/a>\u00a0(bns.lt)<\/li>\n<li><a href=\"http:\/\/www.respublika.lt\/lt\/naujienos\/lietuva\/lietuvos_politika\/lgrauziniene_knyga_gali_padeti_vaikui_uzaugti\/\" target=\"_blank\">L.Grau\u017einien\u0117: knyga gali pad\u0117ti vaikui u\u017eaugti<\/a>\u00a0(respublika.lt)<\/li>\n<li><a href=\"http:\/\/lzinios.lt\/lzinios\/Lietuva\/svedijos-karalienes-vizitas-seime\/210297\" target=\"_blank\">\u0160vedijos karalien\u0117s vizitas Seime<\/a> (lzinios.lt)<\/li>\n<li><a href=\"http:\/\/www.bernardinai.lt\/straipsnis\/2015-10-08-tesiasi-svedijos-karaliskosios-poros-vizitas-lietuvoje\/135915\" target=\"_blank\">T\u0119siasi \u0160vedijos karali\u0161kosios poros vizitas Lietuvoje<\/a> (bernardinai.lt)<\/li>\n<li><a href=\"http:\/\/www.lrt.lt\/naujienos\/lietuvoje\/2\/116012\/tesiasi_svedijos_karaliskosios_poros_vizitas_lietuvoje\" target=\"_blank\">T\u0119siasi \u0160vedijos karali\u0161kosios poros vizitas Lietuvoje<\/a> (lrt.lt)<\/li>\n<\/ul>\n<p><img loading=\"lazy\" decoding=\"async\" class=\"alignnone size-full wp-image-108\" src=\"wp-content\/uploads\/sites\/4\/2015\/09\/paveiksliukai\/random.php\" alt=\"paveiksliukai\" width=\"600\" height=\"118\" \/><\/p>\n","protected":false},"excerpt":{"rendered":"<p>Konferencijos nuotraukos Spalio 8 diena Spalio 9 diena Prane\u0161im\u0173 skaidr\u0117s Prane\u0161im\u0173 vaizdo \u012fra\u0161ai Lietuvos Respublikos kult\u016bros ministro \u0160ar\u016bno Biru\u010dio kalba \u201eAr skaitymas mus daro geresnius?\u201c Lietuvos Respublikos Seimo pirminink\u0117 Loreta Grau\u017einien\u0117 Jos Didenyb\u0117 \u0160vedijos karalien\u0117 Silvija \u0160ved\u0173 ir lietuvi\u0173 kult\u016brini\u0173 &hellip;<\/p>\n<p class=\"read-more\"> <a class=\"more-link\" href=\"https:\/\/konferencijos.lnb.lt\/bibliotekos2015\/\"> <span class=\"screen-reader-text\">Prane\u0161imai ir galerija<\/span> Read More &raquo;<\/a><\/p>\n","protected":false},"author":1,"featured_media":0,"parent":0,"menu_order":0,"comment_status":"closed","ping_status":"closed","template":"","meta":{"inline_featured_image":false,"footnotes":""},"class_list":["post-212","page","type-page","status-publish","hentry"],"_links":{"self":[{"href":"https:\/\/konferencijos.lnb.lt\/bibliotekos2015\/wp-json\/wp\/v2\/pages\/212","targetHints":{"allow":["GET"]}}],"collection":[{"href":"https:\/\/konferencijos.lnb.lt\/bibliotekos2015\/wp-json\/wp\/v2\/pages"}],"about":[{"href":"https:\/\/konferencijos.lnb.lt\/bibliotekos2015\/wp-json\/wp\/v2\/types\/page"}],"author":[{"embeddable":true,"href":"https:\/\/konferencijos.lnb.lt\/bibliotekos2015\/wp-json\/wp\/v2\/users\/1"}],"replies":[{"embeddable":true,"href":"https:\/\/konferencijos.lnb.lt\/bibliotekos2015\/wp-json\/wp\/v2\/comments?post=212"}],"version-history":[{"count":26,"href":"https:\/\/konferencijos.lnb.lt\/bibliotekos2015\/wp-json\/wp\/v2\/pages\/212\/revisions"}],"predecessor-version":[{"id":257,"href":"https:\/\/konferencijos.lnb.lt\/bibliotekos2015\/wp-json\/wp\/v2\/pages\/212\/revisions\/257"}],"wp:attachment":[{"href":"https:\/\/konferencijos.lnb.lt\/bibliotekos2015\/wp-json\/wp\/v2\/media?parent=212"}],"curies":[{"name":"wp","href":"https:\/\/api.w.org\/{rel}","templated":true}]}}