{"id":216,"date":"2015-10-12T04:41:24","date_gmt":"2015-10-12T06:41:24","guid":{"rendered":"http:\/\/www.lnb.lt\/conference\/bibliotekos2015\/?page_id=216"},"modified":"2015-10-15T09:15:56","modified_gmt":"2015-10-15T11:15:56","slug":"presentations-gallery","status":"publish","type":"page","link":"https:\/\/konferencijos.lnb.lt\/bibliotekos2015\/presentations-gallery\/","title":{"rendered":"Presentations &#038; gallery"},"content":{"rendered":"<p><a href=\"https:\/\/www.facebook.com\/media\/set\/?set=a.10153145515256863.1073741931.154171586862\" target=\"_blank\">Gallery (8 October 2015)<br \/>\n<\/a><a href=\"https:\/\/www.facebook.com\/media\/set\/?set=a.10153153003561863.1073741932.154171586862\" target=\"_blank\">Gallery (9 October 2015)<\/a><\/p>\n<p><a href=\"https:\/\/drive.google.com\/open?id=0B_-73IZKEJy5NEpEMG1mQ01NUjA\" target=\"_blank\">Presentations<\/a><\/p>\n<p><strong>Video<\/strong><\/p>\n<p><a href=\"https:\/\/www.youtube.com\/watch?v=5yxzqzFcneo&amp;index=1&amp;list=PLZHTxpVgsgcObSmVFQecPVWMXS0mQlAFx&amp;t=1m52s\" target=\"_blank\">The speech of Minister of Culture of the Republic of Lithuania \u0160ar\u016bnas Birutis \u2018Does reading make us better?\u2019<\/a><br \/>\n<a href=\"https:\/\/www.youtube.com\/watch?v=5yxzqzFcneo&amp;index=1&amp;list=PLZHTxpVgsgcObSmVFQecPVWMXS0mQlAFx&amp;t=13m18s\" target=\"_blank\">Speaker of Seimas of the Republic of Lithuania Loreta Grau\u017einien\u0117<\/a><br \/>\n<a href=\"https:\/\/www.youtube.com\/watch?v=5yxzqzFcneo&amp;index=1&amp;list=PLZHTxpVgsgcObSmVFQecPVWMXS0mQlAFx&amp;t=18m10s\" target=\"_blank\">Her Majesty Queen Silvia of Sweden<\/a><\/p>\n<p><a href=\"https:\/\/www.youtube.com\/watch?v=5yxzqzFcneo&amp;index=1&amp;list=PLZHTxpVgsgcObSmVFQecPVWMXS0mQlAFx&amp;t=24m30s\" target=\"_blank\">Presentation of Swedish and Lithuanian Cultural and Literary Relationships (Sandra Leknickien\u0117)<\/a><br \/>\n<a href=\"https:\/\/www.youtube.com\/watch?v=5yxzqzFcneo&amp;index=1&amp;list=PLZHTxpVgsgcObSmVFQecPVWMXS0mQlAFx&amp;t=40m30s\" target=\"_blank\">Methods and Research in the Field of Reading Promotion (Jonas Andersson)<\/a><br \/>\n<a href=\"https:\/\/www.youtube.com\/watch?v=5yxzqzFcneo&amp;index=1&amp;list=PLZHTxpVgsgcObSmVFQecPVWMXS0mQlAFx&amp;t=1h1m37s\" target=\"_blank\">Ambassador for Reading: Mission and Work (Johan Unenge)<\/a><br \/>\n<a href=\"https:\/\/www.youtube.com\/watch?v=5yxzqzFcneo&amp;index=1&amp;list=PLZHTxpVgsgcObSmVFQecPVWMXS0mQlAFx&amp;t=1h30m39s\" target=\"_blank\">Astrid Lindgren Memorial Award (ALMA) (Helen Sigeland)<\/a><br \/>\n<a href=\"https:\/\/www.youtube.com\/watch?v=5yxzqzFcneo&amp;index=1&amp;list=PLZHTxpVgsgcObSmVFQecPVWMXS0mQlAFx&amp;t=1h46m69s\" target=\"_blank\">Reading Promotion Programs in Lithuania: Are They Successful? (R\u016bta Elijo\u0161aityt\u0117)<\/a><br \/>\n<a href=\"https:\/\/www.youtube.com\/watch?v=5yxzqzFcneo&amp;index=1&amp;list=PLZHTxpVgsgcObSmVFQecPVWMXS0mQlAFx&amp;t=2h9m35s\" target=\"_blank\">Innovations for Children\u2019s Libraries in Sweden: Modern Spaces for Modern Readers (Katti Hoflin) <\/a><\/p>\n<p><a href=\"https:\/\/www.youtube.com\/watch?v=1KycLZ4P8tE&amp;list=PLZHTxpVgsgcObSmVFQecPVWMXS0mQlAFx&amp;t=24s\" target=\"_blank\">Modern Sweden Children\u2019s Literature (Dr. Sara K\u00e4rrholm)<\/a><br \/>\n<a href=\"https:\/\/www.youtube.com\/watch?v=1KycLZ4P8tE&amp;list=PLZHTxpVgsgcObSmVFQecPVWMXS0mQlAFx&amp;t=28m54s\" target=\"_blank\">Modern Lithuanian Children\u2019s Literature: Free Country, Free Literature, Free Readers? (Dr. Asta Gustaitien\u0117)<\/a><br \/>\n<a href=\"https:\/\/www.youtube.com\/watch?v=1KycLZ4P8tE&amp;list=PLZHTxpVgsgcObSmVFQecPVWMXS0mQlAFx&amp;t=56m6s\" target=\"_blank\">Publishing Children\u2019s Literature in Sweden: Literature in Transition and Translation (Erik Titusson)<\/a><\/p>\n<p>Publishing of Children\u2019s Literature in Lithuania: Between Business and Art (Aida Dobkevi\u010di\u016bt\u0117)<br \/>\nChildren as Readers in Lithuania (Donata Andriu\u0161kevi\u010dien\u0117)<br \/>\nClosing remarks (Prof. dr. Renaldas Gudauskas)<\/p>\n","protected":false},"excerpt":{"rendered":"<p>Gallery (8 October 2015) Gallery (9 October 2015) Presentations Video The speech of Minister of Culture of the Republic of Lithuania \u0160ar\u016bnas Birutis \u2018Does reading make us better?\u2019 Speaker of Seimas of the Republic of Lithuania Loreta Grau\u017einien\u0117 Her Majesty &hellip;<\/p>\n<p class=\"read-more\"> <a class=\"more-link\" href=\"https:\/\/konferencijos.lnb.lt\/bibliotekos2015\/presentations-gallery\/\"> <span class=\"screen-reader-text\">Presentations &#038; gallery<\/span> Read More &raquo;<\/a><\/p>\n","protected":false},"author":1,"featured_media":0,"parent":0,"menu_order":0,"comment_status":"closed","ping_status":"closed","template":"","meta":{"inline_featured_image":false,"footnotes":""},"class_list":["post-216","page","type-page","status-publish","hentry"],"_links":{"self":[{"href":"https:\/\/konferencijos.lnb.lt\/bibliotekos2015\/wp-json\/wp\/v2\/pages\/216","targetHints":{"allow":["GET"]}}],"collection":[{"href":"https:\/\/konferencijos.lnb.lt\/bibliotekos2015\/wp-json\/wp\/v2\/pages"}],"about":[{"href":"https:\/\/konferencijos.lnb.lt\/bibliotekos2015\/wp-json\/wp\/v2\/types\/page"}],"author":[{"embeddable":true,"href":"https:\/\/konferencijos.lnb.lt\/bibliotekos2015\/wp-json\/wp\/v2\/users\/1"}],"replies":[{"embeddable":true,"href":"https:\/\/konferencijos.lnb.lt\/bibliotekos2015\/wp-json\/wp\/v2\/comments?post=216"}],"version-history":[{"count":12,"href":"https:\/\/konferencijos.lnb.lt\/bibliotekos2015\/wp-json\/wp\/v2\/pages\/216\/revisions"}],"predecessor-version":[{"id":253,"href":"https:\/\/konferencijos.lnb.lt\/bibliotekos2015\/wp-json\/wp\/v2\/pages\/216\/revisions\/253"}],"wp:attachment":[{"href":"https:\/\/konferencijos.lnb.lt\/bibliotekos2015\/wp-json\/wp\/v2\/media?parent=216"}],"curies":[{"name":"wp","href":"https:\/\/api.w.org\/{rel}","templated":true}]}}