{"id":49,"date":"2015-08-19T10:15:01","date_gmt":"2015-08-19T12:15:01","guid":{"rendered":"http:\/\/www.lnb.lt\/conference\/bibliotekos2015\/?page_id=49"},"modified":"2016-04-22T04:39:21","modified_gmt":"2016-04-22T06:39:21","slug":"programme","status":"publish","type":"page","link":"https:\/\/konferencijos.lnb.lt\/bibliotekos2015\/programme\/","title":{"rendered":"Programme"},"content":{"rendered":"<p style=\"text-align: center;\"><strong>PROGRAMME<br \/>\n<\/strong><\/p>\n<p style=\"text-align: center;\"><strong>THURSDAY 8<sup>TH<\/sup> OCTOBER,<a href=\"\/wp-content\/uploads\/sites\/4\/2015\/10\/conference_8th-october.pdf\" target=\"_blank\"><img loading=\"lazy\" decoding=\"async\" class=\"alignright\" src=\"\/wp-content\/uploads\/sites\/4\/2015\/09\/down_pdf_icon.jpg\" alt=\"\" width=\"50\" height=\"50\" \/><\/a><br \/>\nCONFERENCE HALL OF BUILDING III OF THE SEIMAS<\/strong><\/p>\n<p style=\"text-align: left;\"><strong>09.00\u201309.30 Press Conference (Press Conference Hall, Building II of the Seimas)<\/strong><br \/>\n<strong>08.00\u201309.45 Registration<\/strong><br \/>\n<strong>10.00\u201310.30 Opening of the Conference, Welcome Speeches<\/strong><br \/>\n<strong>Director General of Martynas Ma\u017evydas National Library of Lithuania prof. dr. Renaldas Gudauskas<\/strong><br \/>\n<strong>The speech of Minister of Culture of the Republic of Lithuania \u0160ar\u016bnas Birutis \u2018Does reading make us better?\u2019<\/strong><br \/>\n<strong>Speaker of Seimas of the Republic of Lithuania Loreta Grau\u017einien\u0117<\/strong><br \/>\n<strong>Her Majesty Queen Silvia of Sweden<\/strong><\/p>\n<hr \/>\n<p style=\"text-align: left;\">\n<p style=\"text-align: left;\"><strong>10.30\u201312.45 FIRST SESSION \u2018READING PROMOTION CHALLENGES\u2019<\/strong><br \/>\n<strong>Moderator Sandra Leknickien\u0117<\/strong>, Martynas Ma\u017evydas National Library of Lithuania, Deputy Director General<br \/>\n<strong>10.30\u201310.45 Presentation of Swedish and Lithuanian Cultural and Literary Relationships<\/strong><br \/>\nSandra Leknickien\u0117<br \/>\n<strong>10.45\u201311.10 Methods and Research in the Field of Reading Promotion<\/strong><br \/>\nJonas Andersson, Ph.D in Comparative Literature, reading and reading promotion researcher at The Swedish Arts Council<br \/>\n<strong>11.10\u201311.30 Ambassador for Reading: Mission and Work<\/strong><br \/>\nJohan Unenge, The first reading ambassador of Sweden in 2011-2012<br \/>\n<strong>11.30\u201311.55 Astrid Lindgren Memorial Award (ALMA)<\/strong><br \/>\nHelen Sigeland, Director of The Astrid Lindgren Memorial Award<br \/>\n<strong>11.55\u201312.20 Reading Promotion Programs in Lithuania: Are They Successful?<\/strong><br \/>\nR\u016bta Elijo\u0161aityt\u0117, Head of public body \u2018Time to Read\u2019<br \/>\n<strong>12.20\u201312.45 Innovations for Children\u2019s Libraries in Sweden: Modern Spaces for Modern Readers<\/strong><br \/>\nKatti Hoflin, City Librarian, Stockholm Public Library<\/p>\n<p style=\"text-align: left;\"><strong>12.45\u201314.00 LUNCH<\/strong><\/p>\n<hr \/>\n<p style=\"text-align: left;\">\n<p style=\"text-align: left;\"><strong>14.00\u201317.00 SECOND SESSION \u2018MODERN CHILDREN\u2019S LITERATURE PROCESSES\u2019<\/strong><br \/>\n<strong>Moderator dr. K\u0119stutis Urba<\/strong>, associate professor at Vilnius University, Martynas Ma\u017evydas National Library of Lithuania<br \/>\n<strong>14.00\u201314.25 Modern Sweden Children\u2019s Literature<\/strong><br \/>\nDr. Sara K\u00e4rrholm, associate professor of Literature and Publishing studies at Lund University<br \/>\n<strong>14.25\u201314.50 Modern Lithuanian Children\u2019s Literature: Free Country, Free Literature, Free Readers?<\/strong><br \/>\nDr. Asta Gustaitien\u0117, associate professor at Vytautas Magnus University<br \/>\n<strong>14.50\u201315.15 Publishing Children\u2019s Literature in Sweden: Literature in Transition and Translation<\/strong><br \/>\nErik Titusson, publisher in \u2018Lilla Piratf\u00f6rlaget\u2019, board member of IBBY Sweden<\/p>\n<p style=\"text-align: left;\"><strong>15.15\u201315.45 COFFEE BREAK<\/strong><\/p>\n<p style=\"text-align: left;\"><strong>15.45\u201316.10 Publishing of Children\u2019s Literature in Lithuania: Between Business and Art<\/strong><br \/>\nAida Dobkevi\u010di\u016bt\u0117, The Lithuanian Publishers Association, Executive Director<br \/>\n<strong>16.10\u201316.35 Children as Readers in Lithuania<\/strong><br \/>\nDonata Andriu\u0161kevi\u010dien\u0117, Martynas Ma\u017evydas National Library of Lithuania, Children\u2019s Literature Centre<br \/>\n<strong>16.35\u201316.45 Closing remarks<\/strong><br \/>\nProf. dr. Renaldas Gudauskas, Director General of Martynas Ma\u017evydas National Library of Lithuania<\/p>\n<p style=\"text-align: left;\"><strong>Exhibitions: \u2018The Most Popular Swedish Authors\u2019 Books for Children\u2019 (National Library of Lithuania),\u2018Where Children Grow\u2019 (Swedish Institute)<\/strong><\/p>\n<hr \/>\n<p>&nbsp;<\/p>\n<p style=\"text-align: center;\"><strong>FRIDAY 9<sup>TH<\/sup> OCTOBER,<a href=\"\/wp-content\/uploads\/sites\/4\/2015\/10\/conference_9th-october.pdf\" target=\"_blank\"><img loading=\"lazy\" decoding=\"async\" class=\"alignright\" src=\"\/wp-content\/uploads\/sites\/4\/2015\/09\/down_pdf_icon.jpg\" alt=\"\" width=\"50\" height=\"50\" \/><\/a><br \/>\nCONFERENCE HALL OF CENTRAL LIBRARY OF VILNIUS CITY MUNICIPALITY (\u017dIRM\u016aN\u0172 ST. 6, VILNIUS)<\/strong><\/p>\n<p><strong>10.00\u201313.00 Round Table \u2018Who Forms the Process of Children\u2019s Literature: Writers? Readers? Publishers? Librarians?\u2019<\/strong><\/p>\n<p><strong>I st PART \u2013 Writers\u2019 Discussion<\/strong><br \/>\n<strong>Moderator dr. K\u0119stutis Urba<\/strong>, Vilnius University, Martynas Ma\u017evydas National Library of Lithuania<br \/>\nParticipants: Johan Unenge (writer), Kristina Ohlsson (writer), Gintar\u0117 Adomaityt\u0117 (writer), Birut\u0117 Marcinkevi\u010di\u016bt\u0117 (writer), Renata \u0160erelyt\u0117<br \/>\n(writer), Lithuanian writers and librarians<\/p>\n<p><strong>COFFEE BREAK<\/strong><\/p>\n<p><strong>II nd PART \u2013 Publishers\u2019 Discussion<\/strong><br \/>\n<strong>Moderator Rasa Bal\u010dikonyt\u0117<\/strong>, Ministry of Culture of the Republic of Lithuania<br \/>\nParticipants: Erik Titusson (publishing house \u2018Lilla Piratf\u00f6rlaget\u2019), Aist\u0117 Pivori\u016bnien\u0117 (publishing house \u2018Alma littera\u2019), Lolita Varanavi\u010dien\u0117<br \/>\n(publishing house \u2018Tyto alba\u2019), Arvydas Vereckis (publishing house \u2018Nieko rimto\u2019), Lithuanian publishers and librarians<\/p>\n<p><strong>COFFEE BREAK<\/strong><\/p>\n<p><strong>III rd PART \u2012 Librarians\u2019 Discussion<\/strong><br \/>\n<strong>Moderator Simona \u017dilien\u0117<\/strong>, Central Library of Vilnius City Municipality<br \/>\nParticipants: Katti Hoflin (Stockholm Public Library), Silvija Tretjakova (Children\u2019s Literature Centre of National Library of Latvia), Emilija<br \/>\nBugaili\u0161kien\u0117 (Ministry of Education and Science of the Republic of Lithuania), Gra\u017eina Lamanauskien\u0117 (Ministry of Culture of the Republic of<br \/>\nLithuania), Aldona \u0160iaulien\u0117 (Povilas Vi\u0161inskis \u0160iauliai County Public Library), Lithuanian librarians<br \/>\n<strong>Exhibition \u2018Where Children Grow\u2019<\/strong><\/p>\n<p>&nbsp;<\/p>\n<hr \/>\n<p>&nbsp;<\/p>\n<p style=\"text-align: center;\"><strong>CHILDREN\u2019S LIBRARY OF VILNIUS COUNTY ADOMAS MICKEVI\u010cIUS PUBLIC LIBRARY (TRAK\u0172 ST. 10, VILNIUS)<\/strong><\/p>\n<p style=\"text-align: left;\"><strong>14.00\u201316.00 Meeting with Swedish author Kristina Ohlsson,<\/strong><br \/>\nAlso participate translator of book \u2018Glasbarnen\u2019 Mantas Karvelis and publisher Benas B\u0117rantas, young readers, moderator Inga Mitunevi\u010di\u016bt\u0117,<br \/>\nChildren\u2019s Literature Centre of Lithuanian National Library<\/p>\n","protected":false},"excerpt":{"rendered":"<p>PROGRAMME THURSDAY 8TH OCTOBER, CONFERENCE HALL OF BUILDING III OF THE SEIMAS 09.00\u201309.30 Press Conference (Press Conference Hall, Building II of the Seimas) 08.00\u201309.45 Registration 10.00\u201310.30 Opening of the Conference, Welcome Speeches Director General of Martynas Ma\u017evydas National Library of &hellip;<\/p>\n<p class=\"read-more\"> <a class=\"more-link\" href=\"https:\/\/konferencijos.lnb.lt\/bibliotekos2015\/programme\/\"> <span class=\"screen-reader-text\">Programme<\/span> Read More &raquo;<\/a><\/p>\n","protected":false},"author":1,"featured_media":0,"parent":0,"menu_order":0,"comment_status":"closed","ping_status":"closed","template":"","meta":{"inline_featured_image":false,"footnotes":""},"class_list":["post-49","page","type-page","status-publish","hentry"],"_links":{"self":[{"href":"https:\/\/konferencijos.lnb.lt\/bibliotekos2015\/wp-json\/wp\/v2\/pages\/49","targetHints":{"allow":["GET"]}}],"collection":[{"href":"https:\/\/konferencijos.lnb.lt\/bibliotekos2015\/wp-json\/wp\/v2\/pages"}],"about":[{"href":"https:\/\/konferencijos.lnb.lt\/bibliotekos2015\/wp-json\/wp\/v2\/types\/page"}],"author":[{"embeddable":true,"href":"https:\/\/konferencijos.lnb.lt\/bibliotekos2015\/wp-json\/wp\/v2\/users\/1"}],"replies":[{"embeddable":true,"href":"https:\/\/konferencijos.lnb.lt\/bibliotekos2015\/wp-json\/wp\/v2\/comments?post=49"}],"version-history":[{"count":11,"href":"https:\/\/konferencijos.lnb.lt\/bibliotekos2015\/wp-json\/wp\/v2\/pages\/49\/revisions"}],"predecessor-version":[{"id":265,"href":"https:\/\/konferencijos.lnb.lt\/bibliotekos2015\/wp-json\/wp\/v2\/pages\/49\/revisions\/265"}],"wp:attachment":[{"href":"https:\/\/konferencijos.lnb.lt\/bibliotekos2015\/wp-json\/wp\/v2\/media?parent=49"}],"curies":[{"name":"wp","href":"https:\/\/api.w.org\/{rel}","templated":true}]}}