{"id":5,"date":"2015-08-13T09:35:22","date_gmt":"2015-08-13T11:35:22","guid":{"rendered":"http:\/\/www.lnb.lt\/conference\/bibliotekos2015\/?page_id=5"},"modified":"2016-04-22T04:24:19","modified_gmt":"2016-04-22T06:24:19","slug":"apie","status":"publish","type":"page","link":"https:\/\/konferencijos.lnb.lt\/bibliotekos2015\/apie\/","title":{"rendered":"Apie"},"content":{"rendered":"<p>Lietuvos nacionalin\u0117s Martyno Ma\u017evydo bibliotekos inicijuojama tarptautin\u0117 konferencija <strong>\u201eVaik\u0173 ir jaunimo skaitymas kaip i\u0161\u0161\u016bkis XXI am\u017eiuje: bibliotekos \u2013 socialiniams poky\u010diams 2015\u201c<\/strong>, skirta \u0160vedijos Karaliaus Karlo XVI Gustavo ir Karalien\u0117s Silvijos valstybinio vizito \u012f Lietuv\u0105 proga.<\/p>\n<p>\u0160vedija gars\u0117ja ypatingu d\u0117mesiu vaik\u0173 literat\u016brai \u2013 jos puosel\u0117jimu, recepcija, sklaida, kult\u016briniais mainais. Lietuvoje d\u0117mesys vaik\u0173 literat\u016brai taip pat stipr\u0117ja, o \u012f \u0160vedij\u0105 neretai \u017evelgiama kaip \u012f pavyzd\u012f \u2013 daug\u0117ja \u0161ved\u0173 autori\u0173 knyg\u0173 vertim\u0173 \u012f lietuvi\u0173 kalb\u0105, domimasi sve\u010dioje \u0161alyje vykdomomis skaitymo skatinimo programomis bei literat\u016brin\u0117mis premijomis, bendradarbiaujama su \u0160vedijos vaik\u0173 literat\u016bros tyrin\u0117tojais, leid\u0117jais. \u0160i konferencija skirta ir pa\u017eym\u0117ti valstybin\u012f vizit\u0105, ir u\u017emegzti glaudesnius ry\u0161ius, taip pat pasidalinti patirtimis, pasiekimais, id\u0117jomis su Lietuvos bei \u0160vedijos vaik\u0173 literat\u016bros specialistais, bibliotekininkais, d\u0117stytojais, mokytojais, leid\u0117jais, vert\u0117jais bei ra\u0161ytojais.<\/p>\n<p><img loading=\"lazy\" decoding=\"async\" src=\"\/wp-content\/uploads\/sites\/4\/2015\/09\/paveiksliukai\/random.php\" alt=\"paveiksliukai\" width=\"600\" height=\"118\" class=\"alignnone size-full wp-image-108\" \/><\/p>\n","protected":false},"excerpt":{"rendered":"<p>Lietuvos nacionalin\u0117s Martyno Ma\u017evydo bibliotekos inicijuojama tarptautin\u0117 konferencija \u201eVaik\u0173 ir jaunimo skaitymas kaip i\u0161\u0161\u016bkis XXI am\u017eiuje: bibliotekos \u2013 socialiniams poky\u010diams 2015\u201c, skirta \u0160vedijos Karaliaus Karlo XVI Gustavo ir Karalien\u0117s Silvijos valstybinio vizito \u012f Lietuv\u0105 proga. \u0160vedija gars\u0117ja ypatingu d\u0117mesiu vaik\u0173 &hellip;<\/p>\n<p class=\"read-more\"> <a class=\"more-link\" href=\"https:\/\/konferencijos.lnb.lt\/bibliotekos2015\/apie\/\"> <span class=\"screen-reader-text\">Apie<\/span> Read More &raquo;<\/a><\/p>\n","protected":false},"author":1,"featured_media":0,"parent":0,"menu_order":0,"comment_status":"closed","ping_status":"closed","template":"","meta":{"inline_featured_image":false,"footnotes":""},"class_list":["post-5","page","type-page","status-publish","hentry"],"_links":{"self":[{"href":"https:\/\/konferencijos.lnb.lt\/bibliotekos2015\/wp-json\/wp\/v2\/pages\/5","targetHints":{"allow":["GET"]}}],"collection":[{"href":"https:\/\/konferencijos.lnb.lt\/bibliotekos2015\/wp-json\/wp\/v2\/pages"}],"about":[{"href":"https:\/\/konferencijos.lnb.lt\/bibliotekos2015\/wp-json\/wp\/v2\/types\/page"}],"author":[{"embeddable":true,"href":"https:\/\/konferencijos.lnb.lt\/bibliotekos2015\/wp-json\/wp\/v2\/users\/1"}],"replies":[{"embeddable":true,"href":"https:\/\/konferencijos.lnb.lt\/bibliotekos2015\/wp-json\/wp\/v2\/comments?post=5"}],"version-history":[{"count":16,"href":"https:\/\/konferencijos.lnb.lt\/bibliotekos2015\/wp-json\/wp\/v2\/pages\/5\/revisions"}],"predecessor-version":[{"id":261,"href":"https:\/\/konferencijos.lnb.lt\/bibliotekos2015\/wp-json\/wp\/v2\/pages\/5\/revisions\/261"}],"wp:attachment":[{"href":"https:\/\/konferencijos.lnb.lt\/bibliotekos2015\/wp-json\/wp\/v2\/media?parent=5"}],"curies":[{"name":"wp","href":"https:\/\/api.w.org\/{rel}","templated":true}]}}