{"id":7,"date":"2015-08-13T09:35:44","date_gmt":"2015-08-13T11:35:44","guid":{"rendered":"http:\/\/www.lnb.lt\/conference\/bibliotekos2015\/?page_id=7"},"modified":"2016-04-22T04:26:36","modified_gmt":"2016-04-22T06:26:36","slug":"programa","status":"publish","type":"page","link":"https:\/\/konferencijos.lnb.lt\/bibliotekos2015\/programa\/","title":{"rendered":"Programa"},"content":{"rendered":"<p style=\"text-align: center;\"><strong>PROGRAMA<\/strong><\/p>\n<p style=\"text-align: center; padding-left: 30px;\"><strong>SPALIO 8 D., KETVIRTADIENIS<a href=\"\/wp-content\/uploads\/sites\/4\/2015\/10\/konferencija_spalio_8.pdf\" target=\"_blank\"><img loading=\"lazy\" decoding=\"async\" class=\"size-full wp-image-172 alignright\" src=\"\/wp-content\/uploads\/sites\/4\/2015\/09\/down_pdf_icon.jpg\" alt=\"down_pdf_icon\" width=\"50\" height=\"50\" \/><\/a><\/strong><br \/>\n<strong>LIETUVOS RESPUBLIKOS SEIMAS, III R\u016aM\u0172 KONFERENCIJ\u0172 SAL\u0116<\/strong><\/p>\n<p style=\"text-align: left;\"><strong>09.00\u201309.30 Spaudos konferencija (Seimo spaudos konferencij\u0173 sal\u0117, II r\u016bmai)<\/strong><br \/>\n<strong>08.00\u201309.45 Registracija<\/strong><br \/>\n<strong>10.00\u201310.30 Konferencijos atidarymas<\/strong><br \/>\n<strong>Lietuvos nacionalin\u0117s bibliotekos generalinis direktorius prof. dr. Renaldas Gudauskas<\/strong><br \/>\n<strong>Lietuvos Respublikos kult\u016bros ministro \u0160ar\u016bno Biru\u010dio kalba \u201eAr skaitymas mus daro geresnius?\u201c<\/strong><br \/>\n<strong>Lietuvos Respublikos Seimo pirminink\u0117 Loreta Grau\u017einien\u0117<\/strong><br \/>\n<strong>Jos Didenyb\u0117 \u0160vedijos karalien\u0117 Silvija<\/strong><\/p>\n<hr \/>\n<p style=\"text-align: left;\"><strong>10.30\u201312.45 PIRMA SESIJA \u201eSKAITYMO SKATINIMO I\u0160\u0160\u016aKIAI\u201c<\/strong><br \/>\n<strong>Moderuoja Sandra Leknickien\u0117<\/strong>, Lietuvos nacionalin\u0117s Martyno Ma\u017evydo bibliotekos generalinio direktoriaus pavaduotoja informacijos i\u0161tekli\u0173 ir paslaug\u0173 pl\u0117trai<br \/>\n<strong>10.30\u201310.45 \u0160ved\u0173 ir lietuvi\u0173 kult\u016brini\u0173 ir literat\u016brini\u0173 ry\u0161i\u0173 pristatymas<\/strong><br \/>\nSandra Leknickien\u0117<br \/>\n<strong>10.45\u201311.10 Skaitymo skatinimo programos \u0160vedijoje<\/strong><br \/>\nDr. Jonas Andersson, \u0160vedijos men\u0173 tarybos skaitymo ir skaitymo skatinimo projekt\u0173 vykdytojas<br \/>\n<strong>11.10\u201311.30 Skaitymo ambasadorius: misija ir veikla<\/strong><br \/>\nJohan Unenge, \u0160vedijos pirmasis skaitymo ambasadorius (2011\u20132012 m.)<br \/>\n<strong>11.30\u201311.55 Astridos Lindgren premija (ALMA)<\/strong><br \/>\nHelen Sigeland, Astridos Lindgren premijos komiteto direktor\u0117<br \/>\n<strong>11.55\u201312.20 Skaitymo skatinimo programos Lietuvoje: ar jos s\u0117kmingos?<\/strong><br \/>\nR\u016bta Elijo\u0161aityt\u0117, V\u0161\u012e \u201eLaikas skaityti\u201c direktor\u0117<br \/>\n<strong>12.20\u201312.45 Inovacijos \u0160vedijos vaik\u0173 bibliotekose: modernios erdv\u0117s \u0161iuolaikiniams skaitytojams<\/strong><br \/>\nKatti Hoflin, Stokholmo miesto bibliotek\u0173 tinklo vadov\u0117<\/p>\n<p style=\"text-align: left;\"><strong>12.45\u201314.00 PIET\u016aS<\/strong><\/p>\n<hr \/>\n<p style=\"text-align: left;\"><strong>14.00\u201317.00 ANTRA SESIJA \u201e\u0160IUOLAIKIN\u0116S VAIK\u0172 LITERAT\u016aROS PROCESAI\u201c<\/strong><br \/>\n<strong>Moderuoja dr. K\u0119stutis Urba<\/strong>, Vilniaus universiteto docentas, Lietuvos nacionalin\u0117s Martyno Ma\u017evydo bibliotekos Vaik\u0173 literat\u016bros centro vyresnysis bibliotekininkas<br \/>\n<strong>14.00\u201314.25 \u0160iuolaikin\u0117 \u0161ved\u0173 vaik\u0173 literat\u016bra<\/strong><br \/>\nDr. Sara K\u00e4rrholm, Lundo universiteto docent\u0117<br \/>\n<strong>14.25\u201314.50 \u0160iuolaikin\u0117 lietuvi\u0173 vaik\u0173 literat\u016bra: laisva \u0161alis, laisva literat\u016bra, laisvas skaitytojas?<\/strong><br \/>\nDr. Asta Gustaitien\u0117, Vytauto Did\u017eiojo universiteto docent\u0117<br \/>\n<strong>14.50\u201315.15 Vaik\u0173 literat\u016bros leidyba \u0160vedijoje: literat\u016bros kismas ir vertim\u0173 i\u0161\u0161\u016bkiai<\/strong><br \/>\nErik Titusson, leidyklos \u201eLilla Piratf\u00f6rlaget\u201c direktorius, \u0160vedijos IBBY valdybos narys<\/p>\n<p style=\"text-align: left;\"><strong>15.15\u201315.45 KAVOS PERTRAUKA<\/strong><\/p>\n<p style=\"text-align: left;\"><strong>15.45\u201316.10 Vaik\u0173 literat\u016bros leidyba Lietuvoje: tarp komercijos ir meno<\/strong><br \/>\nAida Dobkevi\u010di\u016bt\u0117, Lietuvos leid\u0117j\u0173 asociacijos vykdomoji direktor\u0117<br \/>\n<strong>16.10\u201316.35 Vaikai kaip skaitytojai Lietuvoje<\/strong><br \/>\nDonata Andriu\u0161kevi\u010dien\u0117, Lietuvos nacionalin\u0117s Martyno Ma\u017evydo bibliotekos Vaik\u0173 literat\u016bros centro vyriausioji bibliograf\u0117<br \/>\n<strong>16.35\u201316.45 Baigiamoji kalba ir apibendrinimas<\/strong><br \/>\nProf. dr. Renaldas Gudauskas, Lietuvos nacionalin\u0117s Martyno Ma\u017evydo bibliotekos generalinis direktorius<br \/>\n<strong>Parodos: \u201ePopuliariausios \u0161ved\u0173 autori\u0173 knygos vaikams\u201c (Lietuvos nacionalin\u0117 biblioteka), \u201eKur auga vaikai\u201c (\u0160vedijos institutas)<\/strong><\/p>\n<p style=\"text-align: left;\">\n<hr \/>\n<p style=\"text-align: center;\"><strong>SPALIO 9 D., PENKTADIENIS<a href=\"\/wp-content\/uploads\/sites\/4\/2015\/10\/konferencija_spalio_9.pdf\" target=\"_blank\"><img loading=\"lazy\" decoding=\"async\" class=\"size-full wp-image-172 alignright\" src=\"\/wp-content\/uploads\/sites\/4\/2015\/09\/down_pdf_icon.jpg\" alt=\"down_pdf_icon\" width=\"50\" height=\"50\" \/><\/a><\/strong><br \/>\n<strong>VILNIAUS MIESTO SAVIVALDYB\u0116S CENTRIN\u0116 BIBLIOTEKA, KONFERENCIJ\u0172 SAL\u0116 (\u017dIRM\u016aN\u0172 G. 6, VILNIUS)<\/strong><\/p>\n<p style=\"text-align: left;\"><strong>10.00\u201313.00 Apskritasis stalas \u201eKas formuoja vaik\u0173 literat\u016bros procesus: ra\u0161ytojai, skaitytojai, leid\u0117jai ar bibliotekininkai?\u201c<\/strong><\/p>\n<p style=\"text-align: left;\"><strong>PIRMA DALIS: ra\u0161ytoj\u0173 diskusija<\/strong><\/p>\n<p style=\"text-align: left;\"><strong>Moderuoja dr. K\u0119stutis Urba<\/strong>, Vilniaus universitetas, Lietuvos nacionalin\u0117 Martyno Ma\u017evydo biblioteka<br \/>\nDalyvauja Johan Unenge (ra\u0161ytojas), Kristina Ohlsson (ra\u0161ytoja), Gintar\u0117 Adomaityt\u0117 (ra\u0161ytoja), Birut\u0117 Marcinkevi\u010di\u016bt\u0117 (ra\u0161ytoja),<br \/>\nRenata\u00a0\u0160erelyt\u0117 (ra\u0161ytoja), Lietuvos ra\u0161ytojai ir bibliotek\u0173 atstovai<\/p>\n<p style=\"text-align: left;\"><strong>KAVOS PERTRAUKA<\/strong><\/p>\n<p style=\"text-align: left;\"><strong>ANTRA DALIS: leid\u0117j\u0173 diskusija<\/strong><br \/>\n<strong>Moderuoja Rasa Bal\u010dikonyt\u0117<\/strong>, Lietuvos Respublikos kult\u016bros ministerija<br \/>\nDalyvauja Erik Titusson (leidykla \u201eLilla Piratf\u00f6rlaget\u201c (\u0160vedija)), Aist\u0117 Pivori\u016bnien\u0117 (\u201eAlma littera\u201c), Lolita Varanavi\u010dien\u0117 (\u201eTyto alba\u201c),<br \/>\nArvydas\u00a0Vereckis (\u201eNieko rimto\u201c), Lietuvos leid\u0117jai ir bibliotek\u0173 atstovai<\/p>\n<p style=\"text-align: left;\"><strong>KAVOS PERTRAUKA<\/strong><\/p>\n<p style=\"text-align: left;\"><strong>TRE\u010cIA DALIS:<\/strong> bibliotekinink\u0173 diskusija<br \/>\n<strong>Moderuoja Simona \u017dilien\u0117<\/strong>, Vilniaus miesto savivaldyb\u0117s centrin\u0117 biblioteka<br \/>\nDalyvauja Katti Hoflin (Stokholmo vie\u0161oji biblioteka), Silvija Tretjakova (Latvijos nacionalin\u0117s bibliotekos Vaik\u0173 literat\u016bros centras),<br \/>\nEmilija\u00a0Bugaili\u0161kien\u0117 (LR \u0161vietimo ir mokslo ministerija), Gra\u017eina Lamanauskien\u0117 (LR kult\u016bros ministerija), Aldona \u0160iaulien\u0117 (\u0160iauli\u0173 apskrities<br \/>\nPovilo\u00a0Vi\u0161inskio vie\u0161oji biblioteka), Lietuvos bibliotek\u0173 atstovai<br \/>\n<strong>Paroda \u201eKur auga vaikai\u201c (\u0160vedijos institutas)<\/strong><\/p>\n<p style=\"text-align: left;\">\n<hr \/>\n<p style=\"text-align: left;\">\n<p style=\"text-align: center;\"><strong>VILNIAUS APSKRITIES ADOMO MICKEVI\u010cIAUS VIE\u0160OJI BIBLIOTEKA, VAIK\u0172 BIBLIOTEKA (TRAK\u0172 G. 10, VILNIUS)<\/strong><\/p>\n<p style=\"text-align: left;\"><strong>14.00\u201316.00 Susitikimas su \u0161ved\u0173 autore Kristina Ohlsson<\/strong><br \/>\nSusitikime dalyvauja knygos \u201eStiklo vaikai\u201c vert\u0117jas Mantas Karvelis ir leidyklos \u201eNieko rimto\u201c atstovas Benas B\u0117rantas bei jaunieji skaitytojai,<br \/>\nrengin\u012f veda Inga Mitunevi\u010di\u016bt\u0117, Lietuvos nacionalin\u0117s bibliotekos Vaik\u0173 literat\u016bros centras<\/p>\n","protected":false},"excerpt":{"rendered":"<p>PROGRAMA SPALIO 8 D., KETVIRTADIENIS LIETUVOS RESPUBLIKOS SEIMAS, III R\u016aM\u0172 KONFERENCIJ\u0172 SAL\u0116 09.00\u201309.30 Spaudos konferencija (Seimo spaudos konferencij\u0173 sal\u0117, II r\u016bmai) 08.00\u201309.45 Registracija 10.00\u201310.30 Konferencijos atidarymas Lietuvos nacionalin\u0117s bibliotekos generalinis direktorius prof. dr. Renaldas Gudauskas Lietuvos Respublikos kult\u016bros ministro \u0160ar\u016bno &hellip;<\/p>\n<p class=\"read-more\"> <a class=\"more-link\" href=\"https:\/\/konferencijos.lnb.lt\/bibliotekos2015\/programa\/\"> <span class=\"screen-reader-text\">Programa<\/span> Read More &raquo;<\/a><\/p>\n","protected":false},"author":1,"featured_media":0,"parent":0,"menu_order":0,"comment_status":"closed","ping_status":"closed","template":"","meta":{"inline_featured_image":false,"footnotes":""},"class_list":["post-7","page","type-page","status-publish","hentry"],"_links":{"self":[{"href":"https:\/\/konferencijos.lnb.lt\/bibliotekos2015\/wp-json\/wp\/v2\/pages\/7","targetHints":{"allow":["GET"]}}],"collection":[{"href":"https:\/\/konferencijos.lnb.lt\/bibliotekos2015\/wp-json\/wp\/v2\/pages"}],"about":[{"href":"https:\/\/konferencijos.lnb.lt\/bibliotekos2015\/wp-json\/wp\/v2\/types\/page"}],"author":[{"embeddable":true,"href":"https:\/\/konferencijos.lnb.lt\/bibliotekos2015\/wp-json\/wp\/v2\/users\/1"}],"replies":[{"embeddable":true,"href":"https:\/\/konferencijos.lnb.lt\/bibliotekos2015\/wp-json\/wp\/v2\/comments?post=7"}],"version-history":[{"count":28,"href":"https:\/\/konferencijos.lnb.lt\/bibliotekos2015\/wp-json\/wp\/v2\/pages\/7\/revisions"}],"predecessor-version":[{"id":262,"href":"https:\/\/konferencijos.lnb.lt\/bibliotekos2015\/wp-json\/wp\/v2\/pages\/7\/revisions\/262"}],"wp:attachment":[{"href":"https:\/\/konferencijos.lnb.lt\/bibliotekos2015\/wp-json\/wp\/v2\/media?parent=7"}],"curies":[{"name":"wp","href":"https:\/\/api.w.org\/{rel}","templated":true}]}}