{"id":9,"date":"2015-08-13T09:36:11","date_gmt":"2015-08-13T11:36:11","guid":{"rendered":"http:\/\/www.lnb.lt\/conference\/bibliotekos2015\/?page_id=9"},"modified":"2020-01-20T05:17:07","modified_gmt":"2020-01-20T07:17:07","slug":"pranesejai","status":"publish","type":"page","link":"https:\/\/konferencijos.lnb.lt\/bibliotekos2015\/pranesejai\/","title":{"rendered":"Prane\u0161\u0117jai"},"content":{"rendered":"<ul class=\"pranesejai\">\n<li>\n<div style=\"width: 150px\" class=\"wp-caption alignleft\"><img loading=\"lazy\" decoding=\"async\" src=\"\/wp-content\/uploads\/sites\/4\/2015\/09\/gudauskas.jpg\" alt=\"Prof. dr. Renaldas Gudauskas\" width=\"140\" height=\"140\"><\/p>\n<p class=\"wp-caption-text\">Prof. dr. Renaldas Gudauskas<\/p>\n<\/div>\n<\/li>\n<li>\n<div style=\"width: 150px\" class=\"wp-caption alignleft\"><img loading=\"lazy\" decoding=\"async\" src=\"\/wp-content\/uploads\/sites\/4\/2015\/09\/andersson.jpg\" alt=\"Dr. Jonas Andersson\" width=\"140\" height=\"140\"><\/p>\n<p class=\"wp-caption-text\">Dr. Jonas<br \/>\nAndersson<\/p>\n<\/div>\n<\/li>\n<li>\n<div style=\"width: 150px\" class=\"wp-caption alignleft\"><img loading=\"lazy\" decoding=\"async\" src=\"\/wp-content\/uploads\/sites\/4\/2015\/09\/andriuskeviciene.jpg\" alt=\"Donata Andriu\u0161kevi\u010dien\u0117\" width=\"140\" height=\"140\"><\/p>\n<p class=\"wp-caption-text\">Donata<br \/>\nAndriu\u0161kevi\u010dien\u0117<\/p>\n<\/div>\n<\/li>\n<li>\n<div style=\"width: 150px\" class=\"wp-caption alignleft\"><img loading=\"lazy\" decoding=\"async\" src=\"\/wp-content\/uploads\/sites\/4\/2015\/09\/dobkeviciute.jpg\" alt=\"Aida Dobkevi\u010di\u016bt\u0117\" width=\"140\" height=\"140\"><\/p>\n<p class=\"wp-caption-text\"> Aida Dobkevi\u010di\u016bt\u0117<\/p>\n<\/div>\n<\/li>\n<li>\n<div style=\"width: 150px\" class=\"wp-caption alignleft\"><img loading=\"lazy\" decoding=\"async\" class=\"wp-image-105\" src=\"\/wp-content\/uploads\/sites\/4\/2015\/09\/elijosaityte.jpg\" alt=\"R\u016bta Elijo\u0161aityt\u0117\" width=\"140\" height=\"140\"><\/p>\n<p class=\"wp-caption-text\">R\u016bta Elijo\u0161aityt\u0117<\/p>\n<\/div>\n<\/li>\n<li>\n<div style=\"width: 150px\" class=\"wp-caption alignleft\"><img loading=\"lazy\" decoding=\"async\" class=\"wp-image-105\" src=\"\/wp-content\/uploads\/sites\/4\/2015\/09\/gustaitiene.jpg\" alt=\"Asta Gustaitien\u0117\" width=\"140\" height=\"140\"><\/p>\n<p class=\"wp-caption-text\"> Asta Gustaitien\u0117<\/p>\n<\/div>\n<\/li>\n<li>\n<div style=\"width: 150px\" class=\"wp-caption alignleft\"><img loading=\"lazy\" decoding=\"async\" src=\"\/wp-content\/uploads\/sites\/4\/2015\/09\/hoflin.jpg\" alt=\"Katti Hoflin\" width=\"140\" height=\"140\"><\/p>\n<p class=\"wp-caption-text\">Katti Hoflin<\/p>\n<\/div>\n<\/li>\n<li>\n<div style=\"width: 150px\" class=\"wp-caption alignleft\"><img loading=\"lazy\" decoding=\"async\" class=\"wp-image-105\" src=\"\/wp-content\/uploads\/sites\/4\/2015\/09\/karrlholm.jpg\" alt=\"Sara K\u00e4rrholm\" width=\"140\" height=\"140\"><\/p>\n<p class=\"wp-caption-text\">Sara K\u00e4rrholm<\/p>\n<\/div>\n<\/li>\n<li>\n<div style=\"width: 150px\" class=\"wp-caption alignleft\"><img loading=\"lazy\" decoding=\"async\" src=\"\/wp-content\/uploads\/sites\/4\/2015\/09\/sigeland.jpg\" alt=\"Helen Sigeland\" width=\"140\" height=\"140\"><\/p>\n<p class=\"wp-caption-text\">Helen Sigeland<\/p>\n<\/div>\n<\/li>\n<li>\n<div style=\"width: 150px\" class=\"wp-caption alignleft\"><img loading=\"lazy\" decoding=\"async\" src=\"\/wp-content\/uploads\/sites\/4\/2015\/09\/titusson.jpg\" alt=\"Erik Titusson\" width=\"140\" height=\"140\"><\/p>\n<p class=\"wp-caption-text\">Erik Titusson<\/p>\n<\/div>\n<\/li>\n<li>\n<div style=\"width: 150px\" class=\"wp-caption alignleft\"><img loading=\"lazy\" decoding=\"async\" src=\"\/wp-content\/uploads\/sites\/4\/2015\/09\/unenge.jpg\" alt=\"Johan Unenge\" width=\"140\" height=\"140\"><\/p>\n<p class=\"wp-caption-text\">Johan Unenge<\/p>\n<\/div>\n<\/li>\n<\/ul>\n","protected":false},"excerpt":{"rendered":"<p>Prof. dr. Renaldas Gudauskas Dr. Jonas Andersson Donata Andriu\u0161kevi\u010dien\u0117 Aida Dobkevi\u010di\u016bt\u0117 R\u016bta Elijo\u0161aityt\u0117 Asta Gustaitien\u0117 Katti Hoflin Sara K\u00e4rrholm Helen Sigeland Erik Titusson Johan Unenge<\/p>\n","protected":false},"author":1,"featured_media":0,"parent":0,"menu_order":0,"comment_status":"closed","ping_status":"closed","template":"","meta":{"inline_featured_image":false,"footnotes":""},"class_list":["post-9","page","type-page","status-publish","hentry"],"_links":{"self":[{"href":"https:\/\/konferencijos.lnb.lt\/bibliotekos2015\/wp-json\/wp\/v2\/pages\/9","targetHints":{"allow":["GET"]}}],"collection":[{"href":"https:\/\/konferencijos.lnb.lt\/bibliotekos2015\/wp-json\/wp\/v2\/pages"}],"about":[{"href":"https:\/\/konferencijos.lnb.lt\/bibliotekos2015\/wp-json\/wp\/v2\/types\/page"}],"author":[{"embeddable":true,"href":"https:\/\/konferencijos.lnb.lt\/bibliotekos2015\/wp-json\/wp\/v2\/users\/1"}],"replies":[{"embeddable":true,"href":"https:\/\/konferencijos.lnb.lt\/bibliotekos2015\/wp-json\/wp\/v2\/comments?post=9"}],"version-history":[{"count":32,"href":"https:\/\/konferencijos.lnb.lt\/bibliotekos2015\/wp-json\/wp\/v2\/pages\/9\/revisions"}],"predecessor-version":[{"id":277,"href":"https:\/\/konferencijos.lnb.lt\/bibliotekos2015\/wp-json\/wp\/v2\/pages\/9\/revisions\/277"}],"wp:attachment":[{"href":"https:\/\/konferencijos.lnb.lt\/bibliotekos2015\/wp-json\/wp\/v2\/media?parent=9"}],"curies":[{"name":"wp","href":"https:\/\/api.w.org\/{rel}","templated":true}]}}