{"id":2,"date":"2017-10-12T09:51:10","date_gmt":"2017-10-12T11:51:10","guid":{"rendered":"http:\/\/konferencijos.lnb.lt\/testas\/?page_id=2"},"modified":"2017-12-18T10:05:32","modified_gmt":"2017-12-18T12:05:32","slug":"puslapio-pavyzdys","status":"publish","type":"page","link":"https:\/\/konferencijos.lnb.lt\/bibliotekos2017\/","title":{"rendered":"Prad\u017eia"},"content":{"rendered":"<p>Kvie\u010diame \u012f IFLA lydin\u010diosios konferencijos sesij\u0105 \u201e\u012evairialypi\u0173 tapatum\u0173 i\u0161\u0161\u016bkiai. Daugiatauti\u0161kumas genealogijoje, lokalin\u0117je istorijoje ir regionin\u0117je atmintyje: bibliotek\u0173 ir kit\u0173 atminties institucij\u0173 i\u0161\u0161\u016bkiai bei galimyb\u0117s\u201c<\/p>\n<p><strong>Data: rugpj\u016b\u010dio 16\u201317 d.<\/strong><\/p>\n<p><strong>Vieta: Lietuvos nacionalin\u0117 Martyno Ma\u017evydo biblioteka, Gedimino pr. 51, Vilnius.<\/strong><\/p>\n<p>R\u0117m\u0117jai: Lietuvos nacionalin\u0117 Martyno Ma\u017evydo biblioteka, Vilniaus universiteto Komunikacijos fakulteto Bibliotekininkyst\u0117s ir informacijos moksl\u0173 institutas.<\/p>\n<p>Registracija: dalyvavimas \u0161ios konferencijos sesijoje yra nemokamas, ta\u010diau b\u016btina registracija \u012f abi dienas atskirai.<\/p>\n<p>Informuojame, kad registracija \u012f IFLA lydin\u010diosios konferencijos sesij\u0105 u\u017esidaro rugpj\u016b\u010dio 7 d. Dar likusios kelios laisvos vietos, \u012f kurias kvie\u010diame registruotis. Jei jos u\u017esipildys grei\u010diau \u2013 registracij\u0105 bus sustabdyta anks\u010diau laiko.<\/p>\n","protected":false},"excerpt":{"rendered":"<p>Kvie\u010diame \u012f IFLA lydin\u010diosios konferencijos sesij\u0105 \u201e\u012evairialypi\u0173 tapatum\u0173 i\u0161\u0161\u016bkiai. Daugiatauti\u0161kumas genealogijoje, lokalin\u0117je istorijoje ir regionin\u0117je atmintyje: bibliotek\u0173 ir kit\u0173 atminties institucij\u0173 i\u0161\u0161\u016bkiai bei galimyb\u0117s\u201c Data: rugpj\u016b\u010dio 16\u201317 d. Vieta: Lietuvos nacionalin\u0117 Martyno Ma\u017evydo biblioteka, Gedimino pr. 51, Vilnius. R\u0117m\u0117jai: Lietuvos nacionalin\u0117 Martyno Ma\u017evydo biblioteka, Vilniaus universiteto Komunikacijos fakulteto Bibliotekininkyst\u0117s ir informacijos moksl\u0173 institutas. Registracija: dalyvavimas&#8230;<\/p>\n","protected":false},"author":1,"featured_media":0,"parent":0,"menu_order":0,"comment_status":"closed","ping_status":"open","template":"","meta":{"inline_featured_image":false,"footnotes":""},"class_list":["post-2","page","type-page","status-publish","hentry"],"_links":{"self":[{"href":"https:\/\/konferencijos.lnb.lt\/bibliotekos2017\/wp-json\/wp\/v2\/pages\/2","targetHints":{"allow":["GET"]}}],"collection":[{"href":"https:\/\/konferencijos.lnb.lt\/bibliotekos2017\/wp-json\/wp\/v2\/pages"}],"about":[{"href":"https:\/\/konferencijos.lnb.lt\/bibliotekos2017\/wp-json\/wp\/v2\/types\/page"}],"author":[{"embeddable":true,"href":"https:\/\/konferencijos.lnb.lt\/bibliotekos2017\/wp-json\/wp\/v2\/users\/1"}],"replies":[{"embeddable":true,"href":"https:\/\/konferencijos.lnb.lt\/bibliotekos2017\/wp-json\/wp\/v2\/comments?post=2"}],"version-history":[{"count":4,"href":"https:\/\/konferencijos.lnb.lt\/bibliotekos2017\/wp-json\/wp\/v2\/pages\/2\/revisions"}],"predecessor-version":[{"id":100,"href":"https:\/\/konferencijos.lnb.lt\/bibliotekos2017\/wp-json\/wp\/v2\/pages\/2\/revisions\/100"}],"wp:attachment":[{"href":"https:\/\/konferencijos.lnb.lt\/bibliotekos2017\/wp-json\/wp\/v2\/media?parent=2"}],"curies":[{"name":"wp","href":"https:\/\/api.w.org\/{rel}","templated":true}]}}