{"id":2,"date":"2015-09-25T03:57:34","date_gmt":"2015-09-25T05:57:34","guid":{"rendered":"http:\/\/www.lnb.lt\/conference\/bllb\/?page_id=2"},"modified":"2016-05-10T07:21:13","modified_gmt":"2016-05-10T09:21:13","slug":"apie","status":"publish","type":"page","link":"https:\/\/konferencijos.lnb.lt\/bllb\/apie\/","title":{"rendered":"Apie"},"content":{"rendered":"<p><img loading=\"lazy\" decoding=\"async\" class=\"alignnone size-full wp-image-59\" src=\"http:\/\/konferencijos.lnb.lt\/bllb\/wp-content\/uploads\/sites\/6\/2015\/09\/bllb_ke.jpg\" alt=\"bllb_ke\" width=\"84\" height=\"33\" \/><\/p>\n<p>Siekdama glaudesnio bibliotek\u0173 ir leid\u0117j\u0173 bendradarbiavimo bei geresnio j\u0173 tarpusavio supratimo, Lietuvos nacionalin\u0117 Martyno Ma\u017evydo biblioteka inicijuoja konferencij\u0105-diskusij\u0105 <strong>\u201eBiblioteka \u2013 leid\u0117jui, leid\u0117jas \u2013 bibliotekai\u201c<\/strong>. Pagrindin\u0117 \u0161ios konferencijos tema \u2013 kaip bibliotekos ir leid\u0117jai gali dirbti i\u0161vien, ji skirta Lietuvos leid\u0117jams ir bibliotekininkams geriau pa\u017einti vieniems kitus.<\/p>\n<p>Leid\u0117jai ir bibliotekininkai dirba lygiagre\u010diuose pasauliuose. Ta\u010diau ar da\u017enai jie susim\u0105sto, kad turi bendr\u0173 tiksl\u0173 ir id\u0117j\u0173? \u0160ios konferencijos siekis ir yra pakviesti abiej\u0173 sri\u010di\u0173 atstovus pasidalinti savo mintimis bei id\u0117jomis. Konferencijoje diskutuosime, ie\u0161kosime problem\u0173 sprendimo b\u016bd\u0173 bei atsakym\u0173 \u012f aktualiausius klausimus, i\u0161kelsime pagrindinius i\u0161\u0161\u016bkius ir identifikuosime siekiamus tikslus.<\/p>\n<p>&nbsp;<\/p>\n","protected":false},"excerpt":{"rendered":"<p>Siekdama glaudesnio bibliotek\u0173 ir leid\u0117j\u0173 bendradarbiavimo bei geresnio j\u0173 tarpusavio supratimo, Lietuvos nacionalin\u0117 Martyno Ma\u017evydo biblioteka inicijuoja konferencij\u0105-diskusij\u0105 \u201eBiblioteka \u2013 leid\u0117jui, leid\u0117jas \u2013 bibliotekai\u201c. Pagrindin\u0117 \u0161ios konferencijos tema \u2013 kaip bibliotekos ir leid\u0117jai gali dirbti i\u0161vien, ji skirta Lietuvos leid\u0117jams &hellip;<\/p>\n<p class=\"read-more\"> <a class=\"more-link\" href=\"https:\/\/konferencijos.lnb.lt\/bllb\/apie\/\"> <span class=\"screen-reader-text\">Apie<\/span> Read More &raquo;<\/a><\/p>\n","protected":false},"author":1,"featured_media":0,"parent":0,"menu_order":0,"comment_status":"closed","ping_status":"open","template":"","meta":{"inline_featured_image":false,"footnotes":""},"class_list":["post-2","page","type-page","status-publish","hentry"],"_links":{"self":[{"href":"https:\/\/konferencijos.lnb.lt\/bllb\/wp-json\/wp\/v2\/pages\/2","targetHints":{"allow":["GET"]}}],"collection":[{"href":"https:\/\/konferencijos.lnb.lt\/bllb\/wp-json\/wp\/v2\/pages"}],"about":[{"href":"https:\/\/konferencijos.lnb.lt\/bllb\/wp-json\/wp\/v2\/types\/page"}],"author":[{"embeddable":true,"href":"https:\/\/konferencijos.lnb.lt\/bllb\/wp-json\/wp\/v2\/users\/1"}],"replies":[{"embeddable":true,"href":"https:\/\/konferencijos.lnb.lt\/bllb\/wp-json\/wp\/v2\/comments?post=2"}],"version-history":[{"count":4,"href":"https:\/\/konferencijos.lnb.lt\/bllb\/wp-json\/wp\/v2\/pages\/2\/revisions"}],"predecessor-version":[{"id":74,"href":"https:\/\/konferencijos.lnb.lt\/bllb\/wp-json\/wp\/v2\/pages\/2\/revisions\/74"}],"wp:attachment":[{"href":"https:\/\/konferencijos.lnb.lt\/bllb\/wp-json\/wp\/v2\/media?parent=2"}],"curies":[{"name":"wp","href":"https:\/\/api.w.org\/{rel}","templated":true}]}}