{"id":5,"date":"2015-09-25T04:20:11","date_gmt":"2015-09-25T06:20:11","guid":{"rendered":"http:\/\/www.lnb.lt\/conference\/bllb\/?page_id=5"},"modified":"2015-10-21T09:24:58","modified_gmt":"2015-10-21T11:24:58","slug":"programa","status":"publish","type":"page","link":"https:\/\/konferencijos.lnb.lt\/bllb\/programa\/","title":{"rendered":"Programa"},"content":{"rendered":"<p style=\"text-align: center;\"><strong>PROGRAMA<\/strong><\/p>\n<p><strong>9.00\u20139.30 \u2013 Dalyvi\u0173 registracija. Rytin\u0117 kava<\/strong><br \/>\n<strong>9.30\u20139.50 \u2013 Sveikinimo \u017eodis. Lietuvos kult\u016bros ministerijos ir Lietuvos nacionalin\u0117s Martyno Ma\u017evydo bibliotekos atstovai<\/strong><br \/>\n<strong>9.50\u201310.20 \u201eValstybin\u0117 bibliografin\u0117 apskaita ir leidyba\u201c<\/strong><br \/>\nNijol\u0117 Bli\u016bd\u017eiuvien\u0117, Lietuvos nacionalin\u0117s Martyno Ma\u017evydo bibliotekos Bibliografijos ir knygotyros centro direktor\u0117<br \/>\n<strong>10.20\u201310.50 \u201eTeis\u0117tas turinio prieinamumas ir sklaida skaitmeniniame am\u017eiuje\u201c<\/strong><br \/>\nRemigijus Jokubauskas, Lietuvos leid\u0117j\u0173 asociacijos prezidentas, leidyklos \u201eJustitia\u201c vadovas<br \/>\n<strong>10.50\u201311.20 \u201eBibliotekos ir leid\u0117jo santykis elektronini\u0173 leidini\u0173 kontekste\u201c<\/strong><br \/>\nEugenijus Stratilatovas, Lietuvos nacionalin\u0117s Martyno Ma\u017evydo bibliotekos generalinio direktoriaus pavaduotojas strateginei pl\u0117trai<br \/>\n<strong>11.20\u201311.50 \u201eBibliotek\u0173 apr\u016bpinimas\u201c<\/strong><br \/>\nRamut\u0117 \u017dandarien\u0117, Lietuvos ma\u017e\u0173 ir vidutini\u0173 leid\u0117j\u0173 asociacijos valdybos nar\u0117, leidyklos \u201e\u017dara\u201c vadov\u0117<br \/>\nPiet\u0173 pertrauka<br \/>\n<strong>13.00\u201313.30 \u201eTarptautin\u0117 standartin\u0117 leidini\u0173 numeracija Lietuvoje\u201c<\/strong><br \/>\nVida Matijo\u0161kait\u0117, Lietuvos nacionalin\u0117s Martyno Ma\u017evydo bibliotekos Bibliografijos ir knygotyros centro Nacionalini\u0173 agent\u016br\u0173 skyriaus<br \/>\nved\u0117ja-ISBN ir ISMN Lietuvos agent\u016bros vadov\u0117<br \/>\n<strong>13.30\u201314.00 \u201eNauj\u0173 leidini\u0173 komplektavimas Kauno apskrities vie\u0161ojoje bibliotekoje:<\/strong><br \/>\n<strong> archyvinio saugojimo funkcijas vykdan\u010dios bibliotekos patirtis\u201c<\/strong><br \/>\nAu\u0161ra Karpinskien\u0117 (Pagrindin\u0117s saugyklos skyriaus ved\u0117ja), Rita Mi\u0161kinyt\u0117 (Komplektavimo skyriaus ved\u0117ja),<br \/>\nReda Puzerauskien\u0117 (Periodikos skyriaus ved\u0117ja), Kauno apskrities vie\u0161oji biblioteka<br \/>\n<strong>14.00\u201314.30\u00a0\u201eFiksuota knyg\u0173 kaina\u201c<\/strong><br \/>\nSigitas Ladukas, Lietuvos ma\u017e\u0173 ir vidutini\u0173 leid\u0117j\u0173 asociacijos prezidentas<br \/>\n<strong>14.30\u201316.00 \u2013 Diskusija. Konferencijos apibendrinimas<\/strong><\/p>\n","protected":false},"excerpt":{"rendered":"<p>PROGRAMA 9.00\u20139.30 \u2013 Dalyvi\u0173 registracija. Rytin\u0117 kava 9.30\u20139.50 \u2013 Sveikinimo \u017eodis. Lietuvos kult\u016bros ministerijos ir Lietuvos nacionalin\u0117s Martyno Ma\u017evydo bibliotekos atstovai 9.50\u201310.20 \u201eValstybin\u0117 bibliografin\u0117 apskaita ir leidyba\u201c Nijol\u0117 Bli\u016bd\u017eiuvien\u0117, Lietuvos nacionalin\u0117s Martyno Ma\u017evydo bibliotekos Bibliografijos ir knygotyros centro direktor\u0117 10.20\u201310.50 &hellip;<\/p>\n<p class=\"read-more\"> <a class=\"more-link\" href=\"https:\/\/konferencijos.lnb.lt\/bllb\/programa\/\"> <span class=\"screen-reader-text\">Programa<\/span> Read More &raquo;<\/a><\/p>\n","protected":false},"author":1,"featured_media":0,"parent":0,"menu_order":0,"comment_status":"closed","ping_status":"closed","template":"","meta":{"inline_featured_image":false,"footnotes":""},"class_list":["post-5","page","type-page","status-publish","hentry"],"_links":{"self":[{"href":"https:\/\/konferencijos.lnb.lt\/bllb\/wp-json\/wp\/v2\/pages\/5","targetHints":{"allow":["GET"]}}],"collection":[{"href":"https:\/\/konferencijos.lnb.lt\/bllb\/wp-json\/wp\/v2\/pages"}],"about":[{"href":"https:\/\/konferencijos.lnb.lt\/bllb\/wp-json\/wp\/v2\/types\/page"}],"author":[{"embeddable":true,"href":"https:\/\/konferencijos.lnb.lt\/bllb\/wp-json\/wp\/v2\/users\/1"}],"replies":[{"embeddable":true,"href":"https:\/\/konferencijos.lnb.lt\/bllb\/wp-json\/wp\/v2\/comments?post=5"}],"version-history":[{"count":11,"href":"https:\/\/konferencijos.lnb.lt\/bllb\/wp-json\/wp\/v2\/pages\/5\/revisions"}],"predecessor-version":[{"id":63,"href":"https:\/\/konferencijos.lnb.lt\/bllb\/wp-json\/wp\/v2\/pages\/5\/revisions\/63"}],"wp:attachment":[{"href":"https:\/\/konferencijos.lnb.lt\/bllb\/wp-json\/wp\/v2\/media?parent=5"}],"curies":[{"name":"wp","href":"https:\/\/api.w.org\/{rel}","templated":true}]}}