{"id":65,"date":"2015-11-03T09:45:40","date_gmt":"2015-11-03T11:45:40","guid":{"rendered":"http:\/\/www.lnb.lt\/conference\/bllb\/?page_id=65"},"modified":"2015-11-03T09:45:40","modified_gmt":"2015-11-03T11:45:40","slug":"pranesimai-ir-galerija","status":"publish","type":"page","link":"https:\/\/konferencijos.lnb.lt\/bllb\/","title":{"rendered":"Prane\u0161imai ir galerija"},"content":{"rendered":"<ul>\n<li><a href=\"https:\/\/www.facebook.com\/media\/set\/?set=a.10153177140186863.1073741933.154171586862&amp;type=3\" target=\"_blank\">Konferencijos nuotraukos<\/a><\/li>\n<li><a href=\"https:\/\/drive.google.com\/folderview?id=0B_-73IZKEJy5ZmhjTjZ2dnh1N1U&amp;usp=sharing\" target=\"_blank\">Prane\u0161im\u0173 skaidr\u0117s<\/a><\/li>\n<\/ul>\n","protected":false},"excerpt":{"rendered":"<p>Konferencijos nuotraukos Prane\u0161im\u0173 skaidr\u0117s<\/p>\n","protected":false},"author":1,"featured_media":0,"parent":0,"menu_order":0,"comment_status":"closed","ping_status":"closed","template":"","meta":{"inline_featured_image":false,"footnotes":""},"class_list":["post-65","page","type-page","status-publish","hentry"],"_links":{"self":[{"href":"https:\/\/konferencijos.lnb.lt\/bllb\/wp-json\/wp\/v2\/pages\/65","targetHints":{"allow":["GET"]}}],"collection":[{"href":"https:\/\/konferencijos.lnb.lt\/bllb\/wp-json\/wp\/v2\/pages"}],"about":[{"href":"https:\/\/konferencijos.lnb.lt\/bllb\/wp-json\/wp\/v2\/types\/page"}],"author":[{"embeddable":true,"href":"https:\/\/konferencijos.lnb.lt\/bllb\/wp-json\/wp\/v2\/users\/1"}],"replies":[{"embeddable":true,"href":"https:\/\/konferencijos.lnb.lt\/bllb\/wp-json\/wp\/v2\/comments?post=65"}],"version-history":[{"count":1,"href":"https:\/\/konferencijos.lnb.lt\/bllb\/wp-json\/wp\/v2\/pages\/65\/revisions"}],"predecessor-version":[{"id":66,"href":"https:\/\/konferencijos.lnb.lt\/bllb\/wp-json\/wp\/v2\/pages\/65\/revisions\/66"}],"wp:attachment":[{"href":"https:\/\/konferencijos.lnb.lt\/bllb\/wp-json\/wp\/v2\/media?parent=65"}],"curies":[{"name":"wp","href":"https:\/\/api.w.org\/{rel}","templated":true}]}}