{"id":25,"date":"2016-11-14T05:37:03","date_gmt":"2016-11-14T07:37:03","guid":{"rendered":"http:\/\/konferencijos.lnb.lt\/bp2-2016\/?page_id=25"},"modified":"2021-09-17T04:49:19","modified_gmt":"2021-09-17T06:49:19","slug":"speakers","status":"publish","type":"page","link":"https:\/\/konferencijos.lnb.lt\/bp2-2016\/en\/speakers\/","title":{"rendered":"Speakers"},"content":{"rendered":"<p><a href=\"http:\/\/konferencijos.lnb.lt\/bp2-2016\/en\/dr-hannelore-vogt\/\"><img loading=\"lazy\" decoding=\"async\" class=\"alignnone\" src=\"http:\/\/konferencijos.lnb.lt\/bp2-2016\/wp-content\/uploads\/sites\/9\/2016\/11\/vogt-2.png\" alt=\"Hannelore Vogt\" width=\"240\" height=\"240\"><br \/>\n<\/a><strong><a href=\"http:\/\/konferencijos.lnb.lt\/bp2-2016\/en\/dr-hannelore-vogt\/\">Dr. Hannelore Vogt<br \/>\n<\/a>Cologne Public Library<\/strong><\/p>\n<p><a href=\"http:\/\/konferencijos.lnb.lt\/bp2-2016\/en\/marie-oestergaard\/\"><img loading=\"lazy\" decoding=\"async\" class=\"alignnone\" src=\"http:\/\/konferencijos.lnb.lt\/bp2-2016\/wp-content\/uploads\/sites\/9\/2016\/11\/Marie-o.png\" alt=\"marie-o\" width=\"240\" height=\"240\"><\/a><br \/>\n<strong><a href=\"http:\/\/konferencijos.lnb.lt\/bp2-2016\/en\/marie-oestergaard\/\">Marie \u00d8sterg\u00e5rd<br \/>\n<\/a>Dokk1<\/strong><\/p>\n<div style=\"clear: left\">\n<p><a href=\"http:\/\/konferencijos.lnb.lt\/bp2-2016\/en\/eugenijus-stratilatovas\/\"><img loading=\"lazy\" decoding=\"async\" class=\"alignnone\" src=\"http:\/\/konferencijos.lnb.lt\/bp2-2016\/wp-content\/uploads\/sites\/9\/2016\/11\/Eugenijaus-foto-m.png\" alt=\"eugenijaus-foto-m\" width=\"240\" height=\"240\"><\/a><br \/>\n<strong><a href=\"http:\/\/konferencijos.lnb.lt\/bp2-2016\/en\/eugenijus-stratilatovas\/\">Eugenijus Stratilatovas<br \/>\n<\/a>Martynas Ma\u017evydas National Library of Lithuania<\/strong><\/p>\n<\/div>\n<p><a href=\"http:\/\/konferencijos.lnb.lt\/bp2-2016\/en\/prof-dr-renaldas-gudauskas\/\"><img loading=\"lazy\" decoding=\"async\" class=\"alignnone\" src=\"http:\/\/konferencijos.lnb.lt\/bp2-2016\/wp-content\/uploads\/sites\/9\/2016\/11\/gen.direktorius-1.png\" alt=\"gen-direktorius-1\" width=\"240\" height=\"240\"><br \/>\n<\/a><strong><a href=\"http:\/\/konferencijos.lnb.lt\/bp2-2016\/en\/prof-dr-renaldas-gudauskas\/\">Prof. dr. Renaldas Gudauskas<br \/>\n<\/a>Martynas Ma\u017evydas National Library of Lithuania<\/strong><\/p>\n<div style=\"clear: left\">&nbsp;<a href=\"http:\/\/konferencijos.lnb.lt\/bp2-2016\/en\/darius-udrys\/\"><img loading=\"lazy\" decoding=\"async\" class=\"alignnone\" src=\"http:\/\/konferencijos.lnb.lt\/bp2-2016\/wp-content\/uploads\/sites\/9\/2016\/11\/Udrys.jpg\" alt=\"Udrys\" width=\"240\" height=\"240\"><br \/>\n<\/a><strong><a href=\"http:\/\/konferencijos.lnb.lt\/bp2-2016\/en\/darius-udrys\/\">Dr. Darius Udrys<br \/>\n<\/a>Public Institution GO Vilnius<\/strong><\/div>\n<div style=\"clear: left\"><\/div>\n<p><a href=\"http:\/\/konferencijos.lnb.lt\/bp2-2016\/en\/david-streatfield\/\"><img loading=\"lazy\" decoding=\"async\" class=\"alignnone\" src=\"http:\/\/konferencijos.lnb.lt\/bp2-2016\/wp-content\/uploads\/sites\/9\/2016\/12\/DavidStreatfield_2.jpg\" alt=\"David\" width=\"240\" height=\"240\"><br \/>\n<\/a><strong><a href=\"http:\/\/konferencijos.lnb.lt\/bp2-2016\/en\/david-streatfield\/\">David Streatfield<br \/>\n<\/a>Global Libraries initiative of the Bill &amp; Melinda Gates Foundation<\/strong><\/p>\n","protected":false},"excerpt":{"rendered":"<p>Dr. Hannelore Vogt Cologne Public Library Marie \u00d8sterg\u00e5rd Dokk1 Eugenijus Stratilatovas Martynas Ma\u017evydas National Library of Lithuania Prof. dr. Renaldas Gudauskas Martynas Ma\u017evydas National Library of Lithuania &nbsp; Dr. Darius Udrys Public Institution GO Vilnius David Streatfield Global Libraries initiative &hellip;<\/p>\n<p class=\"read-more\"> <a class=\"more-link\" href=\"https:\/\/konferencijos.lnb.lt\/bp2-2016\/en\/speakers\/\"> <span class=\"screen-reader-text\">Speakers<\/span> Read More &raquo;<\/a><\/p>\n","protected":false},"author":1,"featured_media":0,"parent":0,"menu_order":0,"comment_status":"closed","ping_status":"closed","template":"","meta":{"inline_featured_image":false,"footnotes":""},"class_list":["post-25","page","type-page","status-publish","hentry"],"_links":{"self":[{"href":"https:\/\/konferencijos.lnb.lt\/bp2-2016\/wp-json\/wp\/v2\/pages\/25","targetHints":{"allow":["GET"]}}],"collection":[{"href":"https:\/\/konferencijos.lnb.lt\/bp2-2016\/wp-json\/wp\/v2\/pages"}],"about":[{"href":"https:\/\/konferencijos.lnb.lt\/bp2-2016\/wp-json\/wp\/v2\/types\/page"}],"author":[{"embeddable":true,"href":"https:\/\/konferencijos.lnb.lt\/bp2-2016\/wp-json\/wp\/v2\/users\/1"}],"replies":[{"embeddable":true,"href":"https:\/\/konferencijos.lnb.lt\/bp2-2016\/wp-json\/wp\/v2\/comments?post=25"}],"version-history":[{"count":35,"href":"https:\/\/konferencijos.lnb.lt\/bp2-2016\/wp-json\/wp\/v2\/pages\/25\/revisions"}],"predecessor-version":[{"id":313,"href":"https:\/\/konferencijos.lnb.lt\/bp2-2016\/wp-json\/wp\/v2\/pages\/25\/revisions\/313"}],"wp:attachment":[{"href":"https:\/\/konferencijos.lnb.lt\/bp2-2016\/wp-json\/wp\/v2\/media?parent=25"}],"curies":[{"name":"wp","href":"https:\/\/api.w.org\/{rel}","templated":true}]}}