{"id":300,"date":"2021-09-17T04:35:03","date_gmt":"2021-09-17T06:35:03","guid":{"rendered":"https:\/\/konferencijos.lnb.lt\/bp2-2016\/?page_id=300"},"modified":"2021-09-17T05:10:09","modified_gmt":"2021-09-17T07:10:09","slug":"david-streatfield-2","status":"publish","type":"page","link":"https:\/\/konferencijos.lnb.lt\/bp2-2016\/david-streatfield-2\/","title":{"rendered":"Dr. Darius Udrys"},"content":{"rendered":"\n<p><a rel=\"noreferrer noopener\" href=\"https:\/\/udrys.wordpress.com\/apie\/\" target=\"_blank\">V\u0161\u012e \u201eGO Vilnius\u201c<\/a><br>Vie\u0161\u0173j\u0173 ry\u0161i\u0173 ir organizacij\u0173 pl\u0117tros specialistas<a href=\"https:\/\/konferencijos.lnb.lt\/bp2-2016\/pranesejas\/dr-darius-udrys\/\"><\/a><\/p>\n\n\n\n<p><strong>Vilnius, Lietuva<\/strong><\/p>\n\n\n\n<p>Esu vie\u0161\u0173j\u0173 ry\u0161i\u0173 ir organizacij\u0173 pl\u0117tros specialistas, sukaup\u0119s dviej\u0173 de\u0161im\u010di\u0173 met\u0173 tarptautin\u0119 darbin\u0119 patirt\u012f Europoje ir Jungtin\u0117se Amerikos Valstijose. \u0160iuo metu esu V\u0161\u012e&nbsp;\u201eGO Vilnius\u201c direktorius, d\u0117stau komunikacij\u0105&nbsp;<a href=\"http:\/\/www.vu.lt\/\" target=\"_blank\" rel=\"noreferrer noopener\">Vilniaus universitete<\/a>. Esu&nbsp;brendingo agent\u016bros&nbsp;<a href=\"http:\/\/www.neueunica.com\/\" target=\"_blank\" rel=\"noreferrer noopener\">\u201eNeue Unica\u201c<\/a>&nbsp;strategijos vadovas ir \u012fmon\u0117s&nbsp;<a href=\"http:\/\/fipra.com\/network\/lithuania\/\" target=\"_blank\" rel=\"noreferrer noopener\">\u201eFipra Lithuania\u201c<\/a>&nbsp;konsultantas. Nuo 2015 m. priklausau&nbsp;Lietuvos Respublikos liberal\u0173 s\u0105j\u016bd\u017eiui, 2016 m. vasar\u0105 i\u0161rinktas \u012f partijos etikos ir skaidrumo komisij\u0105. Nuo 2011\u20132015 m. buvau Vilniuje veikian\u010dio Europos humanitarinio universiteto&nbsp;pl\u0117tros ir komunikacijos prorektorius.<\/p>\n\n\n\n<p>Gimiau ir u\u017eaugau lietuvi\u0161koje \u0161eimoje Amerikoje. Prie\u0161 atvykdamas gyventi Lietuvoje 2011 m., aktyviai prisid\u0117jau prie lietuvyb\u0117s palaikymo u\u017esienyje; buvau Los And\u017eelo lietuvi\u0173 bendruomen\u0117s prezidentas bei Los And\u017eelo-Kauno miest\u0173 seser\u0173 programos vadovas, dirbau \u017eurnalistu Laisvosios Europos radijo lietuvi\u0173 redakcijoje Prahoje ir Lietuvos radijo korespondentu, vadovavau JAV Pilietinio \u0161vietimo centro programoms Ryt\u0173 Europoje ir buvau \u0161ios vie\u0161osios \u012fmon\u0117s pl\u0117tros direktorius.&nbsp;2006 m. \u012fgijau politikos filosofijos daktaro laipsn\u012f Kalifornijos Claremont Graduate universitete.<\/p>\n\n\n\n<p>Mano seneliai ir proseneliai buvo aktyv\u016bs Lietuvos pilie\u010diai, pedagogai bei valstyb\u0117s tarnautojai. Prosenelis&nbsp;<a href=\"http:\/\/www3.lrs.lt\/pls\/inter\/w5_show?p_r=4160&amp;p_d=7180&amp;p_k=1&amp;p_b=3804\" target=\"_blank\" rel=\"noreferrer noopener\">Juozapas Akmenskis<\/a>&nbsp;buvo Steigiamojo ir Pirmojo Seimo narys, valstyb\u0117s revizorius; kitas prosenelis,&nbsp;<a href=\"http:\/\/atminimas.kvb.lt\/asmenvardis.php?asm=RUZGAS%20VINCAS\" target=\"_blank\" rel=\"noreferrer noopener\">Vincas Ruzgas<\/a>&nbsp;\u2013 pedagogas ir muziejininkas (jo \u012fkurt\u0105&nbsp;<a href=\"http:\/\/www.kaunastic.lt\/index.php\/lt\/konferencijos\/product\/lietuvos-svietimo-istorijos-muziejus.html\" target=\"_blank\" rel=\"noreferrer noopener\">pedagogin\u012f muziej\u0173<\/a>&nbsp;galite aplankyti Kaune). Mo\u010diut\u0117 Elena Akmenskait\u0117-Ruzgien\u0117 ilgus metus vadovavo Niujorko lietuvi\u0173 mokyklai; jos sesuo, teta&nbsp;<a href=\"http:\/\/www.yadvashem.org\/yv\/en\/exhibitions\/righteous-sportsmen\/zilevicius.asp\" target=\"_blank\" rel=\"noreferrer noopener\">Ona \u017dilius-\u017dilevi\u010dien\u0117<\/a>&nbsp;su vyru Danieliumi pripa\u017einti pasaulio teisuoliais Izraelyje u\u017e \u017eyd\u0117s mergait\u0117s i\u0161gelb\u0117jim\u0105 nuo Holokausto. Mo\u010diut\u0117 Vincenta Rap\u0161yt\u0117-Udrien\u0117 nepriklausomoje Lietuvoje buvo mokytoja; sulaukusi \u012fsp\u0117jim\u0173 apie gr\u0119sian\u010dias represijas, su vyru Teodoru Udriu ir dviem ma\u017eais vaikais (vienas j\u0173 \u2013 mano t\u0117vas Ar\u016bnas) pasitrauk\u0117 \u012f Vakarus. Senelis Algirdas Ruzgas \u2013 garsus filatelistas ir numizmatikas.<\/p>\n\n\n\n<p>Mano t\u0117vas Ar\u016bnas ilgus metus dirbo energetikos bendrov\u0117s \u201eConsumers Energy\u201c advokatu, mano motina Virginija R\u016bta d\u0117sto u\u017esienio kalbas. Abu gyvena JAV, Mi\u010digano valstijoje. Turiu seser\u012f ir du brolius, kuri\u0173 vienas \u2013&nbsp;<a href=\"https:\/\/www.youtube.com\/watch?v=px59GcGKhbk\" target=\"_blank\" rel=\"noreferrer noopener\">Almis<\/a>&nbsp;\u2013 suk\u016br\u0117 ir vadovauja San Diego miesto savivaldyb\u0117s analiz\u0117s ir rezultat\u0173 skyriui.<\/p>\n\n\n\n<p>Pla\u010diau apie mano&nbsp;veikl\u0105 skaitykite mano vie\u0161oje&nbsp;<a href=\"https:\/\/www.facebook.com\/udrysd\/\" target=\"_blank\" rel=\"noreferrer noopener\">\u201eFacebook\u201c&nbsp;paskyroje<\/a>&nbsp;(liet. k.).<\/p>\n","protected":false},"excerpt":{"rendered":"<p>V\u0161\u012e \u201eGO Vilnius\u201cVie\u0161\u0173j\u0173 ry\u0161i\u0173 ir organizacij\u0173 pl\u0117tros specialistas Vilnius, Lietuva Esu vie\u0161\u0173j\u0173 ry\u0161i\u0173 ir organizacij\u0173 pl\u0117tros specialistas, sukaup\u0119s dviej\u0173 de\u0161im\u010di\u0173 met\u0173 tarptautin\u0119 darbin\u0119 patirt\u012f Europoje ir Jungtin\u0117se Amerikos Valstijose. \u0160iuo metu esu V\u0161\u012e&nbsp;\u201eGO Vilnius\u201c direktorius, d\u0117stau komunikacij\u0105&nbsp;Vilniaus universitete. Esu&nbsp;brendingo agent\u016bros&nbsp;\u201eNeue &hellip;<\/p>\n<p class=\"read-more\"> <a class=\"more-link\" href=\"https:\/\/konferencijos.lnb.lt\/bp2-2016\/david-streatfield-2\/\"> <span class=\"screen-reader-text\">Dr. Darius Udrys<\/span> Read More &raquo;<\/a><\/p>\n","protected":false},"author":1,"featured_media":0,"parent":0,"menu_order":0,"comment_status":"closed","ping_status":"closed","template":"","meta":{"inline_featured_image":false,"footnotes":""},"class_list":["post-300","page","type-page","status-publish","hentry"],"_links":{"self":[{"href":"https:\/\/konferencijos.lnb.lt\/bp2-2016\/wp-json\/wp\/v2\/pages\/300","targetHints":{"allow":["GET"]}}],"collection":[{"href":"https:\/\/konferencijos.lnb.lt\/bp2-2016\/wp-json\/wp\/v2\/pages"}],"about":[{"href":"https:\/\/konferencijos.lnb.lt\/bp2-2016\/wp-json\/wp\/v2\/types\/page"}],"author":[{"embeddable":true,"href":"https:\/\/konferencijos.lnb.lt\/bp2-2016\/wp-json\/wp\/v2\/users\/1"}],"replies":[{"embeddable":true,"href":"https:\/\/konferencijos.lnb.lt\/bp2-2016\/wp-json\/wp\/v2\/comments?post=300"}],"version-history":[{"count":3,"href":"https:\/\/konferencijos.lnb.lt\/bp2-2016\/wp-json\/wp\/v2\/pages\/300\/revisions"}],"predecessor-version":[{"id":322,"href":"https:\/\/konferencijos.lnb.lt\/bp2-2016\/wp-json\/wp\/v2\/pages\/300\/revisions\/322"}],"wp:attachment":[{"href":"https:\/\/konferencijos.lnb.lt\/bp2-2016\/wp-json\/wp\/v2\/media?parent=300"}],"curies":[{"name":"wp","href":"https:\/\/api.w.org\/{rel}","templated":true}]}}