{"id":303,"date":"2021-09-17T04:40:02","date_gmt":"2021-09-17T06:40:02","guid":{"rendered":"https:\/\/konferencijos.lnb.lt\/bp2-2016\/?page_id=303"},"modified":"2021-09-17T04:40:02","modified_gmt":"2021-09-17T06:40:02","slug":"dr-hannelore-vogt-2","status":"publish","type":"page","link":"https:\/\/konferencijos.lnb.lt\/bp2-2016\/dr-hannelore-vogt-2\/","title":{"rendered":"Dr. Hannelore Vogt"},"content":{"rendered":"\n<figure class=\"wp-block-image size-thumbnail is-style-rounded\"><img loading=\"lazy\" decoding=\"async\" width=\"150\" height=\"150\" src=\"https:\/\/konferencijos.lnb.lt\/bp2-2016\/wp-content\/uploads\/sites\/9\/2016\/11\/vogt-2-150x150.png\" alt=\"\" class=\"wp-image-68\" srcset=\"https:\/\/konferencijos.lnb.lt\/bp2-2016\/wp-content\/uploads\/sites\/9\/2016\/11\/vogt-2-150x150.png 150w, https:\/\/konferencijos.lnb.lt\/bp2-2016\/wp-content\/uploads\/sites\/9\/2016\/11\/vogt-2-300x300.png 300w, https:\/\/konferencijos.lnb.lt\/bp2-2016\/wp-content\/uploads\/sites\/9\/2016\/11\/vogt-2-100x100.png 100w, https:\/\/konferencijos.lnb.lt\/bp2-2016\/wp-content\/uploads\/sites\/9\/2016\/11\/vogt-2-200x200.png 200w, https:\/\/konferencijos.lnb.lt\/bp2-2016\/wp-content\/uploads\/sites\/9\/2016\/11\/vogt-2-450x450.png 450w, https:\/\/konferencijos.lnb.lt\/bp2-2016\/wp-content\/uploads\/sites\/9\/2016\/11\/vogt-2.png 600w\" sizes=\"auto, (max-width: 150px) 100vw, 150px\" \/><\/figure>\n\n\n\n<p>Dabartin\u0117s pareigos: Kelno vie\u0161osios bibliotekos direktor\u0117<br>Kelno vie\u0161oji biblioteka<\/p>\n\n\n\n<p><strong>Kelnas, Vokietija<\/strong><\/p>\n\n\n\n<p>Dr. Hannelore Vogt Kelno vie\u0161osios bibliotekos, kurios tinklas yra vienas did\u017eiausi\u0173 Vokietijoje, direktore dirba nuo 2008 met\u0173. Anks\u010diau vadovavo Viurcburgo miesto bibliotekai, kuri keturis kartus i\u0161 eil\u0117s u\u017e\u0117m\u0117 pirm\u0105j\u0105 viet\u0105 nacionaliniame bibliotek\u0173 reitinge (BIX) ir buvo i\u0161rinkta Met\u0173 biblioteka. Dr. H. Vogt yra Tarptautin\u0117s bibliotek\u0173 asociacij\u0173 ir institucij\u0173 federacijos (IFLA) Nuolatinio didmies\u010di\u0173 bibliotek\u0173 komiteto nar\u0117, ilgamet\u0117 Goethe instituto Informacijos ir bibliotekos patariamosios tarybos pirminink\u0117, dirbo Billo ir Melindos Gates\u0173 fondo program\u0173 (\u201ePasaulin\u0117s bibliotekos\u201c, \u201ePasaulin\u0117 pl\u0117tra\u201c) strategine patar\u0117ja ir ap\u017evalgininke. Ji yra baigusi ne tik bibliotekininkyst\u0117s mokslus, bet ir yra \u012fgijusi kult\u016bros vadybos studij\u0173 krypties mokslo daktaro laipsn\u012f bibliotek\u0173 rinkodaros srityje.<\/p>\n\n\n\n<p>Dr. H. Vogt vadybos klausimais konsultuoja bibliotek\u0173 atstovus visame pasaulyje ir yra publikavusi daug straipsni\u0173 apie klient\u0173 orientavim\u0105, novatori\u0161k\u0105 aptarnavim\u0105 ir bibliotek\u0173 vadyb\u0105.<\/p>\n","protected":false},"excerpt":{"rendered":"<p>Dabartin\u0117s pareigos: Kelno vie\u0161osios bibliotekos direktor\u0117Kelno vie\u0161oji biblioteka Kelnas, Vokietija Dr. Hannelore Vogt Kelno vie\u0161osios bibliotekos, kurios tinklas yra vienas did\u017eiausi\u0173 Vokietijoje, direktore dirba nuo 2008 met\u0173. Anks\u010diau vadovavo Viurcburgo miesto bibliotekai, kuri keturis kartus i\u0161 eil\u0117s u\u017e\u0117m\u0117 pirm\u0105j\u0105 viet\u0105 &hellip;<\/p>\n<p class=\"read-more\"> <a class=\"more-link\" href=\"https:\/\/konferencijos.lnb.lt\/bp2-2016\/dr-hannelore-vogt-2\/\"> <span class=\"screen-reader-text\">Dr. Hannelore Vogt<\/span> Read More &raquo;<\/a><\/p>\n","protected":false},"author":1,"featured_media":0,"parent":0,"menu_order":0,"comment_status":"closed","ping_status":"closed","template":"","meta":{"inline_featured_image":false,"footnotes":""},"class_list":["post-303","page","type-page","status-publish","hentry"],"_links":{"self":[{"href":"https:\/\/konferencijos.lnb.lt\/bp2-2016\/wp-json\/wp\/v2\/pages\/303","targetHints":{"allow":["GET"]}}],"collection":[{"href":"https:\/\/konferencijos.lnb.lt\/bp2-2016\/wp-json\/wp\/v2\/pages"}],"about":[{"href":"https:\/\/konferencijos.lnb.lt\/bp2-2016\/wp-json\/wp\/v2\/types\/page"}],"author":[{"embeddable":true,"href":"https:\/\/konferencijos.lnb.lt\/bp2-2016\/wp-json\/wp\/v2\/users\/1"}],"replies":[{"embeddable":true,"href":"https:\/\/konferencijos.lnb.lt\/bp2-2016\/wp-json\/wp\/v2\/comments?post=303"}],"version-history":[{"count":1,"href":"https:\/\/konferencijos.lnb.lt\/bp2-2016\/wp-json\/wp\/v2\/pages\/303\/revisions"}],"predecessor-version":[{"id":304,"href":"https:\/\/konferencijos.lnb.lt\/bp2-2016\/wp-json\/wp\/v2\/pages\/303\/revisions\/304"}],"wp:attachment":[{"href":"https:\/\/konferencijos.lnb.lt\/bp2-2016\/wp-json\/wp\/v2\/media?parent=303"}],"curies":[{"name":"wp","href":"https:\/\/api.w.org\/{rel}","templated":true}]}}