{"id":305,"date":"2021-09-17T04:42:04","date_gmt":"2021-09-17T06:42:04","guid":{"rendered":"https:\/\/konferencijos.lnb.lt\/bp2-2016\/?page_id=305"},"modified":"2021-09-17T04:42:04","modified_gmt":"2021-09-17T06:42:04","slug":"marie-ostergard","status":"publish","type":"page","link":"https:\/\/konferencijos.lnb.lt\/bp2-2016\/marie-ostergard\/","title":{"rendered":"Marie \u00d8sterg\u00e5rd"},"content":{"rendered":"\n<figure class=\"wp-block-image size-thumbnail is-style-rounded\"><img loading=\"lazy\" decoding=\"async\" width=\"150\" height=\"150\" src=\"https:\/\/konferencijos.lnb.lt\/bp2-2016\/wp-content\/uploads\/sites\/9\/2016\/11\/Marie-o-150x150.png\" alt=\"\" class=\"wp-image-66\" srcset=\"https:\/\/konferencijos.lnb.lt\/bp2-2016\/wp-content\/uploads\/sites\/9\/2016\/11\/Marie-o-150x150.png 150w, https:\/\/konferencijos.lnb.lt\/bp2-2016\/wp-content\/uploads\/sites\/9\/2016\/11\/Marie-o-300x300.png 300w, https:\/\/konferencijos.lnb.lt\/bp2-2016\/wp-content\/uploads\/sites\/9\/2016\/11\/Marie-o-100x100.png 100w, https:\/\/konferencijos.lnb.lt\/bp2-2016\/wp-content\/uploads\/sites\/9\/2016\/11\/Marie-o-200x200.png 200w, https:\/\/konferencijos.lnb.lt\/bp2-2016\/wp-content\/uploads\/sites\/9\/2016\/11\/Marie-o-450x450.png 450w, https:\/\/konferencijos.lnb.lt\/bp2-2016\/wp-content\/uploads\/sites\/9\/2016\/11\/Marie-o.png 600w\" sizes=\"auto, (max-width: 150px) 100vw, 150px\" \/><\/figure>\n\n\n\n<p><a rel=\"noreferrer noopener\" href=\"https:\/\/dokk1.dk\/\" target=\"_blank\">\u201eDokk1\u201c<\/a><br>Dabartin\u0117s pareigos: bibliotekos \u201eDokk1\u201c Visuomen\u0117s \u012ftraukties, partneryst\u0117s ir komunikacijos skyriaus vadov\u0117, projekto \u201eDokk1\u201c vadov\u0117<a href=\"https:\/\/konferencijos.lnb.lt\/bp2-2016\/pranesejas\/marie-ostergard\/\"><\/a><\/p>\n\n\n\n<p><strong>Orhusas, Danija<\/strong><\/p>\n\n\n\n<p>Nuo 2001 met\u0173 M. \u00d8sterg\u00e5rd dalyvauja Orhuso vie\u0161\u0173j\u0173 bibliotek\u0173 ateities fizin\u0117s bibliotekos pl\u0117troje. Sutelkus d\u0117mes\u012f \u012f bendravim\u0105, vartotoj\u0173 dalyvavim\u0105, kompiuteri\u0173 tinklo pl\u0117tr\u0105, prototip\u0173 k\u016brim\u0105 ir komunikacij\u0105 fizin\u0117je bibliotekos erdv\u0117je, Orhuse buvo i\u0161tirtos naujos technologijos, dalyvavimo ir mokymosi procesai. \u012esitraukusi \u012f \u012fvairius projektus ir procesus kartu su vartotojais, tinklais bei partneriais, ji susikoncentravo \u012f \u201ekitos bibliotekos\u201c \u2013 ateities bibliotekos \u2013 pl\u0117tr\u0105.<\/p>\n\n\n\n<p>Nuo 2005 met\u0173 M. \u00d8sterg\u00e5rd vadovavo naujos Orhuso pagrindin\u0117s bibliotekos statybos projektui \u201eDokk1\u201c. Planuojant ir statant bibliotek\u0105, kuri buvo atidaryta 2015 met\u0173 bir\u017eel\u012f, Marie \u012fgyvendino ir pl\u0117tojo min\u0117tas projekto \u201eDokk1\u201c id\u0117jas, taip pat pristat\u0117 naujas vartotojo ir pilie\u010dio dalyvavimo formas.<\/p>\n\n\n\n<p>2015 metais, po \u201eDokk1\u201c atidarymo, M. \u00d8sterg\u00e5rd tapo \u0161ios bibliotekos Visuomen\u0117s \u012ftraukties, partneryst\u0117s ir komunikacijos skyriaus vadove, toliau dirbo tiek su vartotojais, tiek su partneriais, kurie dalyvavo procese nuolat perkuriant ir pl\u0117tojant erdves, santykius ir teikiamas paslaugas.<\/p>\n\n\n\n<p>Nuo 2013 met\u0173 ji dalyvauja Tarptautinio bibliotek\u0173 inovatori\u0173 tinklo INELI veikloje. INELI \u2013 tai Billo ir Melindos Gates\u0173 fondo iniciatyva \u201ePasaulin\u0117s bibliotekos\u201c. \u0160ioje veikloje dalyvauja 26 inovatoriai i\u0161 24 \u0161ali\u0173, esan\u010di\u0173 \u0161e\u0161iuose \u017eemynuose. Vieni i\u0161 projekto INELI tiksl\u0173 yra sutelkti ateities bibliotek\u0173 lyderius i\u0161 skirting\u0173 \u0161ali\u0173, statyti ir remti vie\u0161\u0105sias bibliotekas visame pasaulyje, tirti arba atkreipti visuomen\u0117s d\u0117mes\u012f \u012f pasaulin\u0117s bibliotekininkyst\u0117s temas, kurios gali skatinti, pl\u0117sti ar gerinti vie\u0161\u0173j\u0173 bibliotek\u0173 paslaugas.<\/p>\n","protected":false},"excerpt":{"rendered":"<p>\u201eDokk1\u201cDabartin\u0117s pareigos: bibliotekos \u201eDokk1\u201c Visuomen\u0117s \u012ftraukties, partneryst\u0117s ir komunikacijos skyriaus vadov\u0117, projekto \u201eDokk1\u201c vadov\u0117 Orhusas, Danija Nuo 2001 met\u0173 M. \u00d8sterg\u00e5rd dalyvauja Orhuso vie\u0161\u0173j\u0173 bibliotek\u0173 ateities fizin\u0117s bibliotekos pl\u0117troje. Sutelkus d\u0117mes\u012f \u012f bendravim\u0105, vartotoj\u0173 dalyvavim\u0105, kompiuteri\u0173 tinklo pl\u0117tr\u0105, prototip\u0173 k\u016brim\u0105 &hellip;<\/p>\n<p class=\"read-more\"> <a class=\"more-link\" href=\"https:\/\/konferencijos.lnb.lt\/bp2-2016\/marie-ostergard\/\"> <span class=\"screen-reader-text\">Marie \u00d8sterg\u00e5rd<\/span> Read More &raquo;<\/a><\/p>\n","protected":false},"author":1,"featured_media":0,"parent":0,"menu_order":0,"comment_status":"closed","ping_status":"closed","template":"","meta":{"inline_featured_image":false,"footnotes":""},"class_list":["post-305","page","type-page","status-publish","hentry"],"_links":{"self":[{"href":"https:\/\/konferencijos.lnb.lt\/bp2-2016\/wp-json\/wp\/v2\/pages\/305","targetHints":{"allow":["GET"]}}],"collection":[{"href":"https:\/\/konferencijos.lnb.lt\/bp2-2016\/wp-json\/wp\/v2\/pages"}],"about":[{"href":"https:\/\/konferencijos.lnb.lt\/bp2-2016\/wp-json\/wp\/v2\/types\/page"}],"author":[{"embeddable":true,"href":"https:\/\/konferencijos.lnb.lt\/bp2-2016\/wp-json\/wp\/v2\/users\/1"}],"replies":[{"embeddable":true,"href":"https:\/\/konferencijos.lnb.lt\/bp2-2016\/wp-json\/wp\/v2\/comments?post=305"}],"version-history":[{"count":1,"href":"https:\/\/konferencijos.lnb.lt\/bp2-2016\/wp-json\/wp\/v2\/pages\/305\/revisions"}],"predecessor-version":[{"id":306,"href":"https:\/\/konferencijos.lnb.lt\/bp2-2016\/wp-json\/wp\/v2\/pages\/305\/revisions\/306"}],"wp:attachment":[{"href":"https:\/\/konferencijos.lnb.lt\/bp2-2016\/wp-json\/wp\/v2\/media?parent=305"}],"curies":[{"name":"wp","href":"https:\/\/api.w.org\/{rel}","templated":true}]}}