{"id":310,"date":"2021-09-17T04:48:39","date_gmt":"2021-09-17T06:48:39","guid":{"rendered":"https:\/\/konferencijos.lnb.lt\/bp2-2016\/?page_id=310"},"modified":"2021-09-17T04:48:39","modified_gmt":"2021-09-17T06:48:39","slug":"prof-dr-renaldas-gudauskas-2","status":"publish","type":"page","link":"https:\/\/konferencijos.lnb.lt\/bp2-2016\/prof-dr-renaldas-gudauskas-2\/","title":{"rendered":"Prof. dr. Renaldas Gudauskas"},"content":{"rendered":"\n<figure class=\"wp-block-image size-thumbnail is-style-rounded\"><img loading=\"lazy\" decoding=\"async\" width=\"150\" height=\"150\" src=\"https:\/\/konferencijos.lnb.lt\/bp2-2016\/wp-content\/uploads\/sites\/9\/2016\/11\/gen.direktorius-1-150x150.png\" alt=\"\" class=\"wp-image-41\" srcset=\"https:\/\/konferencijos.lnb.lt\/bp2-2016\/wp-content\/uploads\/sites\/9\/2016\/11\/gen.direktorius-1-150x150.png 150w, https:\/\/konferencijos.lnb.lt\/bp2-2016\/wp-content\/uploads\/sites\/9\/2016\/11\/gen.direktorius-1-300x300.png 300w, https:\/\/konferencijos.lnb.lt\/bp2-2016\/wp-content\/uploads\/sites\/9\/2016\/11\/gen.direktorius-1-100x100.png 100w, https:\/\/konferencijos.lnb.lt\/bp2-2016\/wp-content\/uploads\/sites\/9\/2016\/11\/gen.direktorius-1-200x200.png 200w, https:\/\/konferencijos.lnb.lt\/bp2-2016\/wp-content\/uploads\/sites\/9\/2016\/11\/gen.direktorius-1-450x450.png 450w, https:\/\/konferencijos.lnb.lt\/bp2-2016\/wp-content\/uploads\/sites\/9\/2016\/11\/gen.direktorius-1.png 600w\" sizes=\"auto, (max-width: 150px) 100vw, 150px\" \/><\/figure>\n\n\n\n<p><a rel=\"noreferrer noopener\" href=\"http:\/\/www.lnb.lt\/\" target=\"_blank\">Lietuvos nacionalin\u0117s Martyno Ma\u017evydo biblioteka<\/a><br>Dabartin\u0117s pareigos: Lietuvos nacionalin\u0117s Martyno Ma\u017evydo bibliotekos direktorius<a href=\"https:\/\/konferencijos.lnb.lt\/bp2-2016\/pranesejas\/renaldas-gudauskas\/\"><\/a><\/p>\n\n\n\n<p><strong>Vilnius, Lietuva<\/strong><\/p>\n\n\n\n<p>Prof. dr. Renaldas Gudauskas Vilniaus universiteto Istorijos fakultete yra \u012fgij\u0119s bibliotekininkyst\u0117s ir informacij\u0173 moksl\u0173 specialyb\u0119. Sankt Peterburgo kult\u016bros institute apgyn\u0117 socialini\u0173 moksl\u0173 daktaro disertacij\u0105. Nuo 1985 m. Vilniaus universiteto profesorius, jame d\u0117st\u0117 bakalauro ir magistrant\u016bros studij\u0173 pakop\u0173 studentams. 1996\u20131998 m. prof. dr. R. Gudauskas buvo Lietuvos Respublikos Prezidento patar\u0117jas informacijai ir komunikacijai, 1998\u20132000 m. \u2013 valdymo reform\u0173 ir savivaldybi\u0173 reikal\u0173 viceministras informacijai ir informatikai, 2001\u20132005 m. \u2013 Lietuvos Respublikos Ministro Pirmininko patar\u0117jas informacin\u0117s visuomen\u0117s ir \u017eini\u0173 ekonomikos klausimais.<\/p>\n\n\n\n<p>2010 m. prof. dr. R. Gudauskas tapo Lietuvos nacionalin\u0117s Martyno Ma\u017evydo bibliotekos generaliniu direktoriumi. B\u016bdamas Nacionalin\u0117s bibliotekos vadovas, R. Gudauskas pl\u0117toja pagrindin\u0119 \u012fstaigos misij\u0105 u\u017etikrinti Lietuvos \u017eini\u0173 visuomen\u0117s dokumentin\u0117s ir skaitmenin\u0117s informacijos poreiki\u0173 tenkinim\u0105. Daug d\u0117mesio profesorius skiria Nacionalin\u0117s bibliotekos tarptautiniam bendradarbiavimui, strateginiams projektams ir kult\u016bros paveldo skaitmeninimui. \u0160iuo metu prof. dr. R. Gudauskas yra Baltijos regiono \u0161ali\u0173 bibliotek\u0173 bendradarbiavim\u0105 skatinan\u010dios asociacijos \u201eBibliotheca Baltica\u201c prezidentas, UNESCO programos \u201eInformacija visiems (IFAP)\u201c nacionalinis atstovas, Europos mokslo fondo ekspertas ir Lietuvos bibliotek\u0173 tarybos pirmininkas. 2012\u20132013 m. buvo internetin\u0117s \u201eEuropos bibliotekos\u201c platformos valdybos narys. Nuo 2015 met\u0173 prof. dr. R. Gudauskas \u2013 Tarptautin\u0117s bibliotek\u0173 asociacij\u0173 ir institucij\u0173 federacijos (IFLA) Vadybos ir rinkodaros komiteto narys, taip pat IFLA Genealogijos ir vietos istorijos komiteto patariamosios valdybos narys.<\/p>\n","protected":false},"excerpt":{"rendered":"<p>Lietuvos nacionalin\u0117s Martyno Ma\u017evydo bibliotekaDabartin\u0117s pareigos: Lietuvos nacionalin\u0117s Martyno Ma\u017evydo bibliotekos direktorius Vilnius, Lietuva Prof. dr. Renaldas Gudauskas Vilniaus universiteto Istorijos fakultete yra \u012fgij\u0119s bibliotekininkyst\u0117s ir informacij\u0173 moksl\u0173 specialyb\u0119. Sankt Peterburgo kult\u016bros institute apgyn\u0117 socialini\u0173 moksl\u0173 daktaro disertacij\u0105. Nuo 1985 &hellip;<\/p>\n<p class=\"read-more\"> <a class=\"more-link\" href=\"https:\/\/konferencijos.lnb.lt\/bp2-2016\/prof-dr-renaldas-gudauskas-2\/\"> <span class=\"screen-reader-text\">Prof. dr. Renaldas Gudauskas<\/span> Read More &raquo;<\/a><\/p>\n","protected":false},"author":1,"featured_media":0,"parent":0,"menu_order":0,"comment_status":"closed","ping_status":"closed","template":"","meta":{"inline_featured_image":false,"footnotes":""},"class_list":["post-310","page","type-page","status-publish","hentry"],"_links":{"self":[{"href":"https:\/\/konferencijos.lnb.lt\/bp2-2016\/wp-json\/wp\/v2\/pages\/310","targetHints":{"allow":["GET"]}}],"collection":[{"href":"https:\/\/konferencijos.lnb.lt\/bp2-2016\/wp-json\/wp\/v2\/pages"}],"about":[{"href":"https:\/\/konferencijos.lnb.lt\/bp2-2016\/wp-json\/wp\/v2\/types\/page"}],"author":[{"embeddable":true,"href":"https:\/\/konferencijos.lnb.lt\/bp2-2016\/wp-json\/wp\/v2\/users\/1"}],"replies":[{"embeddable":true,"href":"https:\/\/konferencijos.lnb.lt\/bp2-2016\/wp-json\/wp\/v2\/comments?post=310"}],"version-history":[{"count":1,"href":"https:\/\/konferencijos.lnb.lt\/bp2-2016\/wp-json\/wp\/v2\/pages\/310\/revisions"}],"predecessor-version":[{"id":311,"href":"https:\/\/konferencijos.lnb.lt\/bp2-2016\/wp-json\/wp\/v2\/pages\/310\/revisions\/311"}],"wp:attachment":[{"href":"https:\/\/konferencijos.lnb.lt\/bp2-2016\/wp-json\/wp\/v2\/media?parent=310"}],"curies":[{"name":"wp","href":"https:\/\/api.w.org\/{rel}","templated":true}]}}