{"id":323,"date":"2021-09-17T05:12:05","date_gmt":"2021-09-17T07:12:05","guid":{"rendered":"https:\/\/konferencijos.lnb.lt\/bp2-2016\/?page_id=323"},"modified":"2021-09-17T05:12:05","modified_gmt":"2021-09-17T07:12:05","slug":"david-streatfield-3","status":"publish","type":"page","link":"https:\/\/konferencijos.lnb.lt\/bp2-2016\/david-streatfield-3\/","title":{"rendered":"David Streatfield"},"content":{"rendered":"\n<p><a rel=\"noreferrer noopener\" href=\"http:\/\/www.gatesfoundation.org\/What-We-Do\/Global-Development\/Global-Libraries\" target=\"_blank\">Bilo ir Melindos Geits\u0173 fondo \u201ePasaulio bibliotek\u0173\u201c programos<\/a><br>Nepriklausomas poveikio vertinimo specialistas<a href=\"https:\/\/konferencijos.lnb.lt\/bp2-2016\/pranesejas\/david-streatfield\/\"><\/a><\/p>\n\n\n\n<p>Davidas Streatfieldas daugiau nei trisde\u0161imt met\u0173 aktyviai dalyvauja nacionaliniuose projektuose, kuriuos \u012fgyvendinant atliekamas Jungtin\u0117s Karalyst\u0117s ir kit\u0173 \u0161ali\u0173 \u012fvairiausio pob\u016bd\u017eio bibliotek\u0173 poveikio vertinimas. Nuo 2007 met\u0173 jis yra nepriklausomas Bilo ir Melindos Geits\u0173 fondo \u201ePasaulio bibliotek\u0173\u201c programos poveikio vertinimo specialistas. Su \u201ePasaulio bibliotek\u0173\u201c komanda yra dirb\u0119s Sietle, o su stipendij\u0173 gav\u0117jais \u2013 Europos (Bulgarija, Latvija, Lietuva, Rumunija, Ukraina), Afrikos, Azijos ir Piet\u0173 Amerikos \u0161alyse. D. Streatfieldas &nbsp;bendradarbiavo ir su Tarptautine bibliotek\u0173 asociacij\u0173 federacija, projekto \u201ePasaulinio poveikio tyrimas\u201c vykdytojais ir Amerikos vie\u0161\u0173j\u0173 bibliotek\u0173 asociacija. Neseniai jis taip pat bendradarbiavo redaguojant special\u0173 mokslo \u017eurnalo \u201eVeiklos matavimas ir metrikos\u201c (angl.&nbsp;<em>Performance Measurement and Metrics<\/em>) numer\u012f, kuriame aptariama \u201ePasaulio bibliotek\u0173\u201c programos pozicija poveikio vertinimo ir propagavimo klausimais. Be to, D. Streatfieldas (kartu su Sharon Markless) yra knygos \u201eJ\u016bs\u0173 bibliotekos poveikio vertinimas\u201c (angl.&nbsp;<em>Evaluating the Impact of Your Library<\/em>), kuri\u0105 2013 metais i\u0161leido \u201eFacet Publishing\u201c, antro leidimo bendraautoris.<\/p>\n","protected":false},"excerpt":{"rendered":"<p>Bilo ir Melindos Geits\u0173 fondo \u201ePasaulio bibliotek\u0173\u201c programosNepriklausomas poveikio vertinimo specialistas Davidas Streatfieldas daugiau nei trisde\u0161imt met\u0173 aktyviai dalyvauja nacionaliniuose projektuose, kuriuos \u012fgyvendinant atliekamas Jungtin\u0117s Karalyst\u0117s ir kit\u0173 \u0161ali\u0173 \u012fvairiausio pob\u016bd\u017eio bibliotek\u0173 poveikio vertinimas. Nuo 2007 met\u0173 jis yra nepriklausomas &hellip;<\/p>\n<p class=\"read-more\"> <a class=\"more-link\" href=\"https:\/\/konferencijos.lnb.lt\/bp2-2016\/david-streatfield-3\/\"> <span class=\"screen-reader-text\">David Streatfield<\/span> Read More &raquo;<\/a><\/p>\n","protected":false},"author":1,"featured_media":0,"parent":0,"menu_order":0,"comment_status":"closed","ping_status":"closed","template":"","meta":{"inline_featured_image":false,"footnotes":""},"class_list":["post-323","page","type-page","status-publish","hentry"],"_links":{"self":[{"href":"https:\/\/konferencijos.lnb.lt\/bp2-2016\/wp-json\/wp\/v2\/pages\/323","targetHints":{"allow":["GET"]}}],"collection":[{"href":"https:\/\/konferencijos.lnb.lt\/bp2-2016\/wp-json\/wp\/v2\/pages"}],"about":[{"href":"https:\/\/konferencijos.lnb.lt\/bp2-2016\/wp-json\/wp\/v2\/types\/page"}],"author":[{"embeddable":true,"href":"https:\/\/konferencijos.lnb.lt\/bp2-2016\/wp-json\/wp\/v2\/users\/1"}],"replies":[{"embeddable":true,"href":"https:\/\/konferencijos.lnb.lt\/bp2-2016\/wp-json\/wp\/v2\/comments?post=323"}],"version-history":[{"count":1,"href":"https:\/\/konferencijos.lnb.lt\/bp2-2016\/wp-json\/wp\/v2\/pages\/323\/revisions"}],"predecessor-version":[{"id":324,"href":"https:\/\/konferencijos.lnb.lt\/bp2-2016\/wp-json\/wp\/v2\/pages\/323\/revisions\/324"}],"wp:attachment":[{"href":"https:\/\/konferencijos.lnb.lt\/bp2-2016\/wp-json\/wp\/v2\/media?parent=323"}],"curies":[{"name":"wp","href":"https:\/\/api.w.org\/{rel}","templated":true}]}}