{"id":4,"date":"2016-11-14T05:26:38","date_gmt":"2016-11-14T07:26:38","guid":{"rendered":"http:\/\/konferencijos.lnb.lt\/bp2-2016\/?page_id=4"},"modified":"2016-11-14T12:52:13","modified_gmt":"2016-11-14T14:52:13","slug":"apie","status":"publish","type":"page","link":"https:\/\/konferencijos.lnb.lt\/bp2-2016\/","title":{"rendered":"Apie"},"content":{"rendered":"<p style=\"text-align: justify\"><strong>Konferencijos data ir laikas:<\/strong> 2016 m. gruod\u017eio 8 d., nuo 9.30 val. iki 18 val.<\/p>\n<p style=\"text-align: justify\"><strong>Konferencijos vieta:<\/strong> Lietuvos nacionalin\u0117 Martyno Ma\u017evydo biblioteka, Gedimino pr. 51, Vilnius<\/p>\n<hr \/>\n<p style=\"text-align: justify\">Projekto \u201eBibliotekos pa\u017eangai 2\u201c pabaigos konferencija \u2013 tai trejus metus trukusio projekto, kur\u012f \u012fgyvendina Lietuvos nacionalin\u0117 Martyno Ma\u017evydo biblioteka, paskutin\u0117 projekto pabaig\u0105 skelbianti konferencija. Renginys skirtas Lietuvos bibliotekoms ir j\u0173 partneriams, savivaldybi\u0173 ir centrin\u0117s vald\u017eios atstovams, kitiems kviestiniams sve\u010diams. Konferencijos metu bus pristatyti projekto rezultatai, u\u017esienio \u0161ali\u0173 bibliotek\u0173 patirtys, aptarti projekto siekiai ir ateities vizija. Taip pat planuojami prane\u0161imai strateginio bibliotek\u0173 vaidmens, socialin\u0117s gerov\u0117s, technologij\u0173 teikiam\u0173 galimybi\u0173 ir paslaug\u0173 pristatymo visuomenei temomis.<\/p>\n<p style=\"text-align: justify\">Projektas \u201eBibliotekos pa\u017eangai 2\u201c prasid\u0117jo 2013 met\u0173 gruod\u012f. Per trejus projekto metus \u0161alies vie\u0161osios bibliotekos suk\u016br\u0117 nauj\u0173 paslaug\u0173 ir erdvi\u0173, pagerino darbuotoj\u0173 kompetencijas ir \u012fgijo nauj\u0173. Kartu keit\u0117si pa\u010di\u0173 bibliotek\u0173 savo paskirties suvokimas bei \u012fvaizdis. Bibliotekos sustiprino savo pozicij\u0105 kaip savaranki\u0161kos bendruomen\u0117s organizacijos, geban\u010dios kurti bei \u012fgyvendinti \u012fdomius ir vietos gyventojams naudingus projektus, \u012fvairiapuse veikla prisid\u0117ti prie Lietuvos \u017emoni\u0173 gyvenimo kokyb\u0117s gerinimo.<\/p>\n<p style=\"text-align: justify\">Projekto \u201eBibliotekos pa\u017eangai 2\u201c tikslas \u2013 sustiprinti Lietuvos bibliotek\u0173 geb\u0117jimus tenkinti besivystan\u010dios bendruomen\u0117s poreikius ir \u012ftvirtinti bibliotekas, kaip tvarias bendruomenines institucijas, galin\u010dias pagerinti Lietuvos \u017emoni\u0173 gyvenimo kokyb\u0119. Projekto metu buvo skatinamas ir ple\u010diamas vie\u0161\u0173j\u0173 bibliotek\u0173 bendradarbiavimas su verslu, vietos vald\u017eios institucijomis ir nevyriausybin\u0117mis organizacijomis, taip stiprinamas \u0161alies bibliotek\u0173 tinklas.<\/p>\n<p style=\"text-align: justify\">Projektas finansuojamas Billo ir Melindos Gates\u0173 fondo (angl. <em>Bill &amp; Melinda Gates Foundation<\/em>) ir i\u0161 dalies Lietuvos Respublikos kult\u016bros ministerijos.<\/p>\n","protected":false},"excerpt":{"rendered":"<p>Konferencijos data ir laikas: 2016 m. gruod\u017eio 8 d., nuo 9.30 val. iki 18 val. Konferencijos vieta: Lietuvos nacionalin\u0117 Martyno Ma\u017evydo biblioteka, Gedimino pr. 51, Vilnius Projekto \u201eBibliotekos pa\u017eangai 2\u201c pabaigos konferencija \u2013 tai trejus metus trukusio projekto, kur\u012f \u012fgyvendina &hellip;<\/p>\n<p class=\"read-more\"> <a class=\"more-link\" href=\"https:\/\/konferencijos.lnb.lt\/bp2-2016\/\"> <span class=\"screen-reader-text\">Apie<\/span> Read More &raquo;<\/a><\/p>\n","protected":false},"author":1,"featured_media":0,"parent":0,"menu_order":0,"comment_status":"closed","ping_status":"closed","template":"","meta":{"inline_featured_image":false,"footnotes":""},"class_list":["post-4","page","type-page","status-publish","hentry"],"_links":{"self":[{"href":"https:\/\/konferencijos.lnb.lt\/bp2-2016\/wp-json\/wp\/v2\/pages\/4","targetHints":{"allow":["GET"]}}],"collection":[{"href":"https:\/\/konferencijos.lnb.lt\/bp2-2016\/wp-json\/wp\/v2\/pages"}],"about":[{"href":"https:\/\/konferencijos.lnb.lt\/bp2-2016\/wp-json\/wp\/v2\/types\/page"}],"author":[{"embeddable":true,"href":"https:\/\/konferencijos.lnb.lt\/bp2-2016\/wp-json\/wp\/v2\/users\/1"}],"replies":[{"embeddable":true,"href":"https:\/\/konferencijos.lnb.lt\/bp2-2016\/wp-json\/wp\/v2\/comments?post=4"}],"version-history":[{"count":3,"href":"https:\/\/konferencijos.lnb.lt\/bp2-2016\/wp-json\/wp\/v2\/pages\/4\/revisions"}],"predecessor-version":[{"id":34,"href":"https:\/\/konferencijos.lnb.lt\/bp2-2016\/wp-json\/wp\/v2\/pages\/4\/revisions\/34"}],"wp:attachment":[{"href":"https:\/\/konferencijos.lnb.lt\/bp2-2016\/wp-json\/wp\/v2\/media?parent=4"}],"curies":[{"name":"wp","href":"https:\/\/api.w.org\/{rel}","templated":true}]}}