{"id":7,"date":"2016-11-14T05:26:59","date_gmt":"2016-11-14T07:26:59","guid":{"rendered":"http:\/\/konferencijos.lnb.lt\/bp2-2016\/?page_id=7"},"modified":"2016-12-07T13:33:47","modified_gmt":"2016-12-07T15:33:47","slug":"programa","status":"publish","type":"page","link":"https:\/\/konferencijos.lnb.lt\/bp2-2016\/programa\/","title":{"rendered":"Preliminari programa"},"content":{"rendered":"<p>09.00\u201310.10 Registracija ir rytin\u0117 kava<\/p>\n<hr \/>\n<p><strong>I DALIS<\/strong><\/p>\n<hr \/>\n<p>10.10\u201310.15 Konferencijos atidarymas<br \/>\n10.15\u201310.25 Sveikinimo \u017eodis<br \/>\n<em>Faustas Lat\u0117nas, Lietuvos Respublikos Ministro Pirmininko patar\u0117jas<\/em><br \/>\n10.25\u201310.35 Sveikinimo \u017eodis<br \/>\n<em>\u0160ar\u016bnas Birutis, Lietuvos Respublikos kult\u016bros ministras<\/em><br \/>\n10.35\u201311.00 Sveikinimo \u017eodis ir prane\u0161imas<br \/>\n<em>Prof. dr. Renaldas Gudauskas,\u00a0Lietuvos nacionalin\u0117s Martyno Ma\u017evydo bibliotekos generalinis direktorius\u00a0<\/em><br \/>\n11.00\u201311.10 Sveikinimo \u017eodis\u00a0<em>(vaizdo \u012fra\u0161as)<\/em><br \/>\n<em>Deborah Jacobs, Bilo ir Melindos Geits\u0173 fondo \u201ePasaulio bibliotek\u0173\u201c programos direktor\u0117<br \/>\n11.10\u201311.30 Prane\u0161imas<br \/>\nDavid Streatfield,\u00a0Bilo ir Melindos Geits\u0173 fondo \u201ePasaulio bibliotek\u0173\u201c programos nepriklausomas poveikio vertinimo specialistas<\/em><br \/>\n11.30\u201311.55 Sveikinimo \u017eodis<br \/>\n<em>Dr. Ar\u016bnas Gel\u016bnas, Lietuvos Respublikos Seimo narys<\/em><br \/>\n11.55\u201312.00 Pirmos konferencijos dalies apibendrinimas<br \/>\n12.00\u201313.20 Piet\u016bs (V auk\u0161tas) \/\u00a0Ekspozicija (II auk\u0161tas)<\/p>\n<hr \/>\n<p><strong>II DALIS<\/strong><\/p>\n<hr \/>\n<p>13.20\u201314.00 Prane\u0161imas<br \/>\n<em>Marie \u00d8sterg\u00e5rd, Orhuse (Danija) vykdomo projekto \u201eDokk1\u201c vadov\u0117, Visuomen\u0117s \u012fsitraukimo, partneryst\u0117s ir komunikacijos skyriaus vadov\u0117<\/em><br \/>\n14.00\u201314.40 Prane\u0161imas<br \/>\n<em>Dr. Hannelore Vogt, Kelno (Vokietija) vie\u0161osios bibliotekos direktor\u0117<\/em><br \/>\n14.40\u201315.10\u00a0Pertrauka<br \/>\n15.10\u201316.10 Prane\u0161imas (5 auk\u0161tas)<br \/>\n<em>Eugenijus Stratilatovas, Lietuvos nacionalin\u0117s Martyno Ma\u017evydo bibliotekos projekto \u201eBibliotekos pa\u017eangai 2\u201c vadovas ir Strategin\u0117s pl\u0117tros departamento direktorius<br \/>\n<\/em>16.10\u201316.40 Prane\u0161imas<br \/>\n<em>Dr. Darius Udrys, V\u0161\u012f\u00a0\u201eGo Vilnius\u201c vadovas<\/em><br \/>\n16.40\u201317.20 Prane\u0161imas<br \/>\n<em>Afrikos b\u016bgnai<br \/>\n<\/em>17.20\u2013 Atsisveikinimo kava (V auk\u0161tas)<\/p>\n","protected":false},"excerpt":{"rendered":"<p>09.00\u201310.10 Registracija ir rytin\u0117 kava I DALIS 10.10\u201310.15 Konferencijos atidarymas 10.15\u201310.25 Sveikinimo \u017eodis Faustas Lat\u0117nas, Lietuvos Respublikos Ministro Pirmininko patar\u0117jas 10.25\u201310.35 Sveikinimo \u017eodis \u0160ar\u016bnas Birutis, Lietuvos Respublikos kult\u016bros ministras 10.35\u201311.00 Sveikinimo \u017eodis ir prane\u0161imas Prof. dr. Renaldas Gudauskas,\u00a0Lietuvos nacionalin\u0117s Martyno &hellip;<\/p>\n<p class=\"read-more\"> <a class=\"more-link\" href=\"https:\/\/konferencijos.lnb.lt\/bp2-2016\/programa\/\"> <span class=\"screen-reader-text\">Preliminari programa<\/span> Read More &raquo;<\/a><\/p>\n","protected":false},"author":1,"featured_media":0,"parent":0,"menu_order":0,"comment_status":"closed","ping_status":"closed","template":"","meta":{"inline_featured_image":false,"footnotes":""},"class_list":["post-7","page","type-page","status-publish","hentry"],"_links":{"self":[{"href":"https:\/\/konferencijos.lnb.lt\/bp2-2016\/wp-json\/wp\/v2\/pages\/7","targetHints":{"allow":["GET"]}}],"collection":[{"href":"https:\/\/konferencijos.lnb.lt\/bp2-2016\/wp-json\/wp\/v2\/pages"}],"about":[{"href":"https:\/\/konferencijos.lnb.lt\/bp2-2016\/wp-json\/wp\/v2\/types\/page"}],"author":[{"embeddable":true,"href":"https:\/\/konferencijos.lnb.lt\/bp2-2016\/wp-json\/wp\/v2\/users\/1"}],"replies":[{"embeddable":true,"href":"https:\/\/konferencijos.lnb.lt\/bp2-2016\/wp-json\/wp\/v2\/comments?post=7"}],"version-history":[{"count":35,"href":"https:\/\/konferencijos.lnb.lt\/bp2-2016\/wp-json\/wp\/v2\/pages\/7\/revisions"}],"predecessor-version":[{"id":287,"href":"https:\/\/konferencijos.lnb.lt\/bp2-2016\/wp-json\/wp\/v2\/pages\/7\/revisions\/287"}],"wp:attachment":[{"href":"https:\/\/konferencijos.lnb.lt\/bp2-2016\/wp-json\/wp\/v2\/media?parent=7"}],"curies":[{"name":"wp","href":"https:\/\/api.w.org\/{rel}","templated":true}]}}