{"id":4,"date":"2016-04-21T11:15:39","date_gmt":"2016-04-21T13:15:39","guid":{"rendered":"http:\/\/konferencijos.lnb.lt\/eduardas-volteras\/?page_id=4"},"modified":"2016-04-26T10:25:00","modified_gmt":"2016-04-26T12:25:00","slug":"programa","status":"publish","type":"page","link":"https:\/\/konferencijos.lnb.lt\/eduardas-volteris\/programa\/","title":{"rendered":"Programa"},"content":{"rendered":"<p><strong>9.30-10.00<\/strong> Dalyvi\u0173 registracija. Rytin\u0117 kava<\/p>\n<h2>I sesija<\/h2>\n<p><em>Moderuoja Jolanta Budri\u016bnien\u0117 (Lietuvos nacionalin\u0117 Martyno Ma\u017evydo biblioteka) ir prof. dr. Jonas Vai\u010denonis (Vytauto Did\u017eiojo universitetas)<\/em><\/p>\n<p><strong>10.00 \u2013 10.40<\/strong> Konferencijos atidarymas. Sveikinimai:<\/p>\n<ul>\n<li>Lietuvos nacionalin\u0117s Martyno Ma\u017evydo bibliotekos generalinis direktorius prof. dr. Renaldas Gudauskas<\/li>\n<li>Vytauto Did\u017eiojo universiteto Kauno istorijos centro vadovas prof. dr. Jonas Vai\u010denonis<\/li>\n<li>Kauno miesto muziejaus direktor\u0117 Rita Garbaravi\u010dien\u0117<\/li>\n<li>Kauno miesto savivaldyb\u0117s atstovai<\/li>\n<\/ul>\n<p><strong>10.40-11.00<\/strong> Pirmieji \u0161e\u0161i Eduardo Volterio gyvenimo de\u0161imtme\u010diai \u2013 kelyje Lietuvos link<br \/>\n<em>Prof. dr. Renaldas Gudauskas, Lietuvos nacionalin\u0117 Martyno Ma\u017evydo biblioteka<\/em><\/p>\n<p><strong>11.00-11.20<\/strong> Eduardo Volterio ind\u0117lis formuojant Rusijos mokslo akademijos bibliotekos slav\u0173 ir lietuvi\u0173-latvi\u0173 fond\u0105 (rus\u0173 kalba)<br \/>\n<em>Elena \u010ciliajeva, Rusijos mokslo akademijos biblioteka (Sankt Peterburgas)<\/em><\/p>\n<p><strong>11.20 \u2013 11.40<\/strong> Eduardo Volterio med\u017eiaga Sankt Peterburgo archyvuose<br \/>\n<em>Doc. dr. Aleksej Andronov, Sankt Peterburgo valstybinis universitetas<\/em><\/p>\n<p><strong>11.40 \u2013 12.00<\/strong> Kavos pertrauka<\/p>\n<p><strong>12.00-12.20<\/strong> Namai kaip kult\u016bros centras: Volteri\u0173 \u0161eima ir lituanistika XX a. prad\u017eios Peterburge<br \/>\n<em>Dr. Aurelijus Gieda, Vilniaus universitetas<\/em><\/p>\n<p><strong>12.20 \u2013 12.40<\/strong> Eduardas Volteris ir jo sukaupta lietuvi\u0173 liaudies muzikos \u012fra\u0161\u0173 kolekcija (1908\u20131909)<br \/>\n<em>Dr. Aust\u0117 Nakien\u0117, Lietuvi\u0173 literat\u016bros ir tautosakos institutas<\/em><\/p>\n<p><strong>12.40 \u2013 13.00<\/strong> Lietuvi\u0173 tarm\u0117tyros i\u0161takos: kalbin\u0117 Eduardo Volterio veikla<br \/>\n<em>Prof. dr. Danguol\u0117 Mikul\u0117nien\u0117, Lietuvi\u0173 kalbos institutas<\/em><\/p>\n<p><strong>13.00 \u2013 13.20<\/strong> Eduardas Volteris ir seniausieji latgalie\u010di\u0173 tekstai<br \/>\n<em>Prof. dr. Lidija Leikuma, Latvijos universitetas<\/em><\/p>\n<p><strong>13.20 \u2013 14.30<\/strong> Piet\u0173 pertrauka<\/p>\n<h2>II sesija<\/h2>\n<p><em>Moderuoja dr. Laima Bucevi\u010di\u016bt\u0117 (Vytauto Did\u017eiojo universitetas) ir Gediminas Kasparavi\u010dius (Vytauto Did\u017eiojo universitetas)<br \/>\n<\/em><\/p>\n<p><strong>14.30 \u2013 14.50<\/strong> Lietuvi\u0173 ir latvi\u0173 susiartinimas: prof. Eduardo Volterio veikla Lietuvi\u0173 Latvi\u0173 Vienyb\u0117s draugijoje<br \/>\n<em>Dr. Vilma Akmenyt\u0117-Ruzgien\u0117<\/em><\/p>\n<p><strong>14.50-15.10<\/strong> Kod\u0117l Eduardas Volteris nepasirinko galimos alternatyvos \u2013 Latvijos universiteto?<br \/>\n<em>Robertas \u0160imkus, Klaip\u0117dos universitetas<\/em><\/p>\n<p><strong>15.10 \u2013 15.30<\/strong> Prof. Eduardas Volteris Kauno akademin\u0117je aplinkoje 1922\u20131934 m.<br \/>\n<em>Dr. Modestas Kuodys, Vytauto Did\u017eiojo universiteto Kauno istorijos centras<\/em><\/p>\n<p><strong>15.30 \u2013 15.50<\/strong> Kavos pertrauka<\/p>\n<p><strong>15.50 \u2013 16.10<\/strong> Prof. Eduardo Volterio istorin\u0117s mokslin\u0117s publikacijos \u201eNaujosios Romuvos\u201c \u017eurnale<br \/>\n<em>Doc. dr. Jolanta Ma\u017eyl\u0117, Vilniaus universitetas<\/em><\/p>\n<p><strong>16.10 \u2013 16.30<\/strong> Petro B\u016bt\u0117no darbai lietuvi\u0173 tautotyros srityje \u2013 tai prakti\u0161kai \u012fgyvendintos prof. Eduardo Volterio id\u0117jos<br \/>\n<em>Lion\u0117 Lapinskien\u0117, Komunikacijos centras \u201eKalba. Knyga. K\u016bryba\u201c<\/em><\/p>\n<p><strong>16.30 \u2013 16.50<\/strong> \u201eIr \u0161lovinkime j\u012f!\u201c. Eduardo Volterio jubiliejai<br \/>\n<em>Dr. Giedr\u0117 Mileryt\u0117 \u2013 Japertien\u0117, Lietuvos nacionalin\u0117 Martyno Ma\u017evydo biblioteka<\/em><\/p>\n","protected":false},"excerpt":{"rendered":"<p>9.30-10.00 Dalyvi\u0173 registracija. Rytin\u0117 kava I sesija Moderuoja Jolanta Budri\u016bnien\u0117 (Lietuvos nacionalin\u0117 Martyno Ma\u017evydo biblioteka) ir prof. dr. Jonas Vai\u010denonis (Vytauto Did\u017eiojo universitetas) 10.00 \u2013 10.40 Konferencijos atidarymas. Sveikinimai: Lietuvos nacionalin\u0117s Martyno Ma\u017evydo bibliotekos generalinis direktorius prof. dr. Renaldas Gudauskas &hellip;<\/p>\n<p class=\"read-more\"> <a class=\"more-link\" href=\"https:\/\/konferencijos.lnb.lt\/eduardas-volteris\/programa\/\"> <span class=\"screen-reader-text\">Programa<\/span> Read More &raquo;<\/a><\/p>\n","protected":false},"author":1,"featured_media":0,"parent":0,"menu_order":0,"comment_status":"closed","ping_status":"closed","template":"","meta":{"inline_featured_image":false,"footnotes":""},"class_list":["post-4","page","type-page","status-publish","hentry"],"_links":{"self":[{"href":"https:\/\/konferencijos.lnb.lt\/eduardas-volteris\/wp-json\/wp\/v2\/pages\/4","targetHints":{"allow":["GET"]}}],"collection":[{"href":"https:\/\/konferencijos.lnb.lt\/eduardas-volteris\/wp-json\/wp\/v2\/pages"}],"about":[{"href":"https:\/\/konferencijos.lnb.lt\/eduardas-volteris\/wp-json\/wp\/v2\/types\/page"}],"author":[{"embeddable":true,"href":"https:\/\/konferencijos.lnb.lt\/eduardas-volteris\/wp-json\/wp\/v2\/users\/1"}],"replies":[{"embeddable":true,"href":"https:\/\/konferencijos.lnb.lt\/eduardas-volteris\/wp-json\/wp\/v2\/comments?post=4"}],"version-history":[{"count":6,"href":"https:\/\/konferencijos.lnb.lt\/eduardas-volteris\/wp-json\/wp\/v2\/pages\/4\/revisions"}],"predecessor-version":[{"id":147,"href":"https:\/\/konferencijos.lnb.lt\/eduardas-volteris\/wp-json\/wp\/v2\/pages\/4\/revisions\/147"}],"wp:attachment":[{"href":"https:\/\/konferencijos.lnb.lt\/eduardas-volteris\/wp-json\/wp\/v2\/media?parent=4"}],"curies":[{"name":"wp","href":"https:\/\/api.w.org\/{rel}","templated":true}]}}