{"id":49,"date":"2016-04-22T07:15:16","date_gmt":"2016-04-22T09:15:16","guid":{"rendered":"http:\/\/konferencijos.lnb.lt\/eduardas-volteras\/?page_id=49"},"modified":"2021-09-17T04:21:12","modified_gmt":"2021-09-17T06:21:12","slug":"pranesejai","status":"publish","type":"page","link":"https:\/\/konferencijos.lnb.lt\/eduardas-volteris\/pranesejai\/","title":{"rendered":"Prane\u0161\u0117jai"},"content":{"rendered":"\n<p>Prof. dr. Renaldas Gudauskas<br>Prof. dr. Danguol\u0117 Mikul\u0117nien\u0117<br>Robertas \u0160imkus<br>Elena \u010ciliajeva<br>Doc. dr. Aleksejus Andronovas<br>Dr. Aurelijus Gieda<br>Dr. Aust\u0117 Nakien\u0117<br>Prof. dr. Lidija Leikuma<br>Dr. Vilma Akmenyt\u0117\u2013Ruzgien\u0117<br>Dr. Modestas Kuodys<br>Doc. dr. Jolanta Ma\u017eyl\u0117<br>Lion\u0117 Lapinskien\u0117<br>Dr. Giedr\u0117 Mileryt\u0117 \u2013 Japertien\u0117<\/p>\n","protected":false},"excerpt":{"rendered":"<p>Prof. dr. Renaldas GudauskasProf. dr. Danguol\u0117 Mikul\u0117nien\u0117Robertas \u0160imkusElena \u010ciliajevaDoc. dr. Aleksejus AndronovasDr. Aurelijus GiedaDr. Aust\u0117 Nakien\u0117Prof. dr. Lidija LeikumaDr. Vilma Akmenyt\u0117\u2013Ruzgien\u0117Dr. Modestas KuodysDoc. dr. Jolanta Ma\u017eyl\u0117Lion\u0117 Lapinskien\u0117Dr. Giedr\u0117 Mileryt\u0117 \u2013 Japertien\u0117<\/p>\n","protected":false},"author":1,"featured_media":0,"parent":0,"menu_order":2,"comment_status":"closed","ping_status":"closed","template":"","meta":{"inline_featured_image":false,"footnotes":""},"class_list":["post-49","page","type-page","status-publish","hentry"],"_links":{"self":[{"href":"https:\/\/konferencijos.lnb.lt\/eduardas-volteris\/wp-json\/wp\/v2\/pages\/49","targetHints":{"allow":["GET"]}}],"collection":[{"href":"https:\/\/konferencijos.lnb.lt\/eduardas-volteris\/wp-json\/wp\/v2\/pages"}],"about":[{"href":"https:\/\/konferencijos.lnb.lt\/eduardas-volteris\/wp-json\/wp\/v2\/types\/page"}],"author":[{"embeddable":true,"href":"https:\/\/konferencijos.lnb.lt\/eduardas-volteris\/wp-json\/wp\/v2\/users\/1"}],"replies":[{"embeddable":true,"href":"https:\/\/konferencijos.lnb.lt\/eduardas-volteris\/wp-json\/wp\/v2\/comments?post=49"}],"version-history":[{"count":5,"href":"https:\/\/konferencijos.lnb.lt\/eduardas-volteris\/wp-json\/wp\/v2\/pages\/49\/revisions"}],"predecessor-version":[{"id":163,"href":"https:\/\/konferencijos.lnb.lt\/eduardas-volteris\/wp-json\/wp\/v2\/pages\/49\/revisions\/163"}],"wp:attachment":[{"href":"https:\/\/konferencijos.lnb.lt\/eduardas-volteris\/wp-json\/wp\/v2\/media?parent=49"}],"curies":[{"name":"wp","href":"https:\/\/api.w.org\/{rel}","templated":true}]}}