{"id":147,"date":"2017-02-22T11:05:48","date_gmt":"2017-02-22T13:05:48","guid":{"rendered":"http:\/\/konferencijos.lnb.lt\/ifla-2017\/?page_id=147"},"modified":"2017-08-07T07:44:15","modified_gmt":"2017-08-07T09:44:15","slug":"registracija","status":"publish","type":"page","link":"https:\/\/konferencijos.lnb.lt\/ifla-2017\/registracija\/","title":{"rendered":"Registracija"},"content":{"rendered":"<p>Informuojame, kad registracija \u012f IFLA lydin\u010diosios konferencijos sesij\u0105 yra baigta. D\u0117kojame u\u017esiregistravusiems.<\/p>\n","protected":false},"excerpt":{"rendered":"<p>Informuojame, kad registracija \u012f IFLA lydin\u010diosios konferencijos sesij\u0105 yra baigta. D\u0117kojame u\u017esiregistravusiems.<\/p>\n","protected":false},"author":1,"featured_media":0,"parent":0,"menu_order":0,"comment_status":"closed","ping_status":"closed","template":"","meta":{"inline_featured_image":false,"footnotes":""},"class_list":["post-147","page","type-page","status-publish","hentry"],"_links":{"self":[{"href":"https:\/\/konferencijos.lnb.lt\/ifla-2017\/wp-json\/wp\/v2\/pages\/147","targetHints":{"allow":["GET"]}}],"collection":[{"href":"https:\/\/konferencijos.lnb.lt\/ifla-2017\/wp-json\/wp\/v2\/pages"}],"about":[{"href":"https:\/\/konferencijos.lnb.lt\/ifla-2017\/wp-json\/wp\/v2\/types\/page"}],"author":[{"embeddable":true,"href":"https:\/\/konferencijos.lnb.lt\/ifla-2017\/wp-json\/wp\/v2\/users\/1"}],"replies":[{"embeddable":true,"href":"https:\/\/konferencijos.lnb.lt\/ifla-2017\/wp-json\/wp\/v2\/comments?post=147"}],"version-history":[{"count":7,"href":"https:\/\/konferencijos.lnb.lt\/ifla-2017\/wp-json\/wp\/v2\/pages\/147\/revisions"}],"predecessor-version":[{"id":263,"href":"https:\/\/konferencijos.lnb.lt\/ifla-2017\/wp-json\/wp\/v2\/pages\/147\/revisions\/263"}],"wp:attachment":[{"href":"https:\/\/konferencijos.lnb.lt\/ifla-2017\/wp-json\/wp\/v2\/media?parent=147"}],"curies":[{"name":"wp","href":"https:\/\/api.w.org\/{rel}","templated":true}]}}