{"id":17,"date":"2017-02-01T09:42:22","date_gmt":"2017-02-01T11:42:22","guid":{"rendered":"http:\/\/konferencijos.lnb.lt\/ifla-2017\/?page_id=17"},"modified":"2017-08-11T06:43:32","modified_gmt":"2017-08-11T08:43:32","slug":"programa","status":"publish","type":"page","link":"https:\/\/konferencijos.lnb.lt\/ifla-2017\/programa\/","title":{"rendered":"Programa"},"content":{"rendered":"<ul>\n<li><a href=\"http:\/\/konferencijos.lnb.lt\/ifla-2017\/pirmosios-dienos-programa\/\">Tre\u010diadienis, rugpj\u016b\u010dio 16 d.<\/a><\/li>\n<li><a href=\"http:\/\/konferencijos.lnb.lt\/ifla-2017\/antrosios-dienos-programa\/\">Ketvirtadienis, rugpj\u016b\u010dio 17 d.<\/a><\/li>\n<\/ul>\n","protected":false},"excerpt":{"rendered":"<p>Tre\u010diadienis, rugpj\u016b\u010dio 16 d. Ketvirtadienis, rugpj\u016b\u010dio 17 d.<\/p>\n","protected":false},"author":1,"featured_media":0,"parent":0,"menu_order":0,"comment_status":"closed","ping_status":"closed","template":"","meta":{"inline_featured_image":false,"footnotes":""},"class_list":["post-17","page","type-page","status-publish","hentry"],"_links":{"self":[{"href":"https:\/\/konferencijos.lnb.lt\/ifla-2017\/wp-json\/wp\/v2\/pages\/17","targetHints":{"allow":["GET"]}}],"collection":[{"href":"https:\/\/konferencijos.lnb.lt\/ifla-2017\/wp-json\/wp\/v2\/pages"}],"about":[{"href":"https:\/\/konferencijos.lnb.lt\/ifla-2017\/wp-json\/wp\/v2\/types\/page"}],"author":[{"embeddable":true,"href":"https:\/\/konferencijos.lnb.lt\/ifla-2017\/wp-json\/wp\/v2\/users\/1"}],"replies":[{"embeddable":true,"href":"https:\/\/konferencijos.lnb.lt\/ifla-2017\/wp-json\/wp\/v2\/comments?post=17"}],"version-history":[{"count":7,"href":"https:\/\/konferencijos.lnb.lt\/ifla-2017\/wp-json\/wp\/v2\/pages\/17\/revisions"}],"predecessor-version":[{"id":209,"href":"https:\/\/konferencijos.lnb.lt\/ifla-2017\/wp-json\/wp\/v2\/pages\/17\/revisions\/209"}],"wp:attachment":[{"href":"https:\/\/konferencijos.lnb.lt\/ifla-2017\/wp-json\/wp\/v2\/media?parent=17"}],"curies":[{"name":"wp","href":"https:\/\/api.w.org\/{rel}","templated":true}]}}