{"id":2,"date":"2017-02-01T09:32:37","date_gmt":"2017-02-01T11:32:37","guid":{"rendered":"http:\/\/konferencijos.lnb.lt\/ifla-2017\/?page_id=2"},"modified":"2017-08-02T06:22:23","modified_gmt":"2017-08-02T08:22:23","slug":"apie","status":"publish","type":"page","link":"https:\/\/konferencijos.lnb.lt\/ifla-2017\/","title":{"rendered":"Apie"},"content":{"rendered":"<p><strong>Kvie\u010diame \u012f <\/strong><strong>IFLA lydin\u010diosios konferencijos sesij\u0105 <\/strong><strong>\u201e\u012evairialypi\u0173 tapatum\u0173 i\u0161\u0161\u016bkiai. Daugiatauti\u0161kumas genealogijoje, lokalin\u0117je istorijoje ir regionin\u0117je atmintyje: bibliotek\u0173 ir kit\u0173 atminties institucij\u0173 i\u0161\u0161\u016bkiai bei galimyb\u0117s\u201c<\/strong><\/p>\n<p><strong>Data: <\/strong>rugpj\u016b\u010dio 16\u201317 d.<\/p>\n<p><strong>Vieta:<\/strong> Lietuvos nacionalin\u0117 Martyno Ma\u017evydo biblioteka, Gedimino pr.\u00a0 51, Vilnius.<\/p>\n<p><strong>R\u0117m\u0117jai:<\/strong> Lietuvos nacionalin\u0117 Martyno Ma\u017evydo biblioteka, Vilniaus universiteto Komunikacijos fakulteto Bibliotekininkyst\u0117s ir informacijos moksl\u0173 institutas.<\/p>\n<p><strong>Registracija:<\/strong> dalyvavimas \u0161ios konferencijos sesijoje yra nemokamas, ta\u010diau b\u016btina registracija \u012f abi dienas atskirai.<\/p>\n<p><strong>Informuojame, kad registracija \u012f IFLA lydin\u010diosios konferencijos sesij\u0105 u\u017esidaro rugpj\u016b\u010dio 7 d. Dar likusios kelios laisvos vietos, \u012f kurias kvie\u010diame registruotis. Jei jos u\u017esipildys grei\u010diau \u2013 registracij\u0105 bus sustabdyta anks\u010diau laiko.<\/strong><\/p>\n<p><strong>Pirma diena \u2013 rugpj\u016b\u010dio 16 d., tre\u010diadienis<\/strong><br \/>\n<em>\u012evadas \u012f elektronin\u012f mokym\u0105si. <\/em>Tai bendras pristatymas ir praktiniai kursai, kuriems vadovaus du patyr\u0119 skaitmeninio mokymo d\u0117stytojai \u2013 Tordas H\u00f8ivikas ir Kari Gerhardsen Vikestad (Akershuso taikom\u0173j\u0173 moksl\u0173 universitetas, Oslas, Norvegija).<\/p>\n<p><strong>Antra diena \u2013 rugpj\u016b\u010dio 17 d., ketvirtadienis<\/strong><br \/>\nGenealogijos ir vietos istorijos sesij\u0105 sudaro de\u0161imt trump\u0173 ir \u012fdomi\u0173 pristatym\u0173, kuriuos pateiks prane\u0161\u0117jai i\u0161 Honkongo, Japonijos, Ugandos, Nigerijos, Rumunijos, Latvijos, Lietuvos ir Brazilijos. Po pristatym\u0173 vyks diskusijos nedidel\u0117mis grup\u0117mis.<\/p>\n<p>Po piet\u0173 pagrindinis prane\u0161\u0117jas Danielis Horowitzas i\u0161 organizacijos \u201eMyHeritage\u201c pristatys naujausius \u012fvykius ir projektus, \u012fgyvendinamus naujoje ir \u012fdomioje srityje \u2013 bus aptariamas DNR studij\u0173 taikymas genealogijoje. Vigintas Stancelis i\u0161 Vilniaus universiteto taip pat pateiks trump\u0105 pristatym\u0105 <em>Praktinis atvirosios platformos \u201eedX\u201c taikymas mokant vietos istorijos ir genealogijos.<\/em><\/p>\n<p>Visus prane\u0161imus rasite \u010dia: <a href=\"http:\/\/library.ifla.org\/view\/conferences\/2017\/2017-08-16\/730.html\">http:\/\/library.ifla.org\/view\/conferences\/2017\/2017-08-16\/730.html<\/a><\/p>\n<p>D\u0117l i\u0161samesn\u0117s informacijos apie IFLA lydin\u010diosios konferencijos sesij\u0105 kreipkit\u0117s \u012f Bozen\u0105 Rasmussen (el. pa\u0161tas <a href=\"mailto:bozennara@gmail.com\">bozennara@gmail.com<\/a>).<\/p>\n","protected":false},"excerpt":{"rendered":"<p>Kvie\u010diame \u012f IFLA lydin\u010diosios konferencijos sesij\u0105 \u201e\u012evairialypi\u0173 tapatum\u0173 i\u0161\u0161\u016bkiai. Daugiatauti\u0161kumas genealogijoje, lokalin\u0117je istorijoje ir regionin\u0117je atmintyje: bibliotek\u0173 ir kit\u0173 atminties institucij\u0173 i\u0161\u0161\u016bkiai bei galimyb\u0117s\u201c Data: rugpj\u016b\u010dio 16\u201317 d. Vieta: Lietuvos nacionalin\u0117 Martyno Ma\u017evydo biblioteka, Gedimino pr.\u00a0 51, Vilnius. R\u0117m\u0117jai: Lietuvos &hellip;<\/p>\n<p class=\"read-more\"> <a class=\"more-link\" href=\"https:\/\/konferencijos.lnb.lt\/ifla-2017\/\"> <span class=\"screen-reader-text\">Apie<\/span> Read More &raquo;<\/a><\/p>\n","protected":false},"author":1,"featured_media":0,"parent":0,"menu_order":0,"comment_status":"closed","ping_status":"open","template":"","meta":{"inline_featured_image":false,"footnotes":""},"class_list":["post-2","page","type-page","status-publish","hentry"],"_links":{"self":[{"href":"https:\/\/konferencijos.lnb.lt\/ifla-2017\/wp-json\/wp\/v2\/pages\/2","targetHints":{"allow":["GET"]}}],"collection":[{"href":"https:\/\/konferencijos.lnb.lt\/ifla-2017\/wp-json\/wp\/v2\/pages"}],"about":[{"href":"https:\/\/konferencijos.lnb.lt\/ifla-2017\/wp-json\/wp\/v2\/types\/page"}],"author":[{"embeddable":true,"href":"https:\/\/konferencijos.lnb.lt\/ifla-2017\/wp-json\/wp\/v2\/users\/1"}],"replies":[{"embeddable":true,"href":"https:\/\/konferencijos.lnb.lt\/ifla-2017\/wp-json\/wp\/v2\/comments?post=2"}],"version-history":[{"count":24,"href":"https:\/\/konferencijos.lnb.lt\/ifla-2017\/wp-json\/wp\/v2\/pages\/2\/revisions"}],"predecessor-version":[{"id":251,"href":"https:\/\/konferencijos.lnb.lt\/ifla-2017\/wp-json\/wp\/v2\/pages\/2\/revisions\/251"}],"wp:attachment":[{"href":"https:\/\/konferencijos.lnb.lt\/ifla-2017\/wp-json\/wp\/v2\/media?parent=2"}],"curies":[{"name":"wp","href":"https:\/\/api.w.org\/{rel}","templated":true}]}}