{"id":20,"date":"2017-02-01T09:44:05","date_gmt":"2017-02-01T11:44:05","guid":{"rendered":"http:\/\/konferencijos.lnb.lt\/ifla-2017\/?page_id=20"},"modified":"2017-08-16T10:42:06","modified_gmt":"2017-08-16T12:42:06","slug":"antrosios-dienos-programa","status":"publish","type":"page","link":"https:\/\/konferencijos.lnb.lt\/ifla-2017\/antrosios-dienos-programa\/","title":{"rendered":"Ketvirtadienis, rugpj\u016b\u010dio 17 d."},"content":{"rendered":"<p><strong><u>III DALIS. GENEALOGIJOS IR VIETOS ISTORIJOS SESIJA<\/u><\/strong><strong><br \/>\n09.30\u201316.30 val., VIETA: KONFERENCIJ\u0172 SAL\u0116 (V A.)<\/strong><\/p>\n<p><strong>\u012evairialypi\u0173 tapatum\u0173 i\u0161\u0161\u016bkiai. Daugiatauti\u0161kumas genealogijoje, lokalin\u0117je istorijoje ir regionin\u0117je atmintyje: bibliotek\u0173 ir kit\u0173 atminties institucij\u0173 i\u0161\u0161\u016bkiai bei galimyb\u0117s<\/strong><\/p>\n<p>Pirmininkas: Cherie Bush (\u201eFamily Search Org.\u201c, Jungtin\u0117s Amerikos Valstijos)<\/p>\n<p>09.30\u201310.00 \u2013 registracija<br \/>\n10.00\u201310.10 \u2013 \u012f\u017eanginis \u017eodis ir praktin\u0117 informacija<\/p>\n<h4>PRISTATYMAI. I GRUP\u0116. 10.10\u201310.50 val.<\/h4>\n<p><strong>1. Istorin\u0117s ir kult\u016brin\u0117s informacijos kaupimo skatinimas remiantis Tarptautin\u0117s mokykl\u0173 bibliotekininkyst\u0117s asociacijos <em>(angl. International Association of School Librarianship)<\/em> \u201eKeitimosi \u017eymekliais\u201c projektu<br \/>\n<\/strong>Helen M. Y. Chan (Honkongo Lam Tin metodist\u0173 pradin\u0117s mokyklos biblioteka)<br \/>\n<strong>2.\u00a0 Skaitmeninio vietos istorijos rinkimo pa\u017eanga Japonijos vie\u0161osiose bibliotekose ir kitose informacijos kaupimo institucijose<br \/>\n<\/strong>Takashi Nagatsuka (Tsurumi universitetas, Japonija)<br \/>\n<strong>3.\u00a0 Kart\u0173 praktiniai kursai Brazilijoje: individo socializacija ir jo istorija<br \/>\n<\/strong>Simone Borges Paiva (Valstybinis Londrinos universitetas, Parana, Brazilija)<br \/>\n**Prane\u0161imas bus rodomas Youtube kanalu.<br \/>\n<strong>4.\u00a0 Projektas \u201eVilnijos vartai\u201c \u2013 vartai \u012f vietos istorij\u0105<br \/>\n<\/strong>Edita S\u0117daityt\u0117 (Vilniaus apskrities Adomo Mickevi\u010diaus vie\u0161oji biblioteka, Lietuva)<br \/>\nNeringa Andro\u0161i\u016bnait\u0117 (Vilniaus apskrities Adomo Mickevi\u010diaus vie\u0161oji biblioteka, Lietuva)<\/p>\n<p>10.50\u201311.20 \u2013 diskusijos nedidel\u0117se grup\u0117se (\u201eWorld caf\u00e9\u201c: <a href=\"http:\/\/www.theworldcafe.com\/key-concepts-resources\/world-cafe-method\" target=\"_blank\" rel=\"noopener\">www.theworldcafe.com\/key-concepts-resources\/world-cafe-method<\/a>)<\/p>\n<h4>11.20\u201311.35 \u2013 KAVOS PERTRAUKA<\/h4>\n<p><strong>PRISTATYMAI. II GRUP\u0116. 11.35\u201312.15 val.<\/strong><\/p>\n<p><strong>5. M\u016bs\u0173 vis\u0173 atsiminimai: Europos kampanij\u0173 Rumunijoje 1914\u20131918 m. pasekm\u0117s<br \/>\n<\/strong>Cristina Ioana Roiu (Rumunijos akademijos biblioteka, Rumunija)<br \/>\n<strong>6.\u00a0 Sakytin\u0117s istorijos metodo taikymas bibliotekose<br \/>\n<\/strong>Dalia Cidzikait\u0117 (Lietuvos nacionalin\u0117 Martyno Ma\u017evydo biblioteka, Lietuva)<br \/>\n<strong>7.\u00a0 Knyg\u0173 dedikacijos: kult\u016brinio ir nacionalinio identiteto i\u0161rai\u0161ka<br \/>\n<\/strong>Angel\u0117 Mikelinskait\u0117 (Panev\u0117\u017eio apskrities Gabriel\u0117s Petkevi\u010dait\u0117s-Bit\u0117s vie\u0161oji biblioteka, Lietuva)<br \/>\n<strong>8. Praktinis atvirosios platformos \u201eedX\u201c taikymas mokant vietos istorijos ir genealogijos<br \/>\n<\/strong>Vigintas Stancelis (Vilniaus universiteto Komunikacijos fakultetas, Lietuva)<\/p>\n<p>12.15\u201312.45 \u2013 diskusijos nedidel\u0117se grup\u0117se (\u201eWorld caf\u00e9\u201c)<\/p>\n<h4>12.45\u201314.15 \u2013 PIET\u0172 PERTRAUKA<\/h4>\n<p><strong><u>IV DALIS. GENEALOGIJOS IR TECHNOLOGIJ\u0172 SESIJA<\/u><\/strong><strong><br \/>\n14.15\u201316.30 val., KONFERENCIJ\u0172 SAL\u0116 (V A.)<\/strong><\/p>\n<p>14.15\u201314.20 \u2013 DNR sesijos pristatymas<br \/>\n14.20\u201315.05 \u2013 <strong><em>DNR ir \u0161eimos istorijos integravimas<\/em> <\/strong>(Daniel Horowitz, \u201eMyHeritage\u201c) \u201eMyHeritage\u201c yra tarptautin\u0117 organizacija, teikianti genealogijos paslaugas internetu. 2016\u00a0m. ji pristat\u0117 DNR tyrim\u0173 paslaug\u0105, kai naudojami \u0117miniai, paimti i\u0161 klient\u0173 j\u0173 pa\u010di\u0173 namuose. Paskaitoje parodysime, kaip DNR duomenys integruojami \u012f m\u016bs\u0173 \u0161eimos istorijos program\u0105. Papasakosime apie m\u016bs\u0173 tautybi\u0173 projekt\u0105 \u2013 did\u017eiausi\u0105 kada nors atlikt\u0105 tokio tipo tyrim\u0105. Taip pat aptarsime m\u016bs\u0173 veiksming\u0105 DNR palyginimo technologij\u0105 ir ap\u017evelgsime kelet\u0105 \u012fdomi\u0173 atskir\u0173 atvej\u0173 tyrim\u0173. Daugiau apie \u201e<a href=\"http:\/\/www.myheritage.lt\">MyHeritage<\/a>\u201c.<\/p>\n<p>15.05\u201315.30 \u2013 diskusija<\/p>\n<h4>15.30\u201315.40 \u2013 KAVOS PERTRAUKA<\/h4>\n<p>15.40\u201316.10 \u2013 <strong><em>Galinga ir unikali organizacijos \u201eMyHeritage\u201c sukurta technologija \u2013 genealogijos atradimams<\/em><\/strong> (Daniel Horowitz, \u201eMyHeritage\u201c)<br \/>\nPer paskutin\u012f de\u0161imtmet\u012f technologija leido atgaivinti genealogijos srit\u012f ir prapl\u0117sti tyrim\u0173, i\u0161saugojimo ir dalijimosi ribas neprarandant detektyvin\u0117s paie\u0161kos jaudulio. \u0160ioje paskaitoje su\u017einosite apie organizacijos \u201eMyHeritage\u201c teikiam\u0105 informacij\u0105, technologijas ir paslaugas, padedan\u010dias \u017emon\u0117ms atskleisti nauj\u0105 informacij\u0105 apie j\u0173 \u0161eim\u0105 ir atrasti anks\u010diau ne\u017einomus prot\u0117vius. Dauguma organizacijos sukurt\u0173 \u201eMyHeritage\u201c kolekcij\u0173 ir sistem\u0173 yra skirtos genealogijos specialistams, kad jie gal\u0117t\u0173 atrasti ypa\u010d tiksli\u0173, svarbi\u0173 ir nauj\u0173 duomen\u0173, kurie pad\u0117t\u0173 greitai i\u0161pl\u0117sti \u0161eim\u0173 genealoginius med\u017eius ir u\u017epildyti informacijos spragas.<\/p>\n<p>16.10\u201316.25 \u2013 klausimai<\/p>\n<h4>16.25\u201316.30 \u2013 u\u017edarymas<\/h4>\n<p><strong>16.30 val. \u2013 EKSKURSIJA PO LIETUVOS NACIONALIN\u0118 MARTYNO MA\u017dVYDO BIBLIOTEK\u0104<\/strong><\/p>\n","protected":false},"excerpt":{"rendered":"<p>III DALIS. GENEALOGIJOS IR VIETOS ISTORIJOS SESIJA 09.30\u201316.30 val., VIETA: KONFERENCIJ\u0172 SAL\u0116 (V A.) \u012evairialypi\u0173 tapatum\u0173 i\u0161\u0161\u016bkiai. Daugiatauti\u0161kumas genealogijoje, lokalin\u0117je istorijoje ir regionin\u0117je atmintyje: bibliotek\u0173 ir kit\u0173 atminties institucij\u0173 i\u0161\u0161\u016bkiai bei galimyb\u0117s Pirmininkas: Cherie Bush (\u201eFamily Search Org.\u201c, Jungtin\u0117s Amerikos &hellip;<\/p>\n<p class=\"read-more\"> <a class=\"more-link\" href=\"https:\/\/konferencijos.lnb.lt\/ifla-2017\/antrosios-dienos-programa\/\"> <span class=\"screen-reader-text\">Ketvirtadienis, rugpj\u016b\u010dio 17 d.<\/span> Read More &raquo;<\/a><\/p>\n","protected":false},"author":1,"featured_media":0,"parent":0,"menu_order":0,"comment_status":"closed","ping_status":"closed","template":"","meta":{"inline_featured_image":false,"footnotes":""},"class_list":["post-20","page","type-page","status-publish","hentry"],"_links":{"self":[{"href":"https:\/\/konferencijos.lnb.lt\/ifla-2017\/wp-json\/wp\/v2\/pages\/20","targetHints":{"allow":["GET"]}}],"collection":[{"href":"https:\/\/konferencijos.lnb.lt\/ifla-2017\/wp-json\/wp\/v2\/pages"}],"about":[{"href":"https:\/\/konferencijos.lnb.lt\/ifla-2017\/wp-json\/wp\/v2\/types\/page"}],"author":[{"embeddable":true,"href":"https:\/\/konferencijos.lnb.lt\/ifla-2017\/wp-json\/wp\/v2\/users\/1"}],"replies":[{"embeddable":true,"href":"https:\/\/konferencijos.lnb.lt\/ifla-2017\/wp-json\/wp\/v2\/comments?post=20"}],"version-history":[{"count":24,"href":"https:\/\/konferencijos.lnb.lt\/ifla-2017\/wp-json\/wp\/v2\/pages\/20\/revisions"}],"predecessor-version":[{"id":280,"href":"https:\/\/konferencijos.lnb.lt\/ifla-2017\/wp-json\/wp\/v2\/pages\/20\/revisions\/280"}],"wp:attachment":[{"href":"https:\/\/konferencijos.lnb.lt\/ifla-2017\/wp-json\/wp\/v2\/media?parent=20"}],"curies":[{"name":"wp","href":"https:\/\/api.w.org\/{rel}","templated":true}]}}