{"id":7,"date":"2017-02-01T09:37:35","date_gmt":"2017-02-01T11:37:35","guid":{"rendered":"http:\/\/konferencijos.lnb.lt\/ifla-2017\/?page_id=7"},"modified":"2017-08-14T05:22:48","modified_gmt":"2017-08-14T07:22:48","slug":"pirmosios-dienos-programa","status":"publish","type":"page","link":"https:\/\/konferencijos.lnb.lt\/ifla-2017\/pirmosios-dienos-programa\/","title":{"rendered":"Tre\u010diadienis, rugpj\u016b\u010dio 16 d."},"content":{"rendered":"<p><strong><u>I DALIS. ELEKTRONINIO MOKYMOSI SESIJA. \u012eVADAS<\/u><\/strong><strong><br \/>\n9.00\u201312.00 VAL., VIETA: KONFERENCIJ\u0172 SAL\u0116 (V A.)<\/strong><\/p>\n<p><strong><em>Elektroninis mokymas: strategija ir praktika<\/em><\/strong><strong>.<\/strong> Tai vienos dienos praktiniai kursai, kuriems vadovaus Tordas H\u00f8ivikas. Papildomos informacijos ir informacijos apie sesij\u0105 galite rasti paspaud\u0119 \u0161i\u0105 nuorod\u0105\u00a0<a href=\"https:\/\/genlocblog.wordpress.com\/wlic2017-satellite-meeting-vilnius\/workshop-elearning\/\" target=\"_blank\" rel=\"noopener\">genlocblog.wordpress.com\/wlic2017-satellite-meeting-vilnius\/workshop-elearning\/<\/a>.<\/p>\n<p>09.00\u201309.30 \u2013 registracija<br \/>\n9:30\u20139:40\u00a0 sveikinimo \u017eodis (prof. dr. Renaldas Gudauskas, Lietuvos nacionalin\u0117 Martyno Ma\u017evydo biblioteka)<br \/>\n09.40\u201310.10 \u2013 paskaita<strong><em> Globalinis elektroninio mokymo poveikis<\/em> <em>2017\u20132020 m. <\/em><\/strong>(Tord H\u00f8ivik)<br \/>\n10.10\u201310.40 \u2013 diskusijos grup\u0117se<\/p>\n<h4>10.40\u201310.50 \u2013 KAVOS PERTRAUKA<\/h4>\n<p><strong>\u00a0<\/strong>10.50\u201311.20 \u2013 paskaita<strong><em> Elektroninio mokymo strategijos universitetams ir bibliotekoms <\/em><\/strong>(Kari Gerhardsen Vikestad)<br \/>\n11.20\u201312.00 \u2013 plenarin\u0117 diskusija<\/p>\n<h4>12.00\u201313.00 \u2013 PIET\u0172 PERTRAUKA<\/h4>\n<p><strong>EKSKURSIJA PO VILNIAUS UNIVERSITETO BIBLIOTEK\u0104\u00a0 (konferencijos dalyviams, kurie po piet\u0173 nedalyvauja praktin\u0117je sesijoje).<br \/>\n<\/strong><\/p>\n<p><strong><u>II DALIS. ELEKTRONINIO MOKYMO SESIJA. PRAKTIKA<br \/>\n<\/u><\/strong><strong>13.00\u201317.00 val., VIETA: MENO ERDV\u0116 (V A.)<br \/>\n<\/strong><em>(\u012e \u0161i\u0105 sesija bus galima u\u017esiregistruoti atvykus \u012f konferencij\u0105 registracijos metu. Dalyvi\u0173 skai\u010dius \u2013 20 asm.)<\/em><\/p>\n<p>13.00\u201313.30 \u2013 paskaita <strong><em>\u012evadas \u012f vien\u0105 pagrindin\u0119 elektroninio mokymo platform\u0105 \u201eedX\u201c<br \/>\n<\/em><\/strong>13.30\u201314.15 \u2013 u\u017esi\u0117mimas <strong><em>I\u0161bandykite platform\u0105 kaip studentai<\/em><\/strong><\/p>\n<h4>14.15\u201314.30 \u2013 KAVOS PERTRAUKA<\/h4>\n<p>14.30\u201315.00 \u2013 paskaita <strong><em>\u012evadas \u012f programin\u0119 gamybos \u012frang\u0105 (\u201eStudio\u201c)<br \/>\n<\/em><\/strong>15.00\u201315.45 \u2013 u\u017esi\u0117mimas <strong><em>I\u0161bandykite programin\u0119 \u012frang\u0105 kaip mokytojai<br \/>\n<\/em><\/strong>15.45\u201316.00 \u2013 trumpa diskusija<br \/>\n16.00\u201316.45 \u2013 prane\u0161imas <strong><em>\u012evadas \u012f \u201eMicrosoft Office Mix\u201c: kaip sukurti mokomuosius vaizdo klipus skaidri\u0173 pagrindu savo biure arba namuose&#8230;<br \/>\n<\/em><\/strong>16.45\u201317.00 \u2013 u\u017ebaigimas: k\u0105 daryti toliau?<\/p>\n","protected":false},"excerpt":{"rendered":"<p>I DALIS. ELEKTRONINIO MOKYMOSI SESIJA. \u012eVADAS 9.00\u201312.00 VAL., VIETA: KONFERENCIJ\u0172 SAL\u0116 (V A.) Elektroninis mokymas: strategija ir praktika. Tai vienos dienos praktiniai kursai, kuriems vadovaus Tordas H\u00f8ivikas. Papildomos informacijos ir informacijos apie sesij\u0105 galite rasti paspaud\u0119 \u0161i\u0105 nuorod\u0105\u00a0genlocblog.wordpress.com\/wlic2017-satellite-meeting-vilnius\/workshop-elearning\/. 09.00\u201309.30 \u2013 &hellip;<\/p>\n<p class=\"read-more\"> <a class=\"more-link\" href=\"https:\/\/konferencijos.lnb.lt\/ifla-2017\/pirmosios-dienos-programa\/\"> <span class=\"screen-reader-text\">Tre\u010diadienis, rugpj\u016b\u010dio 16 d.<\/span> Read More &raquo;<\/a><\/p>\n","protected":false},"author":1,"featured_media":0,"parent":0,"menu_order":0,"comment_status":"closed","ping_status":"closed","template":"","meta":{"inline_featured_image":false,"footnotes":""},"class_list":["post-7","page","type-page","status-publish","hentry"],"_links":{"self":[{"href":"https:\/\/konferencijos.lnb.lt\/ifla-2017\/wp-json\/wp\/v2\/pages\/7","targetHints":{"allow":["GET"]}}],"collection":[{"href":"https:\/\/konferencijos.lnb.lt\/ifla-2017\/wp-json\/wp\/v2\/pages"}],"about":[{"href":"https:\/\/konferencijos.lnb.lt\/ifla-2017\/wp-json\/wp\/v2\/types\/page"}],"author":[{"embeddable":true,"href":"https:\/\/konferencijos.lnb.lt\/ifla-2017\/wp-json\/wp\/v2\/users\/1"}],"replies":[{"embeddable":true,"href":"https:\/\/konferencijos.lnb.lt\/ifla-2017\/wp-json\/wp\/v2\/comments?post=7"}],"version-history":[{"count":17,"href":"https:\/\/konferencijos.lnb.lt\/ifla-2017\/wp-json\/wp\/v2\/pages\/7\/revisions"}],"predecessor-version":[{"id":275,"href":"https:\/\/konferencijos.lnb.lt\/ifla-2017\/wp-json\/wp\/v2\/pages\/7\/revisions\/275"}],"wp:attachment":[{"href":"https:\/\/konferencijos.lnb.lt\/ifla-2017\/wp-json\/wp\/v2\/media?parent=7"}],"curies":[{"name":"wp","href":"https:\/\/api.w.org\/{rel}","templated":true}]}}