{"id":79,"date":"2017-02-08T12:46:41","date_gmt":"2017-02-08T14:46:41","guid":{"rendered":"http:\/\/konferencijos.lnb.lt\/ifla-2017\/?page_id=79"},"modified":"2017-08-11T06:39:50","modified_gmt":"2017-08-11T08:39:50","slug":"thursday-17th-august","status":"publish","type":"page","link":"https:\/\/konferencijos.lnb.lt\/ifla-2017\/en\/thursday-17th-august\/","title":{"rendered":"Thursday, 17th August:"},"content":{"rendered":"<p><strong>PART III \u2013 GENEALOGY AND LOCAL HISTORY SESSION<br \/>\n09:30\u201317:00<\/strong><strong>, CONFERENCE HALL (5th floor)<\/strong><\/p>\n<p><strong>The Challenge of Multiple Identities.\u00a0\u00a0Multiethnicity\u00a0in Genealogy, Local History and Regional Memory \u2013 Challenges and Opportunities for Libraries and other Memory Institutions<\/strong><\/p>\n<p><em>Papers for the Genealogy and Local History Pre-conference are now available on: <\/em><a href=\"http:\/\/library.ifla.org\/view\/conferences\/2017\/2017-08-16\/730.html\" target=\"_blank\" rel=\"noopener\"><em>http:\/\/library.ifla.org\/view\/conferences\/2017\/2017-08-16\/730.html<\/em><\/a><\/p>\n<p>Chair<strong>:\u00a0<\/strong>Cherie Bush (FamilySearch.org, United States)<\/p>\n<p>09:30\u201310:00 Registration. Coffee\/tea<\/p>\n<p>10:00\u201310:10 Welcome &amp; practical information<\/p>\n<p>PRESENTATIONS \u2013 GROUP I<br \/>\n10:10\u201310:50<\/p>\n<p><strong>1. Promoting Historical and Cultural Memories Through Bookmark Exchange Project of the International Association of School Librarianship<\/strong><br \/>\nHelen M.Y. Chan,\u00a0Lam Tin Methodist Primary School, Hong Kong<\/p>\n<p><strong>2. A Progress on the Digital Collections of Local History at the Public Libraries and Other Memory Institutions in Japan<\/strong><br \/>\nTakashi Nagatsuka, Tsurumi University, Japan<\/p>\n<p><strong>3. Generational Workshops in Brazil: Between the Socialization of the Individual and its Stories<br \/>\n<\/strong>Simone Borges Paiva, State University of Londrina, Paran\u00e1, Brazil<br \/>\n<em>* Simone is not able to come to Vilnius in person \u2013 her presentation will be shown during the conference on YouTube<\/em><\/p>\n<p><strong>4. \u201cVilnijos vartai\u201d \u2013 Gates to Local History<\/strong><br \/>\nEdita S\u0117daityt\u0117, Neringa\u00a0Andro\u0161i\u016bnait\u0117, Adomas Mickevi\u010dius Public Library of Vilnius County, Lithuania<\/p>\n<p>10:50\u201311:20 Small table discussions (\u201cWorld Cafe\u201d method)<\/p>\n<p><strong>11:20\u201311:35<\/strong> <strong>COFFEE<\/strong><strong> BREAK<\/strong><\/p>\n<p>PRESENTATIONS \u2013 GROUP II<br \/>\n11:35\u201312:15<\/p>\n<p><strong>5. \u201cAll Our Memories\u201d. The Outcomes of the \u00a0Europeana 1914\u20131918 Campaigns in Romania<\/strong><em><br \/>\n<\/em>Cristina Ioana Roiu, Romanian Academy Library, Romania<\/p>\n<p><strong>6. Using Oral History Method by Libraries<\/strong><br \/>\nDalia Cidzikait\u0117, Martynas Ma\u017evydas National Library of Lithuania, Lithuania<\/p>\n<p><strong>7. Book Inscriptions \u2013 an Expression of Cultural and National Identity<\/strong><br \/>\nAngel\u0117 Mikelinskait\u0117,\u00a0Gabriel\u0117 Petkevi\u010dait\u0117-Bit\u0117 Public Library of Panev\u0117\u017eys County, Lithuania<\/p>\n<p><strong>8. Practical application of Open edX platform\u00a0teaching Local History and Genealogy<\/strong><br \/>\nVigintas Stancelis,\u00a0Faculty of Communication, Vilnius University, Lithuania<\/p>\n<p>12:15\u201312:45 \u00a0Small table discussions (\u201cWorld Cafe\u201d method)<\/p>\n<p><strong>12:45\u201314:15 \u00a0LUNCH BREAK<\/strong><\/p>\n<p><strong>PART IV \u2013 GENEALOGY AND DNA SESSION<br \/>\n14:15\u201316:30<\/strong><strong>, CONFERENCE HALL (5th floor)<\/strong><\/p>\n<p>14:15\u201314:20 \u00a0Introduction to the DNA session<\/p>\n<p>14:20\u201315:05 \u00a0Daniel Horowitz, MyHeritage:\u00a0<strong><em>Integrating DNA and Family History<\/em><\/strong><\/p>\n<p>15:05\u201315:30 Discussion<\/p>\n<p><strong>15:30\u201315:40 COFFEE BREAK<\/strong><\/p>\n<p>15:40\u201316:10 Daniel Horowitz, MyHeritage:\u00a0<strong><em>MyHeritage\u2019s Powerful and Unique Technologies for Genealogy Discoveries<\/em><\/strong><\/p>\n<p>16:10\u201316:25 Questions<\/p>\n<p>16:25\u201316:30 Closing<\/p>\n<p>16:30 LIBRARY VISIT: \u00a0MARTYNAS MA\u017dVYDAS\u00a0NATIONAL LIBRARY OF LITHUANIA<\/p>\n<p>&nbsp;<\/p>\n","protected":false},"excerpt":{"rendered":"<p>PART III \u2013 GENEALOGY AND LOCAL HISTORY SESSION 09:30\u201317:00, CONFERENCE HALL (5th floor) The Challenge of Multiple Identities.\u00a0\u00a0Multiethnicity\u00a0in Genealogy, Local History and Regional Memory \u2013 Challenges and Opportunities for Libraries and other Memory Institutions Papers for the Genealogy and Local &hellip;<\/p>\n<p class=\"read-more\"> <a class=\"more-link\" href=\"https:\/\/konferencijos.lnb.lt\/ifla-2017\/en\/thursday-17th-august\/\"> <span class=\"screen-reader-text\">Thursday, 17th August:<\/span> Read More &raquo;<\/a><\/p>\n","protected":false},"author":1,"featured_media":0,"parent":0,"menu_order":0,"comment_status":"closed","ping_status":"closed","template":"","meta":{"inline_featured_image":false,"footnotes":""},"class_list":["post-79","page","type-page","status-publish","hentry"],"_links":{"self":[{"href":"https:\/\/konferencijos.lnb.lt\/ifla-2017\/wp-json\/wp\/v2\/pages\/79","targetHints":{"allow":["GET"]}}],"collection":[{"href":"https:\/\/konferencijos.lnb.lt\/ifla-2017\/wp-json\/wp\/v2\/pages"}],"about":[{"href":"https:\/\/konferencijos.lnb.lt\/ifla-2017\/wp-json\/wp\/v2\/types\/page"}],"author":[{"embeddable":true,"href":"https:\/\/konferencijos.lnb.lt\/ifla-2017\/wp-json\/wp\/v2\/users\/1"}],"replies":[{"embeddable":true,"href":"https:\/\/konferencijos.lnb.lt\/ifla-2017\/wp-json\/wp\/v2\/comments?post=79"}],"version-history":[{"count":12,"href":"https:\/\/konferencijos.lnb.lt\/ifla-2017\/wp-json\/wp\/v2\/pages\/79\/revisions"}],"predecessor-version":[{"id":271,"href":"https:\/\/konferencijos.lnb.lt\/ifla-2017\/wp-json\/wp\/v2\/pages\/79\/revisions\/271"}],"wp:attachment":[{"href":"https:\/\/konferencijos.lnb.lt\/ifla-2017\/wp-json\/wp\/v2\/media?parent=79"}],"curies":[{"name":"wp","href":"https:\/\/api.w.org\/{rel}","templated":true}]}}