{"id":10,"date":"2016-05-13T07:19:45","date_gmt":"2016-05-13T09:19:45","guid":{"rendered":"http:\/\/konferencijos.lnb.lt\/orphan-works-2016\/?page_id=10"},"modified":"2016-05-23T10:41:46","modified_gmt":"2016-05-23T12:41:46","slug":"kontaktai","status":"publish","type":"page","link":"https:\/\/konferencijos.lnb.lt\/orphan-works-2016\/kontaktai\/","title":{"rendered":"Kontaktai"},"content":{"rendered":"<p><strong>Ringail\u0117 Bakien\u0117<br \/>\n<\/strong>Leidybos produkcijos identifikavimo skyrius<br \/>\nInformacijos moksl\u0173 departamentas<br \/>\nLietuvos nacionalin\u0117 Martyno Ma\u017evydo biblioteka<br \/>\nGedimino pr. 51, LT-01504, Vilnius<br \/>\nTel. (8 5) 239 86 47<br \/>\nEl. pa\u0161tas <a href=\"mailto:%20r.bakiene@lnb.lt\">r.bakiene@lnb.lt<br \/>\n<\/a><a href=\"mailto:naslaiciai@lnb.lt\">naslaiciai@lnb.lt<\/a><\/p>\n","protected":false},"excerpt":{"rendered":"<p>Ringail\u0117 Bakien\u0117 Leidybos produkcijos identifikavimo skyrius Informacijos moksl\u0173 departamentas Lietuvos nacionalin\u0117 Martyno Ma\u017evydo biblioteka Gedimino pr. 51, LT-01504, Vilnius Tel. (8 5) 239 86 47 El. pa\u0161tas r.bakiene@lnb.lt naslaiciai@lnb.lt<\/p>\n","protected":false},"author":1,"featured_media":0,"parent":0,"menu_order":0,"comment_status":"closed","ping_status":"closed","template":"full-width-page.php","meta":{"inline_featured_image":false,"ngg_post_thumbnail":0,"footnotes":""},"class_list":["post-10","page","type-page","status-publish","hentry"],"_links":{"self":[{"href":"https:\/\/konferencijos.lnb.lt\/orphan-works-2016\/wp-json\/wp\/v2\/pages\/10","targetHints":{"allow":["GET"]}}],"collection":[{"href":"https:\/\/konferencijos.lnb.lt\/orphan-works-2016\/wp-json\/wp\/v2\/pages"}],"about":[{"href":"https:\/\/konferencijos.lnb.lt\/orphan-works-2016\/wp-json\/wp\/v2\/types\/page"}],"author":[{"embeddable":true,"href":"https:\/\/konferencijos.lnb.lt\/orphan-works-2016\/wp-json\/wp\/v2\/users\/1"}],"replies":[{"embeddable":true,"href":"https:\/\/konferencijos.lnb.lt\/orphan-works-2016\/wp-json\/wp\/v2\/comments?post=10"}],"version-history":[{"count":2,"href":"https:\/\/konferencijos.lnb.lt\/orphan-works-2016\/wp-json\/wp\/v2\/pages\/10\/revisions"}],"predecessor-version":[{"id":57,"href":"https:\/\/konferencijos.lnb.lt\/orphan-works-2016\/wp-json\/wp\/v2\/pages\/10\/revisions\/57"}],"wp:attachment":[{"href":"https:\/\/konferencijos.lnb.lt\/orphan-works-2016\/wp-json\/wp\/v2\/media?parent=10"}],"curies":[{"name":"wp","href":"https:\/\/api.w.org\/{rel}","templated":true}]}}