{"id":5,"date":"2016-05-13T07:18:04","date_gmt":"2016-05-13T09:18:04","guid":{"rendered":"http:\/\/konferencijos.lnb.lt\/orphan-works-2016\/?page_id=5"},"modified":"2016-05-31T10:51:23","modified_gmt":"2016-05-31T12:51:23","slug":"apie","status":"publish","type":"page","link":"https:\/\/konferencijos.lnb.lt\/orphan-works-2016\/","title":{"rendered":"Apie"},"content":{"rendered":"<p>Lietuvos nacionalin\u0117 Martyno Ma\u017evydo biblioteka, \u012fgyvendindama Europos Parlamento ir Tarybos direktyvos 2012\/28ES d\u0117l tam tikro leistino nenustatyt\u0173 teisi\u0173 tur\u0117toj\u0173 k\u016brini\u0173 naudojimo nuostatas, rengia seminar\u0105 \u201e<strong>Nenustatyt\u0173 teisi\u0173 tur\u0117toj\u0173 k\u016briniai: teisinis ir praktinis po\u017ei\u016bris<\/strong>\u201c. Seminaro tikslas \u2013 supa\u017eindinti su nenustatyt\u0173 teisi\u0173 tur\u0117toj\u0173 k\u016brini\u0173 naudojimo s\u0105lygomis, skaitmeninimo ir padarymo vie\u0161ai prieinamais internete priemon\u0117mis bei taisykl\u0117mis.<\/p>\n<p>\u012egyvendinant Direktyvos nuostatas nacionalin\u0117je teis\u0117je, 2014 m. gruod\u017eio m\u0117n. 16 d. priimtas Lietuvos Respublikos autori\u0173 teisi\u0173 ir gretutini\u0173 teisi\u0173 \u012fstatymo Nr. VIII-1185 2, 17 straipsni\u0173 ir 3 priedo pakeitimo ir \u012fstatymo papildymo VII skyriumi \u012fstatymas, kuriuo remiantis, Nacionalin\u0117 Martyno Ma\u017evydo biblioteka paskirta atsakinga nacionaline \u012fstaiga u\u017e nenustatyt\u0173 teisi\u0173 tur\u0117toj\u0173 k\u016brini\u0173 paie\u0161k\u0105 ir rezultat\u0173 registravim\u0105 bendroje vie\u0161ai prieinamoje Europos S\u0105jungos Nenustatyt\u0173 teisi\u0173 tur\u0117toj\u0173 duomen\u0173 baz\u0117je.<\/p>\n","protected":false},"excerpt":{"rendered":"<p>Lietuvos nacionalin\u0117 Martyno Ma\u017evydo biblioteka, \u012fgyvendindama Europos Parlamento ir Tarybos direktyvos 2012\/28ES d\u0117l tam tikro leistino nenustatyt\u0173 teisi\u0173 tur\u0117toj\u0173 k\u016brini\u0173 naudojimo nuostatas, rengia seminar\u0105 \u201eNenustatyt\u0173 teisi\u0173 tur\u0117toj\u0173 k\u016briniai: teisinis ir praktinis po\u017ei\u016bris\u201c. Seminaro tikslas \u2013 supa\u017eindinti su nenustatyt\u0173 teisi\u0173 tur\u0117toj\u0173 &hellip;<\/p>\n<p class=\"read-more\"> <a class=\"more-link\" href=\"https:\/\/konferencijos.lnb.lt\/orphan-works-2016\/\"> <span class=\"screen-reader-text\">Apie<\/span> Read More &raquo;<\/a><\/p>\n","protected":false},"author":1,"featured_media":0,"parent":0,"menu_order":0,"comment_status":"closed","ping_status":"closed","template":"","meta":{"inline_featured_image":false,"ngg_post_thumbnail":0,"footnotes":""},"class_list":["post-5","page","type-page","status-publish","hentry"],"_links":{"self":[{"href":"https:\/\/konferencijos.lnb.lt\/orphan-works-2016\/wp-json\/wp\/v2\/pages\/5","targetHints":{"allow":["GET"]}}],"collection":[{"href":"https:\/\/konferencijos.lnb.lt\/orphan-works-2016\/wp-json\/wp\/v2\/pages"}],"about":[{"href":"https:\/\/konferencijos.lnb.lt\/orphan-works-2016\/wp-json\/wp\/v2\/types\/page"}],"author":[{"embeddable":true,"href":"https:\/\/konferencijos.lnb.lt\/orphan-works-2016\/wp-json\/wp\/v2\/users\/1"}],"replies":[{"embeddable":true,"href":"https:\/\/konferencijos.lnb.lt\/orphan-works-2016\/wp-json\/wp\/v2\/comments?post=5"}],"version-history":[{"count":6,"href":"https:\/\/konferencijos.lnb.lt\/orphan-works-2016\/wp-json\/wp\/v2\/pages\/5\/revisions"}],"predecessor-version":[{"id":182,"href":"https:\/\/konferencijos.lnb.lt\/orphan-works-2016\/wp-json\/wp\/v2\/pages\/5\/revisions\/182"}],"wp:attachment":[{"href":"https:\/\/konferencijos.lnb.lt\/orphan-works-2016\/wp-json\/wp\/v2\/media?parent=5"}],"curies":[{"name":"wp","href":"https:\/\/api.w.org\/{rel}","templated":true}]}}