{"id":13,"date":"2014-10-08T11:29:32","date_gmt":"2014-10-08T08:29:32","guid":{"rendered":"http:\/\/www.lnb.lt\/conference\/orphan-work\/?page_id=13"},"modified":"2014-10-08T11:34:50","modified_gmt":"2014-10-08T08:34:50","slug":"pranesejai-ir-progama","status":"publish","type":"page","link":"https:\/\/konferencijos.lnb.lt\/orphan-works\/pranesejai-ir-progama\/","title":{"rendered":"Prane\u0161\u0117jai ir progama"},"content":{"rendered":"<p><strong>9:00\u20139:30 Pasisveikinimo kava ir registracija<\/strong><\/p>\n<hr \/>\n<p><strong>9:30\u201310:00 \u012e\u017eanginis \u017eodis<\/strong><\/p>\n<p style=\"padding-left: 60px;\"><strong>\u0160ar\u016bnas Birutis<\/strong><br \/>\nLietuvos Respublikos kult\u016bros ministras<\/p>\n<p style=\"padding-left: 60px;\"><strong>Prof. dr. Renaldas Gudauskas<\/strong><br \/>\nLietuvos Nacionalin\u0117s Martyno Ma\u017evydo bibliotekos generalinis direktorius<\/p>\n<hr \/>\n<h2><strong>1 sesija<\/strong><\/h2>\n<p>moderator\u0117 Janina Marcinkevi\u010dien\u0117<\/p>\n<p><strong>10:00\u201310:20 Nenustatyt\u0173 teisi\u0173 tur\u0117toj\u0173 k\u016briniai Lietuvos skaitmeninto kult\u016bros paveldo kontekste<\/strong><\/p>\n<p style=\"padding-left: 60px;\"><a href=\"mailto:r.varniene@lnb.lt\"><strong>Doc. dr. Regina Varnien\u0117-Janssen<\/strong><\/a><br \/>\nNacionalinio skaitmeninimo ir Virtualios elektroninio paveldo sistemos centro direktor\u0117<br \/>\nLietuvos nacionalin\u0117 Martyno Ma\u017evydo nacionalin\u0117 biblioteka<\/p>\n<p style=\"padding-left: 60px;\"><a href=\"mailto:rimvydas.lauzikas@kf.vu.lt\"><strong>Doc. dr. Rimvydas Lau\u017eikas<\/strong><\/a><br \/>\nMuzeologijos katedros ved\u0117jas<br \/>\nVilniaus universiteto Komunikacijos fakultetas<\/p>\n<p><strong>10:20\u201310:40 Nenustatyt\u0173 teisi\u0173 tur\u0117toj\u0173 k\u016brini\u0173 direktyvos \u012fgyvendinimas Lietuvoje (\u012fstatymo projekto pristatymas)<\/strong><\/p>\n<p style=\"padding-left: 60px;\"><a href=\"mailto:nijole.matuleviciene@lrkm.lt\"><strong>Nijol\u0117 Janina Matulevi\u010dien\u0117<\/strong><\/a><br \/>\nAutori\u0173 teisi\u0173 skyriaus ved\u0117ja<br \/>\nLietuvos Respublikos Kult\u016bros ministerija<\/p>\n<p><strong>10:40\u201311:00 Susij\u0119 ar priskiriami? Nenustatyt\u0173 teisi\u0173 tur\u0117toj\u0173 k\u016briniai ir bibliotek\u0173 susij\u0119 duomenys<\/strong><\/p>\n<p style=\"padding-left: 60px;\"><a href=\"mailto:gordon@gordondunsire.com\"><strong>Gordon Dunsire<\/strong><\/a><br \/>\nNepriklausomas konsultantas<br \/>\nEdinburgas, \u0160kotija, Jungtin\u0117 Karalyst\u0117<\/p>\n<p><strong>11:00\u201311:20 Nenustatyt\u0173 teisi\u0173 tur\u0117toj\u0173 k\u016brini\u0173 traktavimas Visuotin\u0117je bibliografin\u0117je apskaitoje (UBC)<\/strong><\/p>\n<p style=\"padding-left: 60px;\"><a href=\"mailto:mwiller@unizd.hr\"><strong>Prof. dr. Mirna Willer<\/strong><\/a><br \/>\nZadaro universitetas, Kroatija<br \/>\nInformacijos moksl\u0173 departamentas<\/p>\n<p><strong>11:20\u201311:40 Nenustatyt\u0173 teisi\u0173 tur\u0117toj\u0173 k\u016brini\u0173 direktyvos \u012fgyvendinimas Latvijoje<\/strong><\/p>\n<p style=\"padding-left: 60px;\"><a href=\"mailto:uldis.zarins@lnb.lv\"><strong>Uldis Zari\u0146\u0161<\/strong><\/a><br \/>\nStrategin\u0117s pl\u0117tros departamentas<br \/>\nLatvijos nacionalin\u0117 biblioteka<\/p>\n<hr \/>\n<p><strong>11:40\u201313:00 Piet\u0173 pertrauka<\/strong><\/p>\n<hr \/>\n<h2><strong>2 sesija<\/strong><\/h2>\n<p>moderatorius Uldis Zari\u0146\u0161<\/p>\n<p><strong>13:00\u201313:20 Kruop\u0161\u010dios paie\u0161kos finansavimo galimyb\u0117s<\/strong><\/p>\n<p style=\"padding-left: 60px;\"><a href=\"mailto:simona.martinaviciute@lrkm.lt\"><strong>Simona Martinavi\u010di\u016bt\u0117<\/strong><\/a><br \/>\nAutori\u0173 teisi\u0173 skyriaus vyriausioji specialist\u0117<br \/>\nLietuvos Respublikos Kult\u016bros ministerija<\/p>\n<p><strong>13:20\u201313:40 Asociacijos LATGA atstovaujami autoriai. LATGA vaidmuo nustatant k\u016brini\u0173 autori\u0173 teisi\u0173 tur\u0117tojus ir galimyb\u0117 kolektyviai administruoti k\u016brinius na\u0161lai\u010dius<\/strong><\/p>\n<p style=\"padding-left: 60px;\"><a href=\"mailto:gabriele@latga.lt\"><strong>Gabriel\u0117 Naru\u0161ien\u0117<\/strong><\/a><br \/>\nVizualini\u0173 men\u0173 poskyrio vadov\u0117<br \/>\nAsociacija LATGA<\/p>\n<p><strong>13:40\u201314:00 Nenustatyt\u0173 teisi\u0173 tur\u0117toj\u0173 k\u016briniai: teisinis ir praktinis po\u017ei\u016bris Estijoje<\/strong><\/p>\n<p style=\"padding-left: 60px;\"><a href=\"mailto:Karmen.Linask@nlib.ee\"><strong>Karmen Linask<\/strong><\/a><br \/>\nParlamento informacijos centro ved\u0117ja<br \/>\nEstijos nacionalin\u0117 biblioteka<\/p>\n<p style=\"padding-left: 60px;\"><a href=\"mailto:Ivi.Smitt@nlib.ee\"><strong>Ivi Smitt<\/strong><\/a><br \/>\nAutori\u0173 teisi\u0173 specialist\u0117<br \/>\nParlamento informacijos centras<br \/>\nEstijos nacionalin\u0117 biblioteka<\/p>\n<hr \/>\n<p><strong>14:00\u201315:00 Diskusija<\/strong><\/p>\n","protected":false},"excerpt":{"rendered":"<p>9:00\u20139:30 Pasisveikinimo kava ir registracija 9:30\u201310:00 \u012e\u017eanginis \u017eodis \u0160ar\u016bnas Birutis Lietuvos Respublikos kult\u016bros ministras Prof. dr. Renaldas Gudauskas Lietuvos Nacionalin\u0117s Martyno Ma\u017evydo bibliotekos generalinis direktorius 1 sesija moderator\u0117 Janina Marcinkevi\u010dien\u0117 10:00\u201310:20 Nenustatyt\u0173 teisi\u0173 tur\u0117toj\u0173 k\u016briniai Lietuvos skaitmeninto kult\u016bros paveldo kontekste &hellip; <a href=\"https:\/\/konferencijos.lnb.lt\/orphan-works\/pranesejai-ir-progama\/\">Skaityti toliau <span class=\"meta-nav\">&rarr;<\/span><\/a><\/p>\n","protected":false},"author":1,"featured_media":0,"parent":0,"menu_order":0,"comment_status":"closed","ping_status":"closed","template":"","meta":{"inline_featured_image":false,"footnotes":""},"class_list":["post-13","page","type-page","status-publish","hentry"],"_links":{"self":[{"href":"https:\/\/konferencijos.lnb.lt\/orphan-works\/wp-json\/wp\/v2\/pages\/13","targetHints":{"allow":["GET"]}}],"collection":[{"href":"https:\/\/konferencijos.lnb.lt\/orphan-works\/wp-json\/wp\/v2\/pages"}],"about":[{"href":"https:\/\/konferencijos.lnb.lt\/orphan-works\/wp-json\/wp\/v2\/types\/page"}],"author":[{"embeddable":true,"href":"https:\/\/konferencijos.lnb.lt\/orphan-works\/wp-json\/wp\/v2\/users\/1"}],"replies":[{"embeddable":true,"href":"https:\/\/konferencijos.lnb.lt\/orphan-works\/wp-json\/wp\/v2\/comments?post=13"}],"version-history":[{"count":1,"href":"https:\/\/konferencijos.lnb.lt\/orphan-works\/wp-json\/wp\/v2\/pages\/13\/revisions"}],"predecessor-version":[{"id":14,"href":"https:\/\/konferencijos.lnb.lt\/orphan-works\/wp-json\/wp\/v2\/pages\/13\/revisions\/14"}],"wp:attachment":[{"href":"https:\/\/konferencijos.lnb.lt\/orphan-works\/wp-json\/wp\/v2\/media?parent=13"}],"curies":[{"name":"wp","href":"https:\/\/api.w.org\/{rel}","templated":true}]}}