{"id":16,"date":"2014-10-08T11:30:31","date_gmt":"2014-10-08T08:30:31","guid":{"rendered":"http:\/\/www.lnb.lt\/conference\/orphan-work\/?page_id=16"},"modified":"2020-08-13T08:30:31","modified_gmt":"2020-08-13T05:30:31","slug":"vieta","status":"publish","type":"page","link":"https:\/\/konferencijos.lnb.lt\/orphan-works\/vieta\/","title":{"rendered":"Vieta"},"content":{"rendered":"<p><strong>Vie\u0161butis \u201eCrowne Plaza\u201c<\/strong><br \/>\nK. \u010ciurlionio g. 84, 03100 Vilnius<br \/>\n<a href=\"http:\/\/www.cpvilnius.com\/\">http:\/\/www.cpvilnius.com<\/a><\/p>\n<p><iframe loading=\"lazy\" src=\"https:\/\/maps.google.lt\/maps?f=q&amp;source=s_q&amp;hl=lt&amp;geocode=&amp;q=84+M.+K.+%C4%8Ciurlionio+g.,+Vilnius&amp;aq=0&amp;oq=K.+%C4%8Ciurlionio+g.+84&amp;sll=54.011706,23.990342&amp;sspn=0.00459,0.013078&amp;ie=UTF8&amp;hq=&amp;hnear=M.+K.+%C4%8Ciurlionio+gatv%C4%97+84,+Vilnius,+Vilniaus+miesto+savivaldyb%C4%97+03100&amp;ll=54.682366,25.252606&amp;spn=0.009031,0.026157&amp;t=m&amp;z=14&amp;output=embed\" width=\"425\" height=\"350\" frameborder=\"0\" marginwidth=\"0\" marginheight=\"0\" scrolling=\"no\"><\/iframe><br \/>\n<small>\u017di\u016br\u0117ti <a style=\"color: #0000ff; text-align: left;\" href=\"https:\/\/maps.google.lt\/maps?f=q&amp;source=embed&amp;hl=lt&amp;geocode=&amp;q=84+M.+K.+%C4%8Ciurlionio+g.,+Vilnius&amp;aq=0&amp;oq=K.+%C4%8Ciurlionio+g.+84&amp;sll=54.011706,23.990342&amp;sspn=0.00459,0.013078&amp;ie=UTF8&amp;hq=&amp;hnear=M.+K.+%C4%8Ciurlionio+gatv%C4%97+84,+Vilnius,+Vilniaus+miesto+savivaldyb%C4%97+03100&amp;ll=54.682366,25.252606&amp;spn=0.009031,0.026157&amp;t=m&amp;z=14\">84 M. K. \u010ciurlionio gatv\u0117<\/a> didesniame \u017eem\u0117lapyje<\/small><\/p>\n","protected":false},"excerpt":{"rendered":"<p>Vie\u0161butis \u201eCrowne Plaza\u201c K. \u010ciurlionio g. 84, 03100 Vilnius http:\/\/www.cpvilnius.com \u017di\u016br\u0117ti 84 M. K. \u010ciurlionio gatv\u0117 didesniame \u017eem\u0117lapyje<\/p>\n","protected":false},"author":1,"featured_media":0,"parent":0,"menu_order":0,"comment_status":"closed","ping_status":"closed","template":"","meta":{"inline_featured_image":false,"footnotes":""},"class_list":["post-16","page","type-page","status-publish","hentry"],"_links":{"self":[{"href":"https:\/\/konferencijos.lnb.lt\/orphan-works\/wp-json\/wp\/v2\/pages\/16","targetHints":{"allow":["GET"]}}],"collection":[{"href":"https:\/\/konferencijos.lnb.lt\/orphan-works\/wp-json\/wp\/v2\/pages"}],"about":[{"href":"https:\/\/konferencijos.lnb.lt\/orphan-works\/wp-json\/wp\/v2\/types\/page"}],"author":[{"embeddable":true,"href":"https:\/\/konferencijos.lnb.lt\/orphan-works\/wp-json\/wp\/v2\/users\/1"}],"replies":[{"embeddable":true,"href":"https:\/\/konferencijos.lnb.lt\/orphan-works\/wp-json\/wp\/v2\/comments?post=16"}],"version-history":[{"count":2,"href":"https:\/\/konferencijos.lnb.lt\/orphan-works\/wp-json\/wp\/v2\/pages\/16\/revisions"}],"predecessor-version":[{"id":57,"href":"https:\/\/konferencijos.lnb.lt\/orphan-works\/wp-json\/wp\/v2\/pages\/16\/revisions\/57"}],"wp:attachment":[{"href":"https:\/\/konferencijos.lnb.lt\/orphan-works\/wp-json\/wp\/v2\/media?parent=16"}],"curies":[{"name":"wp","href":"https:\/\/api.w.org\/{rel}","templated":true}]}}