{"id":2,"date":"2014-10-08T08:14:23","date_gmt":"2014-10-08T08:14:23","guid":{"rendered":"http:\/\/www.lnb.lt\/conference\/orphan-work\/?page_id=2"},"modified":"2014-10-08T11:35:12","modified_gmt":"2014-10-08T08:35:12","slug":"apie","status":"publish","type":"page","link":"https:\/\/konferencijos.lnb.lt\/orphan-works\/apie\/","title":{"rendered":"Apie"},"content":{"rendered":"<p>Seminaras skirtas ES direktyvos d\u0117l tam tikro leistino nenustatyt\u0173 teisi\u0173 tur\u0117toj\u0173 k\u016brini\u0173 naudojimo situacijai Lietuvoje aptarti bei pristatyti kit\u0173 \u0161ali\u0173 praktin\u0119 \u012fgyvendinimo patirt\u012f.<\/p>\n<p><strong>Rengin\u012f organizuoja:<\/strong> Lietuvos nacionalin\u0117 Martyno Ma\u017evydo biblioteka.<br \/>\n<strong>Renginio rem\u0117jas:<\/strong> Lietuvos Respublikos kult\u016bros ministerija.<\/p>\n<p><strong>Seminaro data ir laikas:<\/strong> 2014 m. spalio 7 d.; nuo 9 val. iki 15.00 val.<br \/>\n<strong>Seminaro vieta:<\/strong> <a href=\"http:\/\/www.cpvilnius.com\/\">Vie\u0161butis \u201eCrowne Plaza\u201c<\/a>, M. K. \u010ciurlionio g. 84, 03100 Vilnius<\/p>\n","protected":false},"excerpt":{"rendered":"<p>Seminaras skirtas ES direktyvos d\u0117l tam tikro leistino nenustatyt\u0173 teisi\u0173 tur\u0117toj\u0173 k\u016brini\u0173 naudojimo situacijai Lietuvoje aptarti bei pristatyti kit\u0173 \u0161ali\u0173 praktin\u0119 \u012fgyvendinimo patirt\u012f. Rengin\u012f organizuoja: Lietuvos nacionalin\u0117 Martyno Ma\u017evydo biblioteka. Renginio rem\u0117jas: Lietuvos Respublikos kult\u016bros ministerija. Seminaro data ir laikas: &hellip; <a href=\"https:\/\/konferencijos.lnb.lt\/orphan-works\/apie\/\">Skaityti toliau <span class=\"meta-nav\">&rarr;<\/span><\/a><\/p>\n","protected":false},"author":1,"featured_media":0,"parent":0,"menu_order":0,"comment_status":"closed","ping_status":"closed","template":"","meta":{"inline_featured_image":false,"footnotes":""},"class_list":["post-2","page","type-page","status-publish","hentry"],"_links":{"self":[{"href":"https:\/\/konferencijos.lnb.lt\/orphan-works\/wp-json\/wp\/v2\/pages\/2","targetHints":{"allow":["GET"]}}],"collection":[{"href":"https:\/\/konferencijos.lnb.lt\/orphan-works\/wp-json\/wp\/v2\/pages"}],"about":[{"href":"https:\/\/konferencijos.lnb.lt\/orphan-works\/wp-json\/wp\/v2\/types\/page"}],"author":[{"embeddable":true,"href":"https:\/\/konferencijos.lnb.lt\/orphan-works\/wp-json\/wp\/v2\/users\/1"}],"replies":[{"embeddable":true,"href":"https:\/\/konferencijos.lnb.lt\/orphan-works\/wp-json\/wp\/v2\/comments?post=2"}],"version-history":[{"count":1,"href":"https:\/\/konferencijos.lnb.lt\/orphan-works\/wp-json\/wp\/v2\/pages\/2\/revisions"}],"predecessor-version":[{"id":6,"href":"https:\/\/konferencijos.lnb.lt\/orphan-works\/wp-json\/wp\/v2\/pages\/2\/revisions\/6"}],"wp:attachment":[{"href":"https:\/\/konferencijos.lnb.lt\/orphan-works\/wp-json\/wp\/v2\/media?parent=2"}],"curies":[{"name":"wp","href":"https:\/\/api.w.org\/{rel}","templated":true}]}}