{"id":34,"date":"2014-10-09T10:14:32","date_gmt":"2014-10-09T07:14:32","guid":{"rendered":"http:\/\/www.lnb.lt\/conference\/orphan-works\/?page_id=34"},"modified":"2014-10-13T11:31:15","modified_gmt":"2014-10-13T08:31:15","slug":"pranesimai","status":"publish","type":"page","link":"https:\/\/konferencijos.lnb.lt\/orphan-works\/","title":{"rendered":"Prane\u0161imai ir galerija"},"content":{"rendered":"<p>Prane\u0161imai<\/p>\n<ul>\n<li><a href=\"https:\/\/drive.google.com\/open?id=0B_-73IZKEJy5a05NYy16Q250N1E&amp;authuser=0\" target=\"_blank\">Nenustatyt\u0173 teisi\u0173 tur\u0117toj\u0173 k\u016briniai Lietuvos skaitmeninto kult\u016bros paveldo kontekste (Doc. dr. Regina Varnien\u0117-Janssen ir\u00a0Doc. dr. Rimvydas Lau\u017eikas)<\/a><\/li>\n<li><a href=\"https:\/\/drive.google.com\/open?id=0B_-73IZKEJy5SERyZFB4TDBwR2M&amp;authuser=0\" target=\"_blank\">Nenustatyt\u0173 teisi\u0173 tur\u0117toj\u0173 k\u016brini\u0173 direktyvos \u012fgyvendinimas Lietuvoje (\u012fstatymo projekto pristatymas) (Nijol\u0117 Janina Matulevi\u010dien\u0117)<\/a><\/li>\n<li><a href=\"https:\/\/drive.google.com\/open?id=0B_-73IZKEJy5dW5uZ2YySFlUQVU&amp;authuser=0\" target=\"_blank\">Susij\u0119 ar priskiriami? Nenustatyt\u0173 teisi\u0173 tur\u0117toj\u0173 k\u016briniai ir bibliotek\u0173 susij\u0119 duomenys (Gordon Dunsire)<\/a><\/li>\n<li><a href=\"https:\/\/drive.google.com\/open?id=0B_-73IZKEJy5WmdEUmc3UUI4QkU&amp;authuser=0\" target=\"_blank\">Nenustatyt\u0173 teisi\u0173 tur\u0117toj\u0173 k\u016brini\u0173 traktavimas Visuotin\u0117je bibliografin\u0117je apskaitoje (UBC) (Prof. dr. Mirna Willer)<\/a><\/li>\n<li><a href=\"https:\/\/drive.google.com\/open?id=0B_-73IZKEJy5WGlrUnYzYzVzTHM&amp;authuser=0\" target=\"_blank\">Nenustatyt\u0173 teisi\u0173 tur\u0117toj\u0173 k\u016brini\u0173 direktyvos \u012fgyvendinimas Latvijoje (Uldis Zari\u0146\u0161)<\/a><\/li>\n<li><a href=\"https:\/\/drive.google.com\/open?id=0B_-73IZKEJy5YXphNW9tc2pLQlU&amp;authuser=0\" target=\"_blank\">Kruop\u0161\u010dios paie\u0161kos finansavimo galimyb\u0117s (Simona Martinavi\u010di\u016bt\u0117)<\/a><\/li>\n<li><a href=\"https:\/\/drive.google.com\/open?id=0B_-73IZKEJy5VDYydWx3eDhqb0E&amp;authuser=0\" target=\"_blank\">Asociacijos LATGA atstovaujami autoriai. LATGA vaidmuo nustatant k\u016brini\u0173 autori\u0173 teisi\u0173 tur\u0117tojus ir galimyb\u0117 kolektyviai administruoti k\u016brinius na\u0161lai\u010dius (Gabriel\u0117 Naru\u0161ien\u0117)<\/a><\/li>\n<li><a href=\"https:\/\/drive.google.com\/open?id=0B_-73IZKEJy5QzB5WG9jeWcxQTQ&amp;authuser=0\" target=\"_blank\">Nenustatyt\u0173 teisi\u0173 tur\u0117toj\u0173 k\u016briniai: teisinis ir praktinis po\u017ei\u016bris Estijoje (Karmen Linask ir Ivi Smitt)<\/a><\/li>\n<\/ul>\n<p><a href=\"https:\/\/plus.google.com\/photos\/116042469929270646369\/albums\/6068110931543920673\" target=\"_blank\">Nuotraukos<\/a><\/p>\n","protected":false},"excerpt":{"rendered":"<p>Prane\u0161imai Nenustatyt\u0173 teisi\u0173 tur\u0117toj\u0173 k\u016briniai Lietuvos skaitmeninto kult\u016bros paveldo kontekste (Doc. dr. Regina Varnien\u0117-Janssen ir\u00a0Doc. dr. Rimvydas Lau\u017eikas) Nenustatyt\u0173 teisi\u0173 tur\u0117toj\u0173 k\u016brini\u0173 direktyvos \u012fgyvendinimas Lietuvoje (\u012fstatymo projekto pristatymas) (Nijol\u0117 Janina Matulevi\u010dien\u0117) Susij\u0119 ar priskiriami? Nenustatyt\u0173 teisi\u0173 tur\u0117toj\u0173 k\u016briniai ir bibliotek\u0173 &hellip; <a href=\"https:\/\/konferencijos.lnb.lt\/orphan-works\/\">Skaityti toliau <span class=\"meta-nav\">&rarr;<\/span><\/a><\/p>\n","protected":false},"author":1,"featured_media":0,"parent":0,"menu_order":0,"comment_status":"closed","ping_status":"closed","template":"","meta":{"inline_featured_image":false,"footnotes":""},"class_list":["post-34","page","type-page","status-publish","hentry"],"_links":{"self":[{"href":"https:\/\/konferencijos.lnb.lt\/orphan-works\/wp-json\/wp\/v2\/pages\/34","targetHints":{"allow":["GET"]}}],"collection":[{"href":"https:\/\/konferencijos.lnb.lt\/orphan-works\/wp-json\/wp\/v2\/pages"}],"about":[{"href":"https:\/\/konferencijos.lnb.lt\/orphan-works\/wp-json\/wp\/v2\/types\/page"}],"author":[{"embeddable":true,"href":"https:\/\/konferencijos.lnb.lt\/orphan-works\/wp-json\/wp\/v2\/users\/1"}],"replies":[{"embeddable":true,"href":"https:\/\/konferencijos.lnb.lt\/orphan-works\/wp-json\/wp\/v2\/comments?post=34"}],"version-history":[{"count":6,"href":"https:\/\/konferencijos.lnb.lt\/orphan-works\/wp-json\/wp\/v2\/pages\/34\/revisions"}],"predecessor-version":[{"id":51,"href":"https:\/\/konferencijos.lnb.lt\/orphan-works\/wp-json\/wp\/v2\/pages\/34\/revisions\/51"}],"wp:attachment":[{"href":"https:\/\/konferencijos.lnb.lt\/orphan-works\/wp-json\/wp\/v2\/media?parent=34"}],"curies":[{"name":"wp","href":"https:\/\/api.w.org\/{rel}","templated":true}]}}