{"id":39,"date":"2014-10-09T10:19:23","date_gmt":"2014-10-09T07:19:23","guid":{"rendered":"http:\/\/www.lnb.lt\/conference\/orphan-works\/?page_id=39"},"modified":"2014-10-13T11:30:38","modified_gmt":"2014-10-13T08:30:38","slug":"presentations","status":"publish","type":"page","link":"https:\/\/konferencijos.lnb.lt\/orphan-works\/en\/","title":{"rendered":"Presentations &#038; Gallery"},"content":{"rendered":"<p>Presentations<\/p>\n<ul>\n<li><a href=\"https:\/\/drive.google.com\/open?id=0B_-73IZKEJy5a05NYy16Q250N1E&amp;authuser=0\" target=\"_blank\">Orphan Works Within the Lithuanian Digital Cultural Heritage (Assoc. Prof. Dr. Regina Varnien\u0117-Janssen, Assoc. Prof. Dr. Rimvydas Lau\u017eikas)<\/a><\/li>\n<li><a href=\"https:\/\/drive.google.com\/open?id=0B_-73IZKEJy5SERyZFB4TDBwR2M&amp;authuser=0\" target=\"_blank\">Lithuanian Approach Towards the Implementation of the EU Orphan Works Directive (Nijol\u0117 Janina Matulevi\u010dien\u0117)<\/a><\/li>\n<li><a href=\"https:\/\/drive.google.com\/open?id=0B_-73IZKEJy5dW5uZ2YySFlUQVU&amp;authuser=0\" target=\"_blank\">Related or Attributed? Orphan Works and Library Linked Data (Gordon Dunsire)<\/a><\/li>\n<li><a href=\"https:\/\/drive.google.com\/open?id=0B_-73IZKEJy5WmdEUmc3UUI4QkU&amp;authuser=0\" target=\"_blank\">How to Position Orphan Works to the UBC: Universal Bibliographic Control (Professor PhD Mirna Willer)<\/a><\/li>\n<li><a href=\"https:\/\/drive.google.com\/open?id=0B_-73IZKEJy5WGlrUnYzYzVzTHM&amp;authuser=0\" target=\"_blank\">Implementation of the Orphan Works Directive in Latvia (Uldis Zari\u0146\u0161)<\/a><\/li>\n<li><a href=\"https:\/\/drive.google.com\/open?id=0B_-73IZKEJy5YXphNW9tc2pLQlU&amp;authuser=0\" target=\"_blank\">Opportunities for Financing Diligent Search (Simona Martinavi\u010di\u016bt\u0117)<\/a><\/li>\n<li><a href=\"https:\/\/drive.google.com\/open?id=0B_-73IZKEJy5VDYydWx3eDhqb0E&amp;authuser=0\" target=\"_blank\">Works Represented by the LATGA Association. The Role of LATGA in Identifying Copyright Owners and the Possibility to Collectively Administrate Orphan Works (Gabriel\u0117 Napru\u0161ien\u0117)<\/a><\/li>\n<li><a href=\"https:\/\/drive.google.com\/open?id=0B_-73IZKEJy5QzB5WG9jeWcxQTQ&amp;authuser=0\" target=\"_blank\">Orphan Works \u2013 Legal and Practical View in Estonia (Karmen Linask, Ivi Smitt)<\/a><\/li>\n<\/ul>\n<p><a href=\"https:\/\/plus.google.com\/photos\/116042469929270646369\/albums\/6068110931543920673\" target=\"_blank\">Gallery<\/a><\/p>\n","protected":false},"excerpt":{"rendered":"<p>Presentations Orphan Works Within the Lithuanian Digital Cultural Heritage (Assoc. Prof. Dr. Regina Varnien\u0117-Janssen, Assoc. Prof. Dr. Rimvydas Lau\u017eikas) Lithuanian Approach Towards the Implementation of the EU Orphan Works Directive (Nijol\u0117 Janina Matulevi\u010dien\u0117) Related or Attributed? Orphan Works and Library &hellip; <a href=\"https:\/\/konferencijos.lnb.lt\/orphan-works\/en\/\">Skaityti toliau <span class=\"meta-nav\">&rarr;<\/span><\/a><\/p>\n","protected":false},"author":1,"featured_media":0,"parent":0,"menu_order":0,"comment_status":"closed","ping_status":"closed","template":"","meta":{"inline_featured_image":false,"footnotes":""},"class_list":["post-39","page","type-page","status-publish","hentry"],"_links":{"self":[{"href":"https:\/\/konferencijos.lnb.lt\/orphan-works\/wp-json\/wp\/v2\/pages\/39","targetHints":{"allow":["GET"]}}],"collection":[{"href":"https:\/\/konferencijos.lnb.lt\/orphan-works\/wp-json\/wp\/v2\/pages"}],"about":[{"href":"https:\/\/konferencijos.lnb.lt\/orphan-works\/wp-json\/wp\/v2\/types\/page"}],"author":[{"embeddable":true,"href":"https:\/\/konferencijos.lnb.lt\/orphan-works\/wp-json\/wp\/v2\/users\/1"}],"replies":[{"embeddable":true,"href":"https:\/\/konferencijos.lnb.lt\/orphan-works\/wp-json\/wp\/v2\/comments?post=39"}],"version-history":[{"count":6,"href":"https:\/\/konferencijos.lnb.lt\/orphan-works\/wp-json\/wp\/v2\/pages\/39\/revisions"}],"predecessor-version":[{"id":50,"href":"https:\/\/konferencijos.lnb.lt\/orphan-works\/wp-json\/wp\/v2\/pages\/39\/revisions\/50"}],"wp:attachment":[{"href":"https:\/\/konferencijos.lnb.lt\/orphan-works\/wp-json\/wp\/v2\/media?parent=39"}],"curies":[{"name":"wp","href":"https:\/\/api.w.org\/{rel}","templated":true}]}}