{"id":9,"date":"2014-10-08T11:27:53","date_gmt":"2014-10-08T08:27:53","guid":{"rendered":"http:\/\/www.lnb.lt\/conference\/orphan-work\/?page_id=9"},"modified":"2014-10-08T11:41:45","modified_gmt":"2014-10-08T08:41:45","slug":"speakers-programme","status":"publish","type":"page","link":"https:\/\/konferencijos.lnb.lt\/orphan-works\/speakers-programme\/","title":{"rendered":"Speakers and Programme"},"content":{"rendered":"<p><strong>9:00\u20139:30 Registration with coffee<\/strong><\/p>\n<hr \/>\n<p><strong>9:30\u201310:00 Welcome and Opening<\/strong><\/p>\n<p style=\"padding-left: 60px;\"><strong>\u0160ar\u016bnas Birutis<\/strong><br \/>\nMinister of Culture of the Republic of Lithuania<\/p>\n<p style=\"padding-left: 60px;\"><strong>Prof. Dr. Renaldas Gudauskas<br \/>\n<\/strong>Director General of the Martynas Ma\u017evydas National Library of Lithuania<\/p>\n<hr \/>\n<h2>Session 1<\/h2>\n<p>moderator Janina Marcinkevi\u010dien\u0117<\/p>\n<p><strong>10:00\u201310:20 Orphan Works Within the Lithuanian Digital Cultural Heritage<\/strong><\/p>\n<p style=\"padding-left: 60px;\"><a href=\"mailto:r.varniene@lnb.lt\"><strong>Assoc. Prof. Dr. Regina Varnien\u0117-Janssen<\/strong><\/a><br \/>\nMartynas Ma\u017evydas National Library of Lithuania<br \/>\nDirector of the National Centre for Digitization and the Virtual Electronic Heritage System<\/p>\n<p style=\"padding-left: 60px;\"><a href=\"mailto:rimvydas.lauzikas@kf.vu.lt\"><strong>Assoc. Prof. Dr. Rimvydas Lau\u017eikas<\/strong><\/a><br \/>\nVilnius University<br \/>\nDirector of the Department of Museology<\/p>\n<p><strong>10:20\u201310:40 Lithuanian Approach Towards the Implementation of the EU Orphan Works Directive<\/strong><\/p>\n<p style=\"padding-left: 60px;\"><a href=\"mailto:nijole.matuleviciene@lrkm.lt\"><strong>Nijol\u0117 Janina Matulevi\u010dien\u0117<\/strong><\/a><br \/>\nMinistry of Culture of the Republic of Lithuania<br \/>\nHead of the Copyright Division<\/p>\n<p><strong>10:40\u201311:00 Related or Attributed? Orphan Works and Library Linked Data<\/strong><\/p>\n<p style=\"padding-left: 60px;\"><a href=\"mailto:gordon@gordondunsire.com\"><strong>Gordon Dunsire<\/strong><\/a><br \/>\nIndependent consultant<br \/>\nEdinburgh, Scotland, United Kingdom<\/p>\n<p><strong>11:00\u201311:20 How to Position Orphan Works to the UBC: Universal Bibliographic Control<\/strong><\/p>\n<p style=\"padding-left: 60px;\"><a href=\"mailto:mwiller@unizd.hr\"><strong>Professor PhD Mirna Willer<\/strong><\/a><br \/>\nDepartment of Information Sciences<br \/>\nUniversity of Zadar, Croatia<\/p>\n<p><strong>11:20\u201311:40 Implementation of the Orphan Works Directive in Latvia<\/strong><\/p>\n<p style=\"padding-left: 60px;\"><a href=\"%20mailto:uldis.zarins@lnb.lv\"><strong>Uldis Zari\u0146\u0161<\/strong><\/a><br \/>\nNational Library of Latvia<br \/>\nStrategic Development Department<\/p>\n<hr \/>\n<p><strong>11:40\u201313:00 Lunch break<\/strong><\/p>\n<hr \/>\n<h1>Session 2<\/h1>\n<p>moderator Uldis Zari\u0146\u0161<\/p>\n<p><strong>13:00\u201313:20 Opportunities for Financing Diligent Search<\/strong><\/p>\n<p style=\"padding-left: 60px;\"><a href=\"mailto:simona.martinaviciute@lrkm.lt\"><strong>Simona Martinavi\u010di\u016bt\u0117<\/strong><\/a><br \/>\nSenior specialist<br \/>\nMinistry of Culture of the Republic of Lithuania<br \/>\nCopyright Division<\/p>\n<p><strong>13:20\u201313:40 Works Represented by the LATGA Association. The Role of LATGA in Identifying Copyright Owners and the Possibility to Collectively Administrate Orphan Works<\/strong><\/p>\n<p style=\"padding-left: 60px;\"><a href=\"mailto:gabriele@latga.lt\"><strong>Gabriel\u0117 Napru\u0161ien\u0117<\/strong><\/a><br \/>\nLATGA<br \/>\nManager of the Subdivision for Visual Arts<\/p>\n<p><strong>13:40\u201314:00 Orphan Works &#8211; Legal and Practical View in Estonia<\/strong><\/p>\n<p style=\"padding-left: 60px;\"><a href=\"mailto:Karmen.Linask@nlib.ee\"><strong>Karmen Linask<\/strong><\/a><br \/>\nNational Library of Estonia<br \/>\nHead of Parliamentary Information Centre<\/p>\n<p style=\"padding-left: 60px;\"><a href=\"mailto:Ivi.Smitt@nlib.ee\"><strong>Ivi Smitt<\/strong><\/a><br \/>\nNational Library of Estonia<br \/>\nParliamentary Information Centre<br \/>\nInformation specialist for copyright<\/p>\n<hr \/>\n<p><strong>14:00\u201315:00 Discussion<\/strong><\/p>\n","protected":false},"excerpt":{"rendered":"<p>9:00\u20139:30 Registration with coffee 9:30\u201310:00 Welcome and Opening \u0160ar\u016bnas Birutis Minister of Culture of the Republic of Lithuania Prof. Dr. Renaldas Gudauskas Director General of the Martynas Ma\u017evydas National Library of Lithuania Session 1 moderator Janina Marcinkevi\u010dien\u0117 10:00\u201310:20 Orphan Works &hellip; <a href=\"https:\/\/konferencijos.lnb.lt\/orphan-works\/speakers-programme\/\">Skaityti toliau <span class=\"meta-nav\">&rarr;<\/span><\/a><\/p>\n","protected":false},"author":1,"featured_media":0,"parent":0,"menu_order":0,"comment_status":"closed","ping_status":"closed","template":"","meta":{"inline_featured_image":false,"footnotes":""},"class_list":["post-9","page","type-page","status-publish","hentry"],"_links":{"self":[{"href":"https:\/\/konferencijos.lnb.lt\/orphan-works\/wp-json\/wp\/v2\/pages\/9","targetHints":{"allow":["GET"]}}],"collection":[{"href":"https:\/\/konferencijos.lnb.lt\/orphan-works\/wp-json\/wp\/v2\/pages"}],"about":[{"href":"https:\/\/konferencijos.lnb.lt\/orphan-works\/wp-json\/wp\/v2\/types\/page"}],"author":[{"embeddable":true,"href":"https:\/\/konferencijos.lnb.lt\/orphan-works\/wp-json\/wp\/v2\/users\/1"}],"replies":[{"embeddable":true,"href":"https:\/\/konferencijos.lnb.lt\/orphan-works\/wp-json\/wp\/v2\/comments?post=9"}],"version-history":[{"count":2,"href":"https:\/\/konferencijos.lnb.lt\/orphan-works\/wp-json\/wp\/v2\/pages\/9\/revisions"}],"predecessor-version":[{"id":12,"href":"https:\/\/konferencijos.lnb.lt\/orphan-works\/wp-json\/wp\/v2\/pages\/9\/revisions\/12"}],"wp:attachment":[{"href":"https:\/\/konferencijos.lnb.lt\/orphan-works\/wp-json\/wp\/v2\/media?parent=9"}],"curies":[{"name":"wp","href":"https:\/\/api.w.org\/{rel}","templated":true}]}}