{"id":306,"date":"2024-11-14T06:05:18","date_gmt":"2024-11-14T06:05:18","guid":{"rendered":"https:\/\/konferencijos.lnb.lt\/vaiku-literatura-kaip-pazinimas\/?page_id=306"},"modified":"2024-11-15T15:12:25","modified_gmt":"2024-11-15T15:12:25","slug":"about","status":"publish","type":"page","link":"https:\/\/konferencijos.lnb.lt\/vaiku-literatura-kaip-pazinimas\/en\/about\/","title":{"rendered":"About"},"content":{"rendered":"<p>The children&#8217;s literature specialists of Martynas Ma\u017evydas National Library of Lithuania invite you to a conference where they offer to ponder on children&#8217;s literature as a way of learning. The conference is intended for professionals working with children and books: librarians, pedagogues, educators, etc.<\/p>\n<p>The word \u2018knowledge\u2019 when talking about children&#8217;s books contains countless forms and contents, therefore it is suggested to look at it from very different perspectives. We will discuss at the conference how children\u2019s books and their guaranteed availability develop children\u2019s familiarity with the environment and themselves from birth and later in other phases of life. We will consider the ways in which books can be used and creatively implemented in educational processes for children at each different phase of development &#8211; from home, kindergarten, and up to school. How and in what way can books be useful in the educational process when a family faces certain developmental challenges? How can books help a child to know and express their emotions, expectations, wishes, and to talk to adults? Lastly, how can children\u2019s literature become a starting point for getting to know other people, the world of the past, present, and future, and tell about your own world not only to children, but also to adults?<\/p>\n<p>As many as ten speakers from Lithuania and abroad will speak and share their insights in all these aspects at the conference. The program includes two discussions aimed at discussing the experience of children\u2019s literature festivals in Lithuania and abroad, and the importance of educational books, as well as five practical educational activities for adults, where professional Lithuanian and foreign authors and educators will offer creative ways of accessing books for children, which conference participants will be able to use in practical tasks with children in their daily activities.<\/p>\n<p style=\"text-align: left\"><a href=\"https:\/\/www.youtube.com\/live\/MkK5wiJo6Yo\">LIVE STREAMING<\/a><\/p>\n<p>The conference is organized by the Martynas Ma\u017evydas National Library of Lithuania<\/p>\n<p>The conference is financed by the Ministry of Culture of the Republic of Lithuania<\/p>\n<p>Main partner of the conference: Ministry of Education, Science, and Sports of the Republic of Lithuania<\/p>\n<p>Conference partners: EDU Vilnius, Vaik\u0173 \u017eem\u0117 PI, Lithuanian branch of IBBY<\/p>\n<p>Visual and broadcast solutions: K\u016brybini\u0173 industrij\u0173 dokas PI<\/p>\n","protected":false},"excerpt":{"rendered":"<p>The children&#8217;s literature specialists of Martynas Ma\u017evydas National Library of Lithuania invite you to a conference where they offer to ponder on children&#8217;s literature as a way of learning. The conference is intended for professionals working with children and books: librarians, pedagogues, educators, etc. The word \u2018knowledge\u2019 when talking about children&#8217;s books contains countless forms&#8230;<\/p>\n","protected":false},"author":1,"featured_media":0,"parent":0,"menu_order":0,"comment_status":"closed","ping_status":"closed","template":"","meta":{"inline_featured_image":false,"footnotes":""},"class_list":["post-306","page","type-page","status-publish","hentry"],"_links":{"self":[{"href":"https:\/\/konferencijos.lnb.lt\/vaiku-literatura-kaip-pazinimas\/wp-json\/wp\/v2\/pages\/306","targetHints":{"allow":["GET"]}}],"collection":[{"href":"https:\/\/konferencijos.lnb.lt\/vaiku-literatura-kaip-pazinimas\/wp-json\/wp\/v2\/pages"}],"about":[{"href":"https:\/\/konferencijos.lnb.lt\/vaiku-literatura-kaip-pazinimas\/wp-json\/wp\/v2\/types\/page"}],"author":[{"embeddable":true,"href":"https:\/\/konferencijos.lnb.lt\/vaiku-literatura-kaip-pazinimas\/wp-json\/wp\/v2\/users\/1"}],"replies":[{"embeddable":true,"href":"https:\/\/konferencijos.lnb.lt\/vaiku-literatura-kaip-pazinimas\/wp-json\/wp\/v2\/comments?post=306"}],"version-history":[{"count":6,"href":"https:\/\/konferencijos.lnb.lt\/vaiku-literatura-kaip-pazinimas\/wp-json\/wp\/v2\/pages\/306\/revisions"}],"predecessor-version":[{"id":496,"href":"https:\/\/konferencijos.lnb.lt\/vaiku-literatura-kaip-pazinimas\/wp-json\/wp\/v2\/pages\/306\/revisions\/496"}],"wp:attachment":[{"href":"https:\/\/konferencijos.lnb.lt\/vaiku-literatura-kaip-pazinimas\/wp-json\/wp\/v2\/media?parent=306"}],"curies":[{"name":"wp","href":"https:\/\/api.w.org\/{rel}","templated":true}]}}