{"id":6,"date":"2024-11-12T14:01:37","date_gmt":"2024-11-12T14:01:37","guid":{"rendered":"https:\/\/konferencijos.lnb.lt\/vaiku-literatura-kaip-pazinimas\/?page_id=6"},"modified":"2024-11-20T03:25:49","modified_gmt":"2024-11-20T03:25:49","slug":"apie","status":"publish","type":"page","link":"https:\/\/konferencijos.lnb.lt\/vaiku-literatura-kaip-pazinimas\/apie\/","title":{"rendered":"Apie"},"content":{"rendered":"\r\n<p>Lietuvos nacionalin\u0117s Martyno Ma\u017evydo bibliotekos vaik\u0173 literat\u016bros specialistai kvie\u010dia \u012f konferencij\u0105, kurioje si\u016blo svarstyti apie vaik\u0173 literat\u016br\u0105 kaip b\u016bd\u0105 pa\u017einti.\u00a0<\/p>\r\n\r\n\r\n\r\n<p>\u017dodyje \u201epa\u017einimas\u201c, kalbant apie knygas vaikams, telpa begal\u0117 form\u0173 ir turinio, tad ir si\u016bloma \u012f j\u012f pa\u017ei\u016br\u0117ti i\u0161 labai \u012fvairi\u0173 perspektyv\u0173. Konferencijoje kalb\u0117sime apie tai, kaip knygos vaikams ir u\u017etikrintas j\u0173 prieinamumas ugdo pa\u017eint\u012f su aplinka bei pa\u010diu savimi vaikus nuo pat gimimo ir v\u0117liau kituose gyvenimo etapuose. Svarstysime, kokiais b\u016bdais galima pasitelkti ir k\u016brybi\u0161kai \u012fveiklinti knygas vaikams ugdymo procesuose kiekviename skirtingame raidos etape \u2013 nuo nam\u0173, dar\u017eelio ir iki mokyklos. Kaip ir kuo knygos gali b\u016bti naudingos ugdymo procese, kai \u0161eima susiduria su tam tikrais raidos i\u0161\u0161\u016bkiais? Kaip knygos gali pad\u0117ti vaikui pa\u017einti ir \u012fvardyti savo emocijas, l\u016bkes\u010dius, norus bei susikalb\u0117ti su suaugusiaisiais? Gal\u0173 gale, kaip vaik\u0173 literat\u016bra gali tapti atspirtimi pa\u017einti kitus \u017emones, praeities, dabarties ir ateities pasaul\u012f ir papasakoti apie sav\u0105j\u012f ne tik vaikams, bet ir suaugusiesiems?<\/p>\r\n\r\n\r\n\r\n<p>Konferencijoje visais \u0161iais aspektais kalb\u0117s ir savo \u012f\u017evalgomis dalysis net de\u0161imt prane\u0161\u0117j\u0173 i\u0161 Lietuvos ir u\u017esienio. Programoje numatytos dvi diskusijos, skirtos vaik\u0173 literat\u016bros festivali\u0173 patir\u010diai Lietuvoje ir u\u017esienyje bei pa\u017eintini\u0173 knyg\u0173 svarbai aptarti, ir net penkios praktin\u0117s edukacin\u0117s veiklos suaugusiesiems, kuriose profesional\u016bs lietuvi\u0173 ir u\u017esienio autoriai bei edukatoriai pasi\u016blys k\u016brybin\u0117s prieigos b\u016bd\u0173 prie knygos vaikams, kuriuos konferencijos dalyviai gal\u0117s panaudoti praktin\u0117je veikloje su vaikais savo kasdien\u0117se veiklose.<\/p>\r\n<p>Konferencija skirta su vaikais ir knygomis dirbantiems profesionalams: bibliotekininkams, pedagogams, edukatoriams ir kt.<\/p>\r\n<p>Konferencija organizuojama \u012fgyvendinant Skaitymo skatinimo program\u0105.<\/p>\r\n\r\n\r\n\r\n<p>Konferencijos<a href=\"https:\/\/youtube.com\/live\/MkK5wiJo6Yo\"> tiesiogin\u0117 transliacija.<\/a><\/p>\r\n\r\n\r\n\r\n<p>Norin\u010diuosius dalyvauti konferencijoje Nacionalin\u0117je bibliotekoje (Gedimino pr. 51, Vilnius) kvie\u010diame registruotis iki lapkri\u010dio 24 d.<\/p>\r\n\r\n\r\n\r\n<p><a href=\"https:\/\/docs.google.com\/forms\/d\/1ahfW11_eAqJ3wfFsgs97d3ttPQt218n1kLksijFntOE\/edit?ts=672c886f\" target=\"_blank\" rel=\"noopener\">REGISTRACIJA \u00a0<\/a><strong>(U\u017edaryta susirinkus visam dalyvi\u0173 skai\u010diui)<\/strong><\/p>\r\n\r\n\r\n\r\n<p><strong>Registracijos nuorodos \u012f edukacijas \u2013 prie kiekvienos veiklos apra\u0161ymo.<\/strong><\/p>\r\n\r\n\r\n\r\n<p>Kilus klausimams, maloniai pra\u0161ome kreiptis el. p. vaikai@lnb.lt<\/p>\r\n<p>&nbsp;<\/p>\r\n<p>Konferencij\u0105 organizuoja Lietuvos Nacionalin\u0117 Martyno Ma\u017evydo biblioteka<\/p>\r\n\r\n\r\n\r\n<p>Konferencij\u0105 finansuoja Lietuvos Respublikos kult\u016bros ministerija<\/p>\r\n\r\n\r\n\r\n<p>Pagrindinis konferencijos partneris: Lietuvos respublikos \u0160vietimo, mokslo ir sporto ministerija<\/p>\r\n\r\n\r\n\r\n<p>Konferencijos partneriai: \u201eEDU Vilnius\u201c, V\u0161\u012e \u201eVaik\u0173 \u017eem\u0117\u201c, Tarptautin\u0117s vaik\u0173 ir jaunimo literat\u016bros asociacijos (IBBY) Lietuvos skyrius<\/p>\r\n\r\n\r\n\r\n<p>Vizualiniai ir transliacijos sprendimai: V\u0161\u012e \u201eK\u016brybini\u0173 industrij\u0173 dokas\u201c<\/p>\r\n\r\n\r\n<hr class=\"wp-block-separator has-alpha-channel-opacity\" \/>\r\n\r\n\r\n<p>&nbsp;<\/p>\r\n","protected":false},"excerpt":{"rendered":"<p>Lietuvos nacionalin\u0117s Martyno Ma\u017evydo bibliotekos vaik\u0173 literat\u016bros specialistai kvie\u010dia \u012f konferencij\u0105, kurioje si\u016blo svarstyti apie vaik\u0173 literat\u016br\u0105 kaip b\u016bd\u0105 pa\u017einti.\u00a0 \u017dodyje \u201epa\u017einimas\u201c, kalbant apie knygas vaikams, telpa begal\u0117 form\u0173 ir turinio, tad ir si\u016bloma \u012f j\u012f pa\u017ei\u016br\u0117ti i\u0161 labai \u012fvairi\u0173 perspektyv\u0173. Konferencijoje kalb\u0117sime apie tai, kaip knygos vaikams ir u\u017etikrintas j\u0173 prieinamumas ugdo pa\u017eint\u012f su&#8230;<\/p>\n","protected":false},"author":1,"featured_media":0,"parent":0,"menu_order":0,"comment_status":"closed","ping_status":"closed","template":"","meta":{"inline_featured_image":false,"footnotes":""},"class_list":["post-6","page","type-page","status-publish","hentry"],"_links":{"self":[{"href":"https:\/\/konferencijos.lnb.lt\/vaiku-literatura-kaip-pazinimas\/wp-json\/wp\/v2\/pages\/6","targetHints":{"allow":["GET"]}}],"collection":[{"href":"https:\/\/konferencijos.lnb.lt\/vaiku-literatura-kaip-pazinimas\/wp-json\/wp\/v2\/pages"}],"about":[{"href":"https:\/\/konferencijos.lnb.lt\/vaiku-literatura-kaip-pazinimas\/wp-json\/wp\/v2\/types\/page"}],"author":[{"embeddable":true,"href":"https:\/\/konferencijos.lnb.lt\/vaiku-literatura-kaip-pazinimas\/wp-json\/wp\/v2\/users\/1"}],"replies":[{"embeddable":true,"href":"https:\/\/konferencijos.lnb.lt\/vaiku-literatura-kaip-pazinimas\/wp-json\/wp\/v2\/comments?post=6"}],"version-history":[{"count":16,"href":"https:\/\/konferencijos.lnb.lt\/vaiku-literatura-kaip-pazinimas\/wp-json\/wp\/v2\/pages\/6\/revisions"}],"predecessor-version":[{"id":501,"href":"https:\/\/konferencijos.lnb.lt\/vaiku-literatura-kaip-pazinimas\/wp-json\/wp\/v2\/pages\/6\/revisions\/501"}],"wp:attachment":[{"href":"https:\/\/konferencijos.lnb.lt\/vaiku-literatura-kaip-pazinimas\/wp-json\/wp\/v2\/media?parent=6"}],"curies":[{"name":"wp","href":"https:\/\/api.w.org\/{rel}","templated":true}]}}